{"id":834,"date":"2021-03-23T16:29:35","date_gmt":"2021-03-23T16:29:35","guid":{"rendered":"http:\/\/savedonderberg.laeken.brussels\/?page_id=834"},"modified":"2021-04-25T11:46:54","modified_gmt":"2021-04-25T11:46:54","slug":"presentations-hop4","status":"publish","type":"page","link":"https:\/\/savedonderberg.laeken.brussels\/index.php\/presentations-hop4\/","title":{"rendered":"Pr\u00e9sentations CC HOP4"},"content":{"rendered":"\n<p>(voir ci dessous pour les pr\u00e9sentations en pdf)<\/p>\n\n\n\n<p>Le 23 mars 2021 la Commission de Concertation a entendu les demandeurs et les objections sur le projet HOP4 et la demande de suppression des vicinaux introduite par la Ville. La r\u00e9union s&#8217;est tenue via ZOOM et a dur\u00e9 jusqu&#8217;\u00e0 14h tant la mobilisation \u00e9tait importante \u00e0 Laeken et au-del\u00e0.<\/p>\n\n\n\n<p>Diff\u00e9rentes pr\u00e9sentations sur les enjeux que repr\u00e9sentent les chemins vicinaux du Donderberg et sur le projet HOP ont \u00e9t\u00e9 faites par le Comit\u00e9 Donderberg, le Collectif savedonderberg, l&#8217;ASBL Laeken.brussels, l&#8217;ARAU et Natagora (qu&#8217;on ne pr\u00e9sente plus, tant elles ont pignon sur rue) qui toutes soulignaient<\/p>\n\n\n\n<p> le caract\u00e8re remarquable de ce site par sa biodiversit\u00e9, son histoire<\/p>\n\n\n\n<p>les opportunit\u00e9s de faire un maillage vers dans un quartier en carence d&#8217;espace verts<\/p>\n\n\n\n<p>son sol remarquable (possibilit\u00e9 d&#8217;agriculture urbaine)<\/p>\n\n\n\n<p>les manquements, quelquefois graves du projet HOP. (proc\u00e9dure, mobilit\u00e9, inondations ..)<\/p>\n\n\n\n<p><\/p>\n\n\n\n<p><strong>Pr\u00e9sentations faites \u00e0 Commission de Concertation<\/strong><\/p>\n\n\n\n<p><a href=\"http:\/\/savedonderberg.laeken.brussels\/wp-content\/uploads\/2021\/03\/presentation_LB_2021_PP.pdf\">Pr\u00e9sentation par Laeken.Brussels  <\/a>    ( y compris l&#8217;analyse : faut-il une \u00e9cole suppl\u00e9mentaire dans le quartier Houba ?)<\/p>\n\n\n\n<p><a href=\"http:\/\/savedonderberg.laeken.brussels\/wp-content\/uploads\/2021\/03\/HOP4_CC_03-2021_Comite_de_Quartier_Dondeberg.pdf\">Pr\u00e9sentation par le comit\u00e9 Donderberg<\/a> <\/p>\n\n\n\n<p><a href=\"http:\/\/savedonderberg.laeken.brussels\/wp-content\/uploads\/2021\/03\/Slides-Natagora-Donderberg.pdf\">Pr\u00e9sentation par Natagora <\/a><\/p>\n\n\n\n<p><a href=\"http:\/\/savedonderberg.laeken.brussels\/wp-content\/uploads\/2021\/03\/mobilite_HOP4_v3.pdf\">Etude de la mobilit\u00e9<\/a> par savedonderberg<\/p>\n\n\n\n<p><strong>Pr\u00e9sentations Chemins Vicinaux<\/strong><\/p>\n\n\n\n<p><a href=\"http:\/\/savedonderberg.laeken.brussels\/wp-content\/uploads\/2021\/04\/HOP4-CC-21-CQD-Vicinaux.pdf\" target=\"_blank\" rel=\"noreferrer noopener\">Pr\u00e9sentation Comit\u00e9 de Quartier Donderberg<\/a><\/p>\n\n\n\n<p><a href=\"http:\/\/savedonderberg.laeken.brussels\/wp-content\/uploads\/2021\/03\/CC_vicinaux_v1.pdf\">Pr\u00e9sentation Laeken.Brussels sur le chemins vicinaux du Donderberg <\/a><\/p>\n","protected":false},"excerpt":{"rendered":"<p>(voir ci dessous pour les pr\u00e9sentations en pdf) Le 23 mars 2021 la Commission de Concertation a entendu les demandeurs et les objections sur le projet HOP4 et la demande de suppression des vicinaux introduite par la Ville. La r\u00e9union s&#8217;est tenue via ZOOM et a dur\u00e9 jusqu&#8217;\u00e0 14h tant la mobilisation \u00e9tait importante \u00e0 &hellip; <\/p>\n<p class=\"link-more\"><a href=\"https:\/\/savedonderberg.laeken.brussels\/index.php\/presentations-hop4\/\" class=\"more-link\">Read more<span class=\"screen-reader-text\"> &#8220;Pr\u00e9sentations CC HOP4&#8221;<\/span><\/a><\/p>\n","protected":false},"author":2,"featured_media":0,"parent":0,"menu_order":0,"comment_status":"closed","ping_status":"closed","template":"","meta":{"footnotes":""},"yoast_head":"<!-- This site is optimized with the Yoast SEO plugin v15.7 - https:\/\/yoast.com\/wordpress\/plugins\/seo\/ -->\n<title>Pr\u00e9sentations CC HOP4 - Save Donderberg - Laeken<\/title>\n<meta name=\"robots\" content=\"index, follow, max-snippet:-1, max-image-preview:large, max-video-preview:-1\" \/>\n<link rel=\"canonical\" href=\"https:\/\/savedonderberg.laeken.brussels\/index.php\/presentations-hop4\/\" \/>\n<meta property=\"og:locale\" content=\"en_GB\" \/>\n<meta property=\"og:type\" content=\"article\" \/>\n<meta property=\"og:title\" content=\"Pr\u00e9sentations CC HOP4 - Save Donderberg - Laeken\" \/>\n<meta property=\"og:description\" content=\"(voir ci dessous pour les pr\u00e9sentations en pdf) Le 23 mars 2021 la Commission de Concertation a entendu les demandeurs et les objections sur le projet HOP4 et la demande de suppression des vicinaux introduite par la Ville. La r\u00e9union s&#8217;est tenue via ZOOM et a dur\u00e9 jusqu&#8217;\u00e0 14h tant la mobilisation \u00e9tait importante \u00e0 &hellip; Read more &quot;Pr\u00e9sentations CC HOP4&quot;\" \/>\n<meta property=\"og:url\" content=\"https:\/\/savedonderberg.laeken.brussels\/index.php\/presentations-hop4\/\" \/>\n<meta property=\"og:site_name\" content=\"Save Donderberg - Laeken\" \/>\n<meta property=\"article:modified_time\" content=\"2021-04-25T11:46:54+00:00\" \/>\n<meta name=\"twitter:card\" content=\"summary_large_image\" \/>\n<meta name=\"twitter:label1\" content=\"Estimated reading time\">\n\t<meta name=\"twitter:data1\" content=\"1 minute\">\n<script type=\"application\/ld+json\" class=\"yoast-schema-graph\">{\"@context\":\"https:\/\/schema.org\",\"@graph\":[{\"@type\":\"WebSite\",\"@id\":\"https:\/\/savedonderberg.laeken.brussels\/#website\",\"url\":\"https:\/\/savedonderberg.laeken.brussels\/\",\"name\":\"Save Donderberg - Laeken\",\"description\":\"Sauvons l&#039;espace vert du Donderberg \\u00e0 Laeken\",\"potentialAction\":[{\"@type\":\"SearchAction\",\"target\":\"https:\/\/savedonderberg.laeken.brussels\/?s={search_term_string}\",\"query-input\":\"required name=search_term_string\"}],\"inLanguage\":\"en-GB\"},{\"@type\":\"WebPage\",\"@id\":\"https:\/\/savedonderberg.laeken.brussels\/index.php\/presentations-hop4\/#webpage\",\"url\":\"https:\/\/savedonderberg.laeken.brussels\/index.php\/presentations-hop4\/\",\"name\":\"Pr\\u00e9sentations CC HOP4 - Save Donderberg - Laeken\",\"isPartOf\":{\"@id\":\"https:\/\/savedonderberg.laeken.brussels\/#website\"},\"datePublished\":\"2021-03-23T16:29:35+00:00\",\"dateModified\":\"2021-04-25T11:46:54+00:00\",\"inLanguage\":\"en-GB\",\"potentialAction\":[{\"@type\":\"ReadAction\",\"target\":[\"https:\/\/savedonderberg.laeken.brussels\/index.php\/presentations-hop4\/\"]}]}]}<\/script>\n<!-- \/ Yoast SEO plugin. -->","_links":{"self":[{"href":"https:\/\/savedonderberg.laeken.brussels\/index.php\/wp-json\/wp\/v2\/pages\/834"}],"collection":[{"href":"https:\/\/savedonderberg.laeken.brussels\/index.php\/wp-json\/wp\/v2\/pages"}],"about":[{"href":"https:\/\/savedonderberg.laeken.brussels\/index.php\/wp-json\/wp\/v2\/types\/page"}],"author":[{"embeddable":true,"href":"https:\/\/savedonderberg.laeken.brussels\/index.php\/wp-json\/wp\/v2\/users\/2"}],"replies":[{"embeddable":true,"href":"https:\/\/savedonderberg.laeken.brussels\/index.php\/wp-json\/wp\/v2\/comments?post=834"}],"version-history":[{"count":29,"href":"https:\/\/savedonderberg.laeken.brussels\/index.php\/wp-json\/wp\/v2\/pages\/834\/revisions"}],"predecessor-version":[{"id":1035,"href":"https:\/\/savedonderberg.laeken.brussels\/index.php\/wp-json\/wp\/v2\/pages\/834\/revisions\/1035"}],"wp:attachment":[{"href":"https:\/\/savedonderberg.laeken.brussels\/index.php\/wp-json\/wp\/v2\/media?parent=834"}],"curies":[{"name":"wp","href":"https:\/\/api.w.org\/{rel}","templated":true}]}}