{"id":69,"date":"2019-12-08T19:16:56","date_gmt":"2019-12-08T19:16:56","guid":{"rendered":"http:\/\/savedonderberg.laeken.brussels\/?page_id=69"},"modified":"2021-09-12T15:25:00","modified_gmt":"2021-09-12T15:25:00","slug":"presse","status":"publish","type":"page","link":"https:\/\/savedonderberg.laeken.brussels\/index.php\/presse\/","title":{"rendered":""},"content":{"rendered":"\n<h1 class=\"wp-block-heading\">On parle de nous :<\/h1>\n\n\n\n<h2 class=\"wp-block-heading\">Un soutien de poids sur notre compte Twitter <\/h2>\n\n\n\n<figure class=\"wp-block-image size-large is-resized\"><img fetchpriority=\"high\" decoding=\"async\" src=\"http:\/\/savedonderberg.laeken.brussels\/wp-content\/uploads\/2019\/12\/77362597_10162570660640156_1995891772265332736_n.jpg\" alt=\"\" class=\"wp-image-83\" width=\"674\" height=\"469\" srcset=\"https:\/\/savedonderberg.laeken.brussels\/wp-content\/uploads\/2019\/12\/77362597_10162570660640156_1995891772265332736_n.jpg 750w, https:\/\/savedonderberg.laeken.brussels\/wp-content\/uploads\/2019\/12\/77362597_10162570660640156_1995891772265332736_n-300x209.jpg 300w\" sizes=\"(max-width: 674px) 100vw, 674px\" \/><\/figure>\n\n\n\n<h1 class=\"wp-block-heading\">Revue de presse<\/h1>\n\n\n\n<p>A l&#8217;heure du plan Canop\u00e9e de la Ville de Bruxelles, de l&#8217;urgence climatique et de la crise sanitaire, la presse couvre ce projet qui appara\u00eet comme une aberration<\/p>\n\n\n\n<h2 class=\"wp-block-heading\"><strong><span class=\"has-inline-color has-vivid-green-cyan-color\">2021<\/span><\/strong><\/h2>\n\n\n\n<p><a href=\"https:\/\/www.dhnet.be\/regions\/bruxelles\/laeken-save-donderberg-ne-compte-pas-se-laisser-ravir-les-chemins-vicinaux-et-organise-une-action-ce-samedi-60d2f6599978e26ce1ab73af\" target=\"_blank\" rel=\"noreferrer noopener\">Laeken : Save Donderberg &#8220;ne compte pas se laisser ravir les chemins vicinaux&#8221; et organise une action ce samedi<\/a>, (Derni\u00e8re Heure, 23\/06\/2021)<\/p>\n\n\n\n<p><a href=\"https:\/\/bx1.be\/communes\/bruxelles-ville\/projet-du-donderberg-la-commission-de-concertation-donne-son-feu-vert-sous-conditions\/\" target=\"_blank\" rel=\"noreferrer noopener\">Projet du Donderberg : la commission de concertation donne son fau vert sous conditions<\/a>, (BX1, 14\/04\/2021)<\/p>\n\n\n\n<p><a href=\"https:\/\/bx1.be\/categories\/news\/versus-friches-naturelles-vs-logements-et-equipements-dilemme\/\" target=\"_blank\" rel=\"noreferrer noopener\">Friches naturelles VS Logements &amp; \u00e9quipements : dilemme ?<\/a> (BX1, 31\/03\/2021)<\/p>\n\n\n\n<p><a href=\"https:\/\/www.dhnet.be\/regions\/bruxelles\/nouvelle-ecole-au-donderberg-nous-ne-sommes-pas-des-nimby-retorquent-les-riverains-suite-aux-accusation-de-philippe-close-605b160d9978e2410fe0c0c3\" target=\"_blank\" rel=\"noreferrer noopener\">Nouvelle \u00e9cole au Donderberg : &#8220;Nous ne sommes pas des Nimby&#8221; retorquent les riverains suite aux accusations de Philippe Close<\/a>, (Derni\u00e8re Heure, 25\/03\/2021)<\/p>\n\n\n\n<p><a href=\"https:\/\/bx1.be\/communes\/bruxelles-ville\/projet-immobilier-a-laeken-les-comites-de-quartier-veulent-conserver-lespace-vert-du-donderberg\/\" target=\"_blank\" rel=\"noreferrer noopener\">Projet immobilier \u00e0 Laeken : les comit\u00e9s de quartier veulent conserver l&#8217;espace vert du Donderberg<\/a> (BX1, 9\/3\/2021)<\/p>\n\n\n\n<p><a href=\"https:\/\/www.dhnet.be\/regions\/bruxelles\/laeken-face-a-un-projet-immobilier-sur-le-donderberg-les-comites-de-quartier-disent-ouvrons-cet-espace-vert-aux-bruxellois-hop4-60460d117b50a62acfd63c4c\">Laeken : Face \u00e0 un projet immobilier sur le Donderberg, les comit\u00e9s de quartier proposent d&#8217;ouvrir cet espace vert aux Bruxellois<\/a> (Derni\u00e8re Heure, 8\/3\/2021)<\/p>\n\n\n\n<p><a href=\"https:\/\/lacapitale.sudinfo.be\/art\/d-20210225-GLG2AL?referer=%2Farchives%2Frecherche%3Fdatefilter%3Dlastyear%26sort%3Ddate%2520desc%26word%3DDonderberg\" target=\"_blank\" rel=\"noreferrer noopener\">Laeken : &#8220;Pr\u00e9servez le site naturel du Donderberg&#8221; disent 6500 personnes<\/a> ( La Capitale, 26\/2\/2021)<\/p>\n\n\n\n<p><a href=\"https:\/\/www.rtbf.be\/info\/regions\/bruxelles\/detail_fin-de-l-enquete-publique-sur-la-4eme-mouture-du-projet-hop-au-donderberg?id=10705190\" target=\"_blank\" rel=\"noreferrer noopener\">Fin de l&#8217;enqu\u00eate publique sur la 4\u00e8me mouture du projet Hop au Donderberg <\/a>(RTBF, 24\/2\/2021)<\/p>\n\n\n\n<p><a href=\"https:\/\/www.bruzz.be\/milieu\/buurt-wil-geen-school-op-groene-donderberg-2021-03-02\" target=\"_blank\" rel=\"noreferrer noopener\">Buurt wil geen school op groene Donderberg | BRUZZ<\/a> 2\/3\/2021<\/p>\n\n\n\n<h2 class=\"wp-block-heading\"><strong><span class=\"has-inline-color has-vivid-green-cyan-color\">2020<\/span><\/strong><\/h2>\n\n\n\n<p><a href=\"https:\/\/lacapitale.sudinfo.be\/600981\/article\/2020-07-13\/les-serres-du-stuyvenberg-bientot-renovees-laeken\" target=\"_blank\" rel=\"noreferrer noopener\">Les serres du Stuybenberg bient\u00f4t r\u00e9nov\u00e9es \u00e0 Laeken<\/a>  (La Capitale, 13\/7\/2020)<\/p>\n\n\n\n<p><span class=\"has-inline-color has-black-color\"><a href=\"https:\/\/www.bruzz.be\/stedenbouw\/ans-persoons-solidariteit-heeft-weer-een-positieve-connotatie-gekregen-2020-04-29\" target=\"_blank\" rel=\"noreferrer noopener\">Ans Persoons: \u2018Solidariteit heeft weer een positieve connotatie gekregen\u2019<\/a><\/span> (Bruzz, 29\/4\/2020)<\/p>\n\n\n\n<p><a href=\"https:\/\/www.mammouth.media\/le-donderberg-un-poumon-vert-menace\/\" target=\"_blank\" rel=\"noreferrer noopener\">Le Donderberg, un poumon vert menac\u00e9<\/a> (Mammouth, 6\/4\/2020)<\/p>\n\n\n\n<p><a href=\"https:\/\/plus.lesoir.be\/285661\/article\/2020-03-09\/brux-ils-brux-elles-les-citoyens-reclament-leur-place-dans-la-ville?referer=%2Farchives%2Frecherche%3Fdatefilter%3Dlast10year%26sort%3Dweight%26word%3DDonderberg%2520Laeken\" target=\"_blank\" rel=\"noreferrer noopener\">Brux-ils, Brux-elles : les citoyens r\u00e9clament leur place dans la ville<\/a> (Le Soir, 09\/3\/2020)<\/p>\n\n\n\n<p><a href=\"https:\/\/www.bruzz.be\/samenleving\/krakers-palmen-oude-muziekacademie-laken-2020-03-04\" target=\"_blank\" rel=\"noreferrer noopener\">Krakers palmen oude muzielakademie in Laken in<\/a> (Bruzz, 4\/3\/2020)<\/p>\n\n\n\n<p><a href=\"https:\/\/soirmag.lesoir.be\/284300\/article\/2020-03-04\/bruxelles-ta-verdure-fout-le-camp\" target=\"_blank\" rel=\"noreferrer noopener\">Bruxelles, ta verdure fout le camp<\/a> (Le Soir, 4\/3\/2020)<\/p>\n\n\n\n<p><a href=\"https:\/\/bx1.be\/communes\/bruxelles-ville\/laeken-la-commission-de-concertation-demande-des-modifications-au-projet-prevu-au-donderberg\/\" target=\"_blank\" rel=\"noreferrer noopener\">Laeken : la commission de concertation demande des modifications au projet pr\u00e9vu au Donderberg<\/a> (BX1, 3\/3\/2020)<\/p>\n\n\n\n<p><a href=\"https:\/\/www.bruzz.be\/stedenbouw\/stad-schrapt-woningen-maar-behoudt-school-op-donderberg-2020-03-03\" target=\"_blank\" rel=\"noreferrer noopener\">Stad schrapt woningen maar behoudt school op Donderberg<\/a> (Bruzz, 3\/3\/2020)<\/p>\n\n\n\n<p><a href=\"https:\/\/www.bruzz.be\/milieu\/groen-maar-hoe-lang-nog-negen-bedreigde-plekken-brussel-2020-02-19\" target=\"_blank\" rel=\"noreferrer noopener\">Groen, maar hoe lang nog? Negen bedreigde plekken in Brussel<\/a> (Bruzz, 19\/2\/2020)<\/p>\n\n\n\n<p><span class=\"has-inline-color has-black-color\"><a href=\"https:\/\/www.bruzz.be\/milieu\/brussel-versteent-en-snakt-naar-groen-2020-02-19\" target=\"_blank\" rel=\"noreferrer noopener\">Brussel versteent en snakt naar groen<\/a><\/span> (Bruzz, 19\/2\/2020)<\/p>\n\n\n\n<p><a href=\"https:\/\/www.bruzz.be\/opinie\/edito-geef-de-brusselaar-groen-en-ruimte-2020-02-19\" target=\"_blank\" rel=\"noreferrer noopener\">Edito : Geef de Brusselaar groen en ruimte<\/a> (Bruzz, 19\/2\/2020)<\/p>\n\n\n\n<h2 class=\"wp-block-heading\"><strong><span class=\"has-inline-color has-vivid-green-cyan-color\">2019<\/span><\/strong><\/h2>\n\n\n\n<p><a aria-label=\"LE SOIR :  Bruxelles: combat urbain au Donderberg, les riverains inquiets (opens in a new tab)\" href=\"https:\/\/plus.lesoir.be\/266098\/article\/2019-12-10\/bruxelles-combat-urbain-au-donderberg-les-riverains-inquiets?fbclid=IwAR0GrnRwZLVb8ym__5i1DNA9vKX3UWtF81N6E0D64LV55d06os2wmk_4M50\" target=\"_blank\" rel=\"noreferrer noopener\">Bruxelles: combat urbain au Donderberg, les riverains inquiets<\/a> (Le Soir, 10\/12\/2019)<\/p>\n\n\n\n<p><a aria-label=\"L'AVENIR : \u00abCertains arbres ont \u00e9t\u00e9 plant\u00e9s sous L\u00e9opold  II\u00bb: les riverains exigent un destin royal pour \u00able poumon vert\u00bb du  Donderberg \u00e0 Laeken  (opens in a new tab)\" href=\"https:\/\/www.lavenir.net\/cnt\/dmf20191209_01417898\/certains-arbres-ont-ete-plantes-sous-leopold-ii-les-riverains-exigent-un-destin-royal-pour-le-poumon-vert-du-donderberg-a-laeken?fbclid=IwAR0QSwp9Kx-RgoVcODI3QQ0U37itBjBfGeZel_-Qg6uk3y0qO0khEzEqA54\" target=\"_blank\" rel=\"noreferrer noopener\">\u00abCertains arbres ont \u00e9t\u00e9 plant\u00e9s sous L\u00e9opold  II\u00bb: les riverains exigent un destin royal pour \u00able poumon vert\u00bb du  Donderberg \u00e0 Laeken <\/a> (<a href=\"https:\/\/www.lavenir.net\/cnt\/dmf20191209_01417898\/certains-arbres-ont-ete-plantes-sous-leopold-ii-les-riverains-exigent-un-destin-royal-pour-le-poumon-vert-du-donderberg-a-laeken?fbclid=IwAR0QSwp9Kx-RgoVcODI3QQ0U37itBjBfGeZel_-Qg6uk3y0qO0khEzEqA54\">L&#8217;A<\/a>venir, 9\/12\/2019)<\/p>\n\n\n\n<p><a href=\"https:\/\/www.rtbf.be\/info\/regions\/bruxelles\/detail_bruxelles-60-jours-pour-rendre-un-avis-concernant-le-projet-immobilier-donderberg?id=10381513&amp;fbclid=IwAR3bcNB_mUf0NrjPGb2aQjIbN9OFhU2nMuJutgM2AFiN7nacb_YGoY-5hko\">Laeken: un projet immobilier sur le Donderberg suscite la pol\u00e9mique<\/a> (RTBF, 5\/12\/2019)<\/p>\n\n\n\n<p><a href=\"https:\/\/www.bruzz.be\/videoreeks\/woensdag-4-december-2019\/video-buurtcomite-donderberg-willen-hier-park-plaats-van\" target=\"_blank\" rel=\"noreferrer noopener\">Buurtcomite Donderderberg: &#8216;Willen hier park in plaats van gebouwen&#8217;<\/a> (Bruzz, 4\/12\/2019)<\/p>\n\n\n\n<p><a href=\"https:\/\/www.bruzz.be\/videoreeks\/woensdag-4-december-2019\/video-persoons-over-bouwproject-lakense-donderberg-moeten-trouw\" target=\"_blank\" rel=\"noreferrer noopener\">Persoons over bouwproject Lakense Donderberg: &#8216;Moeten trouw blijven aan onze principes&#8217;<\/a> (Bruzz, 4\/12\/2019)<\/p>\n\n\n\n<p><a aria-label=\"BRUZZ :  Buurt Donderberg zet zich schrap tegen bouwplannen (opens in a new tab)\" href=\"https:\/\/www.bruzz.be\/stedenbouw\/buurt-donderberg-zet-zich-schrap-tegen-bouwplannen-2019-12-03?fbclid=IwAR2Mni8zhYqsTdjJB9hjVKbm0z80OvxJhV3_1OtlFrqHgrEyDlxsoryu644\" target=\"_blank\" rel=\"noreferrer noopener\">Buurt Donderberg zet zich schrap tegen bouwplannen<\/a> (Bruzz, 3\/12\/2019)<\/p>\n\n\n\n<p><a href=\"https:\/\/bx1.be\/communes\/bruxelles-ville\/laeken-les-riverains-sopposent-a-un-projet-immobilier-au-donderberg\/\">Laeken : les riverains s\u2019opposent \u00e0 un projet immobilier au Donderberg<\/a> (BX1, 25\/11\/2019)<\/p>\n\n\n\n<p><a href=\"Donderberg mobilis\u00e9 contre le m\u00e9ga projet de la Ville\" target=\"_blank\" rel=\"noreferrer noopener\">Laeken: Donderberg mobilis\u00e9 contre le m\u00e9ga projet de la Ville<\/a> (La nouvelles Gazette, 22\/11\/2019) <\/p>\n\n\n\n<h2 class=\"wp-block-heading\"><strong><span class=\"has-inline-color has-vivid-green-cyan-color\">2018<\/span><\/strong><\/h2>\n\n\n\n<p><a href=\"https:\/\/www.bruzz.be\/stedenbouw\/winkelcentrum-neo-pure-speculatie-2018-03-07\" target=\"_blank\" rel=\"noreferrer noopener\">&#8220;Winkelcentrum Neo is pure speculatie&#8221;<\/a> (Bruzz, 7\/3\/2018)<\/p>\n\n\n\n<h2 class=\"wp-block-heading\"><strong><span class=\"has-inline-color has-vivid-green-cyan-color\">2017<\/span><\/strong><\/h2>\n\n\n\n<p><a href=\"https:\/\/bx1.be\/categories\/news\/laeken-avis-favorable-pour-le-projet-hop-les-riverains-mecontents\/\" target=\"_blank\" rel=\"noreferrer noopener\">Laeken : avis favorable pour le projet HOP, les riverains m\u00e9contents<\/a> (BX1, 13\/6\/2017)<\/p>\n\n\n\n<p><\/p>\n\n\n\n<h2 class=\"wp-block-heading\"><strong><span class=\"has-inline-color has-vivid-green-cyan-color\">2016<\/span><\/strong><\/h2>\n\n\n\n<p><a href=\"https:\/\/www.bruzz.be\/samenleving\/petitie-eist-dat-er-op-neo-site-nieuwe-scholen-komen-2016-08-04\" target=\"_blank\" rel=\"noreferrer noopener\">Petitie eist dat er op NEO-site nieuwe scholen komen<\/a> (Bruzz, 4 \/8\/2016)<\/p>\n\n\n\n<p><a href=\"https:\/\/www.lalibre.be\/debats\/ripostes\/les-espaces-verts-des-villes-sont-ils-en-danger-57504f9335708ea2d617a4c1\" target=\"_blank\" rel=\"noreferrer noopener\">Les espaces verts des villes sont-ils en danger <\/a> (La Libre Belgique, 3\/6\/2016)<\/p>\n\n\n\n<p><a href=\"https:\/\/www.bruzz.be\/samenleving\/kook-eens-met-wilde-planten-laken-2016-05-10\" target=\"_blank\" rel=\"noreferrer noopener\">Kook eens met wilde planten in Laken<\/a> (Bruzz, 10\/5\/2016)<\/p>\n\n\n\n<p><a href=\"https:\/\/www.bruzz.be\/samenleving\/voor-en-tegen-de-donderberg-2016-04-22\" target=\"_blank\" rel=\"noreferrer noopener\">Voor en Tegen: de Dondeberg<\/a> (Bruzz, 22\/4\/2016)<\/p>\n\n\n\n<p><a href=\"https:\/\/plus.lesoir.be\/art\/d-20160410-G728PP?referer=%2Farchives%2Frecherche%3Fdatefilter%3Dlast10year%26sort%3Dweight%26word%3DDonderberg%2520Laeken\" target=\"_blank\" rel=\"noreferrer noopener\">Un sacrifice contest\u00e9 de 2,5 hectares d&#8217;espaces verts<\/a> (Le Soir, 11\/4\/2016)<\/p>\n\n\n\n<h2 class=\"wp-block-heading\"><strong><span class=\"has-inline-color has-vivid-green-cyan-color\">2015<\/span><\/strong><\/h2>\n\n\n\n<p><a href=\"https:\/\/www.bruzz.be\/samenleving\/lakense-donderberg-een-grote-school-en-woningen-dat-te-veel-2015-02-25\" target=\"_blank\" rel=\"noreferrer noopener\">Lakense Donderberg: \u2018Een grote school \u00e9n woningen, dat is te veel\u2019 <\/a> (Bruzz, 25\/2\/2015)<\/p>\n\n\n\n<h2 class=\"wp-block-heading\"><strong><span class=\"has-inline-color has-vivid-green-cyan-color\">2014<\/span><\/strong><\/h2>\n\n\n\n<p><a href=\"https:\/\/www.lalibre.be\/regions\/bruxelles\/4-700-nouvelles-places-d-ecole-5307d0bb35709867e40453c5\" target=\"_blank\" rel=\"noreferrer noopener\">4700 nouvelles places d&#8217;\u00e9cole<\/a> (La Libre Belgique, 21\/2\/2014)<\/p>\n\n\n\n<h2 class=\"wp-block-heading\"><strong><span class=\"has-inline-color has-vivid-green-cyan-color\">2013<\/span><\/strong><\/h2>\n\n\n\n<p><a href=\"http:\/\/Stad lanceert aanbesteding voor school en woningen in Laken\" target=\"_blank\" rel=\"noreferrer noopener\">Stad lanceert aanbesteding voor school en woningen in Laken <\/a> (Bruzz, 30\/5\/2013)<\/p>\n\n\n\n<h2 class=\"wp-block-heading\"><strong><span class=\"has-inline-color has-vivid-green-cyan-color\">2012<\/span><\/strong><\/h2>\n\n\n\n<p><a href=\"https:\/\/www.bruzz.be\/samenleving\/buurtcomite-ongerust-over-plannen-derde-school-donderbergwijk-2012-01-27\" target=\"_blank\" rel=\"noreferrer noopener\">Buurtcomit\u00e9 ongerust over plannen derde school in Donderbergwijk<\/a> (Bruzz, 27\/1\/2012)<\/p>\n\n\n\n<p><\/p>\n","protected":false},"excerpt":{"rendered":"<p>On parle de nous : Un soutien de poids sur notre compte Twitter Revue de presse A l&#8217;heure du plan Canop\u00e9e de la Ville de Bruxelles, de l&#8217;urgence climatique et de la crise sanitaire, la presse couvre ce projet qui appara\u00eet comme une aberration 2021 Laeken : Save Donderberg &#8220;ne compte pas se laisser ravir &hellip; <\/p>\n<p class=\"link-more\"><a href=\"https:\/\/savedonderberg.laeken.brussels\/index.php\/presse\/\" class=\"more-link\">Read more<span class=\"screen-reader-text\"> &#8220;&#8221;<\/span><\/a><\/p>\n","protected":false},"author":1,"featured_media":0,"parent":0,"menu_order":0,"comment_status":"closed","ping_status":"closed","template":"","meta":{"footnotes":""},"yoast_head":"<!-- This site is optimized with the Yoast SEO plugin v15.7 - https:\/\/yoast.com\/wordpress\/plugins\/seo\/ -->\n<title>- Save Donderberg - Laeken<\/title>\n<meta name=\"robots\" content=\"index, follow, max-snippet:-1, max-image-preview:large, max-video-preview:-1\" \/>\n<link rel=\"canonical\" href=\"https:\/\/savedonderberg.laeken.brussels\/index.php\/presse\/\" \/>\n<meta property=\"og:locale\" content=\"en_GB\" \/>\n<meta property=\"og:type\" content=\"article\" \/>\n<meta property=\"og:title\" content=\"- Save Donderberg - Laeken\" \/>\n<meta property=\"og:description\" content=\"On parle de nous : Un soutien de poids sur notre compte Twitter Revue de presse A l&#8217;heure du plan Canop\u00e9e de la Ville de Bruxelles, de l&#8217;urgence climatique et de la crise sanitaire, la presse couvre ce projet qui appara\u00eet comme une aberration 2021 Laeken : Save Donderberg &#8220;ne compte pas se laisser ravir &hellip; Read more &quot;&quot;\" \/>\n<meta property=\"og:url\" content=\"https:\/\/savedonderberg.laeken.brussels\/index.php\/presse\/\" \/>\n<meta property=\"og:site_name\" content=\"Save Donderberg - Laeken\" \/>\n<meta property=\"article:modified_time\" content=\"2021-09-12T15:25:00+00:00\" \/>\n<meta property=\"og:image\" content=\"http:\/\/savedonderberg.laeken.brussels\/wp-content\/uploads\/2019\/12\/77362597_10162570660640156_1995891772265332736_n.jpg\" \/>\n<meta name=\"twitter:card\" content=\"summary_large_image\" \/>\n<meta name=\"twitter:label1\" content=\"Estimated reading time\">\n\t<meta name=\"twitter:data1\" content=\"3 minutes\">\n<script type=\"application\/ld+json\" class=\"yoast-schema-graph\">{\"@context\":\"https:\/\/schema.org\",\"@graph\":[{\"@type\":\"WebSite\",\"@id\":\"https:\/\/savedonderberg.laeken.brussels\/#website\",\"url\":\"https:\/\/savedonderberg.laeken.brussels\/\",\"name\":\"Save Donderberg - Laeken\",\"description\":\"Sauvons l&#039;espace vert du Donderberg \\u00e0 Laeken\",\"potentialAction\":[{\"@type\":\"SearchAction\",\"target\":\"https:\/\/savedonderberg.laeken.brussels\/?s={search_term_string}\",\"query-input\":\"required name=search_term_string\"}],\"inLanguage\":\"en-GB\"},{\"@type\":\"ImageObject\",\"@id\":\"https:\/\/savedonderberg.laeken.brussels\/index.php\/presse\/#primaryimage\",\"inLanguage\":\"en-GB\",\"url\":\"http:\/\/savedonderberg.laeken.brussels\/wp-content\/uploads\/2019\/12\/77362597_10162570660640156_1995891772265332736_n.jpg\"},{\"@type\":\"WebPage\",\"@id\":\"https:\/\/savedonderberg.laeken.brussels\/index.php\/presse\/#webpage\",\"url\":\"https:\/\/savedonderberg.laeken.brussels\/index.php\/presse\/\",\"name\":\"- Save Donderberg - Laeken\",\"isPartOf\":{\"@id\":\"https:\/\/savedonderberg.laeken.brussels\/#website\"},\"primaryImageOfPage\":{\"@id\":\"https:\/\/savedonderberg.laeken.brussels\/index.php\/presse\/#primaryimage\"},\"datePublished\":\"2019-12-08T19:16:56+00:00\",\"dateModified\":\"2021-09-12T15:25:00+00:00\",\"inLanguage\":\"en-GB\",\"potentialAction\":[{\"@type\":\"ReadAction\",\"target\":[\"https:\/\/savedonderberg.laeken.brussels\/index.php\/presse\/\"]}]}]}<\/script>\n<!-- \/ Yoast SEO plugin. -->","_links":{"self":[{"href":"https:\/\/savedonderberg.laeken.brussels\/index.php\/wp-json\/wp\/v2\/pages\/69"}],"collection":[{"href":"https:\/\/savedonderberg.laeken.brussels\/index.php\/wp-json\/wp\/v2\/pages"}],"about":[{"href":"https:\/\/savedonderberg.laeken.brussels\/index.php\/wp-json\/wp\/v2\/types\/page"}],"author":[{"embeddable":true,"href":"https:\/\/savedonderberg.laeken.brussels\/index.php\/wp-json\/wp\/v2\/users\/1"}],"replies":[{"embeddable":true,"href":"https:\/\/savedonderberg.laeken.brussels\/index.php\/wp-json\/wp\/v2\/comments?post=69"}],"version-history":[{"count":31,"href":"https:\/\/savedonderberg.laeken.brussels\/index.php\/wp-json\/wp\/v2\/pages\/69\/revisions"}],"predecessor-version":[{"id":1069,"href":"https:\/\/savedonderberg.laeken.brussels\/index.php\/wp-json\/wp\/v2\/pages\/69\/revisions\/1069"}],"wp:attachment":[{"href":"https:\/\/savedonderberg.laeken.brussels\/index.php\/wp-json\/wp\/v2\/media?parent=69"}],"curies":[{"name":"wp","href":"https:\/\/api.w.org\/{rel}","templated":true}]}}