{"id":453,"date":"2021-02-06T15:33:10","date_gmt":"2021-02-06T15:33:10","guid":{"rendered":"http:\/\/savedonderberg.laeken.brussels\/?page_id=453"},"modified":"2021-02-06T17:17:07","modified_gmt":"2021-02-06T17:17:07","slug":"communique-de-presse-juillet-2020","status":"publish","type":"page","link":"https:\/\/savedonderberg.laeken.brussels\/index.php\/communique-de-presse-juillet-2020\/","title":{"rendered":"Communiqu\u00e9 de presse du 13 juillet 2020"},"content":{"rendered":"\n<p><strong>Laeken.Brussels veut d\u00e9confiner le Donderberg et offrir un espace vert aux habitants du quartier<\/strong><\/p>\n\n\n\n<p>Le 3 mars 2020, la commission de concertation a rendu son avis au terme de l\u2019enqu\u00eate portant sur la demande de permis mixte du projet dit HOP3,avis favorable, n\u00e9anmoins assorti de nombreuses conditions. <strong>La construction des 49 logements et du parking souterrain pr\u00e9vus \u00e0 l\u2019origine sont d\u00e9clar\u00e9s ind\u00e9sirables sur le site m\u00eame<\/strong>. <strong>L&#8217;\u00e9cole de 672 places est en revanche maintenue mais son emplacement doit \u00eatre \u00abam\u00e9lior\u00e9\u00bb, en pr\u00e9servant au maximum les arbres. <\/strong>Vu l\u2019ampleur des modifications une nouvelle commission de concertation devra avoir lieu pour le nouveau projet \u00e0 venir \u00abHOP4\u00bb.<\/p>\n\n\n\n<p>Du point de vue des habitants, le rejet des logements et du parking constitue une avanc\u00e9e notable, \u00e0 mettre sur le compte de la prise de conscience \u00e9cologique et de la pression exerc\u00e9e par les citoyens et les signataires de leur p\u00e9tition. Cependant, ils ne se consid\u00e8rent pas comme satisfaits \u00e0 ce stade, vu qu&#8217;ils ne <strong>r\u00e9clament pas moins qu&#8217;une modification du PRAS et l\u2019affectation du Donderberg en zone naturelle<\/strong> : site \u00e0 haute valeur patrimoniale et naturelle, le Donderberg doit \u00eatre prot\u00e9g\u00e9 et rendu au quartier, d&#8217;une mani\u00e8re ou d&#8217;une autre.<\/p>\n\n\n\n<p>Dans l&#8217;imm\u00e9diat, alors que tant de Bruxellois ont renonc\u00e9 de gr\u00e9 ou de force \u00e0 leurs vacances \u00e0 l&#8217;\u00e9tranger ou &#8220;au pays&#8221;, la R\u00e9gion et la Ville ont multipli\u00e9 les initiatives pour cr\u00e9er des espaces verts, des occupations provisoires, des pop-ups et &#8220;zones de rencontre&#8221;, sur propositions d&#8217;ASBL et de comit\u00e9s de quartier notamment. <strong>R\u00e9agissant \u00e0 l\u2019appel lanc\u00e9, <\/strong><strong>Laeken.Brussels <\/strong><strong>r\u00e9pond \u00abpr\u00e9sent\u00bb et souhaite ouvrir le site aux habitants <\/strong>: avec la crise sanitaire et le confinement, tous ont ressenti l\u2019importance pour la sant\u00e9 &#8211; y compris mentale &#8211; d\u2019avoir des espaces verts de proximit\u00e9. La proposition concerne l&#8217;<strong>ouverture aux pi\u00e9tons de la route utilis\u00e9e par Bruxelles-Environnement, afin de permettre un acc\u00e8s plus facile au Jardin du Fleuriste aux habitants du quartier Bockstael<\/strong>. Cette route &#8211; situ\u00e9e \u00e0 l&#8217;est du site, en vis-\u00e0-vis de la rue Draps-Dom et du square Prince Charles &#8211; m\u00e8ne aux installations de Bruxelles-Environnement en contrebas du Jardin du fleuriste. Cette ouverture est pr\u00e9vue dans le cadre du projet de r\u00e9novation des serres, qui devrait s&#8217;achever en 2021, mais la seule all\u00e9e plant\u00e9e fournit d&#8217;ores et d\u00e9j\u00e0 une belle promenade. Donner officiellement acc\u00e8s \u00e0 tous les habitants durant les heures d&#8217;ouverture de Bruxelles-Environnement ne demanderait qu&#8217;un peu de vigilance aux conducteurs de v\u00e9hicules empruntant l&#8217;all\u00e9e pour effectuer leurs t\u00e2ches.<\/p>\n\n\n\n<p>L&#8217;\u00eelot de fra\u00eecheur que repr\u00e9sente ce site est d&#8217;un grand secours en temps de canicule. Il n&#8217;est pas juste de ne pas laisser en disposer les habitants de ce quartier dens\u00e9ment peupl\u00e9. Nombre de maisons unifamiliales ayant \u00e9t\u00e9 transform\u00e9es en appartements, de nombreux habitants ne disposent m\u00eame pas d&#8217;un petit jardin.<\/p>\n\n\n\n<p>De mani\u00e8re \u00e0 d\u00e9senclaver le site et \u00e0 l\u2019ouvrir au quartier et \u00e0 ses habitants, nous demandons en outre \u00e0 la Ville d\u2019<strong>\u00e9tudier en concertation avec les riverains les modalit\u00e9s d&#8217;une revalorisation des vicinaux traversant le site, notamment le chemin vicinal sud<\/strong> &#8211; en vis-\u00e0-vis de la rue des Chrysanth\u00e8mes &#8211; actuellement ferm\u00e9 par un portail rue des Horticulteurs.<\/p>\n\n\n\n<p>Pour finir, les habitants souhaitent organiser un<strong> pique-nique et une cueillette des m\u00fbres sur le Donderberg le dernier dimanche du mois d&#8217;ao\u00fbt&nbsp;:<\/strong> la traditionnelle &#8220;f\u00eate des voisins&#8221; n&#8217;ayant pas eu lieu pour les raisons que l&#8217;on sait (covid-19), l&#8217;id\u00e9e d&#8217;ouvrir ce grand site permettrait de r\u00e9unir &#8220;les voisins du Donderberg&#8221; juste avant la rentr\u00e9e, tout en assurant le maintien des distances physiques, tellement importantes pour \u00e9viter un recrudescence de l&#8217;\u00e9pid\u00e9mie. Laeken.Brussels soutient cette initiative.<\/p>\n","protected":false},"excerpt":{"rendered":"<p>Laeken.Brussels veut d\u00e9confiner le Donderberg et offrir un espace vert aux habitants du quartier Le 3 mars 2020, la commission de concertation a rendu son avis au terme de l\u2019enqu\u00eate portant sur la demande de permis mixte du projet dit HOP3,avis favorable, n\u00e9anmoins assorti de nombreuses conditions. La construction des 49 logements et du parking &hellip; <\/p>\n<p class=\"link-more\"><a href=\"https:\/\/savedonderberg.laeken.brussels\/index.php\/communique-de-presse-juillet-2020\/\" class=\"more-link\">Read more<span class=\"screen-reader-text\"> &#8220;Communiqu\u00e9 de presse du 13 juillet 2020&#8221;<\/span><\/a><\/p>\n","protected":false},"author":6,"featured_media":0,"parent":0,"menu_order":0,"comment_status":"closed","ping_status":"closed","template":"","meta":{"footnotes":""},"yoast_head":"<!-- This site is optimized with the Yoast SEO plugin v15.7 - https:\/\/yoast.com\/wordpress\/plugins\/seo\/ -->\n<title>Communiqu\u00e9 de presse du 13 juillet 2020 - Save Donderberg - Laeken<\/title>\n<meta name=\"robots\" content=\"index, follow, max-snippet:-1, max-image-preview:large, max-video-preview:-1\" \/>\n<link rel=\"canonical\" href=\"https:\/\/savedonderberg.laeken.brussels\/index.php\/communique-de-presse-juillet-2020\/\" \/>\n<meta property=\"og:locale\" content=\"en_GB\" \/>\n<meta property=\"og:type\" content=\"article\" \/>\n<meta property=\"og:title\" content=\"Communiqu\u00e9 de presse du 13 juillet 2020 - Save Donderberg - Laeken\" \/>\n<meta property=\"og:description\" content=\"Laeken.Brussels veut d\u00e9confiner le Donderberg et offrir un espace vert aux habitants du quartier Le 3 mars 2020, la commission de concertation a rendu son avis au terme de l\u2019enqu\u00eate portant sur la demande de permis mixte du projet dit HOP3,avis favorable, n\u00e9anmoins assorti de nombreuses conditions. La construction des 49 logements et du parking &hellip; Read more &quot;Communiqu\u00e9 de presse du 13 juillet 2020&quot;\" \/>\n<meta property=\"og:url\" content=\"https:\/\/savedonderberg.laeken.brussels\/index.php\/communique-de-presse-juillet-2020\/\" \/>\n<meta property=\"og:site_name\" content=\"Save Donderberg - Laeken\" \/>\n<meta property=\"article:modified_time\" content=\"2021-02-06T17:17:07+00:00\" \/>\n<meta name=\"twitter:card\" content=\"summary_large_image\" \/>\n<meta name=\"twitter:label1\" content=\"Estimated reading time\">\n\t<meta name=\"twitter:data1\" content=\"3 minutes\">\n<script type=\"application\/ld+json\" class=\"yoast-schema-graph\">{\"@context\":\"https:\/\/schema.org\",\"@graph\":[{\"@type\":\"WebSite\",\"@id\":\"https:\/\/savedonderberg.laeken.brussels\/#website\",\"url\":\"https:\/\/savedonderberg.laeken.brussels\/\",\"name\":\"Save Donderberg - Laeken\",\"description\":\"Sauvons l&#039;espace vert du Donderberg \\u00e0 Laeken\",\"potentialAction\":[{\"@type\":\"SearchAction\",\"target\":\"https:\/\/savedonderberg.laeken.brussels\/?s={search_term_string}\",\"query-input\":\"required name=search_term_string\"}],\"inLanguage\":\"en-GB\"},{\"@type\":\"WebPage\",\"@id\":\"https:\/\/savedonderberg.laeken.brussels\/index.php\/communique-de-presse-juillet-2020\/#webpage\",\"url\":\"https:\/\/savedonderberg.laeken.brussels\/index.php\/communique-de-presse-juillet-2020\/\",\"name\":\"Communiqu\\u00e9 de presse du 13 juillet 2020 - Save Donderberg - Laeken\",\"isPartOf\":{\"@id\":\"https:\/\/savedonderberg.laeken.brussels\/#website\"},\"datePublished\":\"2021-02-06T15:33:10+00:00\",\"dateModified\":\"2021-02-06T17:17:07+00:00\",\"inLanguage\":\"en-GB\",\"potentialAction\":[{\"@type\":\"ReadAction\",\"target\":[\"https:\/\/savedonderberg.laeken.brussels\/index.php\/communique-de-presse-juillet-2020\/\"]}]}]}<\/script>\n<!-- \/ Yoast SEO plugin. -->","_links":{"self":[{"href":"https:\/\/savedonderberg.laeken.brussels\/index.php\/wp-json\/wp\/v2\/pages\/453"}],"collection":[{"href":"https:\/\/savedonderberg.laeken.brussels\/index.php\/wp-json\/wp\/v2\/pages"}],"about":[{"href":"https:\/\/savedonderberg.laeken.brussels\/index.php\/wp-json\/wp\/v2\/types\/page"}],"author":[{"embeddable":true,"href":"https:\/\/savedonderberg.laeken.brussels\/index.php\/wp-json\/wp\/v2\/users\/6"}],"replies":[{"embeddable":true,"href":"https:\/\/savedonderberg.laeken.brussels\/index.php\/wp-json\/wp\/v2\/comments?post=453"}],"version-history":[{"count":2,"href":"https:\/\/savedonderberg.laeken.brussels\/index.php\/wp-json\/wp\/v2\/pages\/453\/revisions"}],"predecessor-version":[{"id":467,"href":"https:\/\/savedonderberg.laeken.brussels\/index.php\/wp-json\/wp\/v2\/pages\/453\/revisions\/467"}],"wp:attachment":[{"href":"https:\/\/savedonderberg.laeken.brussels\/index.php\/wp-json\/wp\/v2\/media?parent=453"}],"curies":[{"name":"wp","href":"https:\/\/api.w.org\/{rel}","templated":true}]}}