{"id":449,"date":"2021-02-06T15:22:32","date_gmt":"2021-02-06T15:22:32","guid":{"rendered":"http:\/\/savedonderberg.laeken.brussels\/?page_id=449"},"modified":"2024-10-09T20:15:40","modified_gmt":"2024-10-09T20:15:40","slug":"accueil","status":"publish","type":"page","link":"https:\/\/savedonderberg.laeken.brussels\/","title":{"rendered":"Accueil"},"content":{"rendered":"\t\t<div data-elementor-type=\"wp-page\" data-elementor-id=\"449\" class=\"elementor elementor-449\">\n\t\t\t\t\t\t<section class=\"elementor-section elementor-top-section elementor-element elementor-element-7badb4fb elementor-section-boxed elementor-section-height-default elementor-section-height-default\" data-id=\"7badb4fb\" data-element_type=\"section\">\n\t\t\t\t\t\t<div class=\"elementor-container elementor-column-gap-default\">\n\t\t\t\t\t<div class=\"elementor-column elementor-col-100 elementor-top-column elementor-element elementor-element-16fb01a8\" data-id=\"16fb01a8\" data-element_type=\"column\">\n\t\t\t<div class=\"elementor-widget-wrap elementor-element-populated\">\n\t\t\t\t\t\t<div class=\"elementor-element elementor-element-7519adcc elementor-widget elementor-widget-text-editor\" data-id=\"7519adcc\" data-element_type=\"widget\" data-widget_type=\"text-editor.default\">\n\t\t\t\t<div class=\"elementor-widget-container\">\n\t\t\t\t\t\t\t<p><!-- wp:heading {\"textAlign\":\"left\"} --><\/p>\n<h2><mark style=\"background-color: rgba(0, 0, 0, 0);\">Bienvenue<strong> sur le site des amis du Donderberg \u00e0 Laeken<\/strong><\/mark><\/h2>\n<p><!-- \/wp:heading --><\/p>\n<p><!-- wp:paragraph {\"align\":\"left\"} --><\/p>\n<p>Vous trouverez sur cette page, les derni\u00e8res nouvelles de nos luttes urbaines pour la protection du site naturel du Donderberg, situ\u00e9 \u00e0 300m du m\u00e9tro Bockstael. Le site est enclav\u00e9 entre la rue du Mont Saint-Alban, la rue des Horticulteurs et la rue M\u00e9dori et menac\u00e9 depuis 2016 par un projet immobilier de la R\u00e9gie fonci\u00e8re de la Ville de Bruxelles , ledit projet HOP (pour Horticulteurs-Perruches &#8211; on ne sait pas d&#8217;o\u00f9 la Ville sort son appelation <em>Clos des perruches<\/em>). Nous lui pr\u00e9f\u00e9rons le projet <em>HOPE<\/em>, pour garder l&#8217;espoir de changer l&#8217;affectation de ce<strong> patrimoine naturel unique, trait\u00e9 comme un vulgaire terrain \u00e0 b\u00e2tir.<\/strong><\/p>\n<p><!-- \/wp:paragraph --><\/p>\n<p><!-- wp:paragraph --><\/p>\n<p><strong>Le projet HOP5 (5<sub><sup>\u00e8me<\/sup><\/sub> version du projet depuis 2016) pr\u00e9voit la construction d&#8217;une \u00e9cole maternelle et primaire francophone de 672 \u00e9l\u00e8ves , d&#8217;une salle de sport et d&#8217;un local de quartier<\/strong>, <strong>ainsi qu&#8217;un immeuble de 8 logements , un local pour une profession lib\u00e9rale et un parking souterrain de 17 places en lisi\u00e8re de site . <\/strong><\/p>\n<p><!-- \/wp:paragraph --><\/p>\n<p><!-- wp:paragraph --><\/p>\n<p><em>Lisez l&#8217;histoire du site du Donderberg : <strong><a href=\"http:\/\/savedonderberg.laeken.brussels\/index.php\/histoire\/\">Donderberg, un peu d&#8217;histoire<\/a><\/strong><\/em><\/p>\n<p><!-- \/wp:paragraph --><\/p>\n<p><!-- wp:paragraph --><\/p>\n<p><strong><mark style=\"background-color: rgba(0, 0, 0, 0);\">NEWS<\/mark><\/strong><\/p>\n<p><strong>30 septembre 2024 :&nbsp; Au milieu de l&#8217;\u00e9t\u00e9 2024, la R\u00e9gion (en coordination avec la Ville) retire le permis d&#8217;urbanisme d\u00e9livr\u00e9 en 2023 et introduit imm\u00e9diatement un nouveau permis l\u00e9g\u00e8rement modifi\u00e9 pour contrer la suspension du permis d\u00e9cid\u00e9e par le conseil d&#8217;Etat (suite au recours de riverains soutenus par le collectif Save Donderberg et le comit\u00e9 Donderberg). Suite \u00e0 la d\u00e9livrance de ce nouveau permis, d\u00e9livr\u00e9 sans enqu\u00eate publique, un nouveau recours est introduit devant le Conseil d&#8217;Etat par des <\/strong><strong> riverains soutenus par le collectif Save Donderberg et le comit\u00e9 Donderberg. <br><\/strong><\/p>\n<p><strong>&nbsp;<\/strong><strong><br><\/strong><\/p>\n<p><strong>&nbsp;<\/strong><\/p>\n<p><strong>&nbsp;<\/strong><\/p>\n<p><strong>Historique : <br><\/strong><\/p>\n<p><strong>25 mai 2023 : <\/strong>Nos recours en r\u00e9formation contre la suppression d\u00e9finitive des chemins vicinaux n\u00b014 et 29 sont suppos\u00e9s \u00eatre \u00e0 l&#8217;OJ du Conseil des ministres. <strong>Nous manifestons avec le TuiniersForum des Jardiniers, Walk.brussels, Bruxelles Nature et Greenpeace Belgium devant le si\u00e8ge du gouvernement.<\/strong><\/p>\n<p><strong>04 mai 2023 :<\/strong> Nos recours en r\u00e9formation contre la suppression d\u00e9finitive des chemins vicinaux n\u00b014 et 29 sont suppos\u00e9s \u00eatre \u00e0 l&#8217;OJ du Conseil des ministres. <strong>Nous manifestons avec le TuiniersForum des Jardiniers devant le si\u00e8ge du gouvernement.<\/strong><\/p>\n<p><strong>07 avril 2023 : Le Permis d&#8217;urbanisme HOP est d\u00e9livr\u00e9 par Urban. <\/strong>Nous avons 60 jours pour recourir devant le Conseil d&#8217;\u00c9tat. En ce moment, la suppression des chemins vicinaux est suspendue, du fait des recours devant le gouvernement r\u00e9gional.<\/p>\n<p><strong>07 d\u00e9cembre 2022 : <\/strong>La Ville publie l&#8217;avis d&#8217;arr\u00eat\u00e9 gouvernemental confirmant la suppression d\u00e9finitive des chemins vicinaux n\u00b014 et 29 . Notre collectif et le comit\u00e9 Donderberg (comit\u00e9 de quartier) introduisent fin d\u00e9cembre 3 recours en r\u00e9formation aupr\u00e8s du gouvernement, ces recours sont suspensifs selon la loi de 1841 sur les chemins vicinaux.<\/p>\n<p><strong>16<\/strong> <strong>octobre 2023 : <mark style=\"background-color: rgba(0, 0, 0, 0);\">Slow ways week end <\/mark><\/strong>Ouverture du portail obturant le chemin n\u00b014 et d\u00e9broussaillage des cheminements : <strong>r\u00e9appropriation des chemins vicinaux &#8211; acte V<\/strong><\/p>\n<p><!-- \/wp:paragraph --><\/p>\n<p><!-- wp:paragraph --><\/p>\n<p><strong>15 septembre 2022 :<\/strong> Le vote de la suppression des chemins vicinaux n\u00b014 et 29 figure \u00e0 l&#8217;ordre du jour du Conseil des Ministres de la RBC : &#8220;Suppression partielle des chemins vicinaux n\u00b014 et 29 \u00e0 Bruxelles (Laeken)(GRBC-RV-30.78632)&#8221;. Nous attendons la parution au Moniteur et l&#8217;affichage en rue (par la Ville) et pr\u00e9parons notre recours dans les 15 jours. Nous organiserons une action de protestation sur lesdits vicinaux.<\/p>\n<p><!-- \/wp:paragraph --><\/p>\n<p><!-- wp:paragraph --><\/p>\n<p><mark style=\"background-color: rgba(0, 0, 0, 0);\"><strong>3 avril : SAVE THE DATE !<\/strong> <\/mark>Tous au secours du Donderberg ! : <strong>3e <a href=\"https:\/\/www.facebook.com\/events\/489030052875955\/?ref=newsfeed\" target=\"_blank\" rel=\"noreferrer noopener\">marche<\/a> pour la d\u00e9fense des sites naturels bruxellois menac\u00e9s<\/strong> \/ <strong>Action de protestation contre le projet HOP<\/strong> \/ <strong>R\u00e9appropriation des chemins vicinaux &#8211; acte IV<\/strong> avec des collectifs citoyens et ASBL : Tuiniersforum des Jardiniers, Sauvons la Friche Josaphat, Marais Wiels, Amies du Champ des Cailles, Natagora, Bruxelles Nature, Natuurpunt etc. <mark style=\"background-color: rgba(0, 0, 0, 0);\"><strong>Vu la menace immente et dans l&#8217;attente du PRAS 2004, nous exigeons un MORATOIRE sur les permis pour les sites naturels \u00e0 haute valeur biologique.<\/strong><\/mark><\/p>\n<p><!-- \/wp:paragraph --><\/p>\n<p><!-- wp:paragraph --><\/p>\n<p><strong>23 mars : 9-13h. Commission de concertation avec la Ville de Bruxelles (demandeur) et la R\u00e9gion Bruxelles-Capitale<\/strong>. CC <strong>encore en <a href=\"https:\/\/brucity-be.zoom.us\/j\/81370818979\" target=\"_blank\" rel=\"noreferrer noopener\">visioconf\u00e9rence<\/a><\/strong>, alors que le conseil communal se r\u00e9unit en pr\u00e9sentiel et que le Bourgmestre organise le m\u00eame jour une r\u00e9union &#8220;s\u00e9curit\u00e9&#8221; avec les habitants de Laeken, en &#8220;live&#8221; ! Et ce malgr\u00e9 l&#8217;absence notable &#8211; et notifi\u00e9e &#8211; l&#8217;ann\u00e9e derni\u00e8re (HOP4) \u00e0 la CC en ligne de nombreux riverains et sympathisants n&#8217;appartenant pas \u00e0 la classe des &#8220;t\u00e9l\u00e9travailleurs&#8221; : <strong>d\u00e9ni de d\u00e9mocratie<\/strong> !<\/p>\n<p><!-- \/wp:paragraph --><\/p>\n<p><!-- wp:paragraph --><\/p>\n<p><strong>10 mars<\/strong> : fin de l&#8217;enqu\u00eate publique \u00e0 23:59. Envoyez vos objections \u00e0 la commission de concertation ! <strong><a href=\"http:\/\/savedonderberg.laeken.brussels\/index.php\/comment-agir\/\">COMMENT AGIR ?<\/a><\/strong><\/p>\n<p><!-- \/wp:paragraph --><\/p>\n<p><!-- wp:paragraph --><\/p>\n<p><strong>3 mars 2022 :<\/strong> Soir\u00e9e d&#8217;information (Fr\/Nl) sur le projet HOP organis\u00e9e par Laeken.Brussels et le collectif Save Donderberg au <a href=\"https:\/\/www.facebook.com\/events\/4833869170065409\/\">CC Nekkersdal<\/a>.<\/p>\n<p><!-- \/wp:paragraph --><\/p>\n<p><!-- wp:paragraph --><\/p>\n<p><strong>F\u00e9vrier 2022 :<\/strong> Le collectif Save Donderberg, l&#8217;ASBL Laeken.Brussels et le Comit\u00e9 de quartier Donderberg ont r\u00e9dig\u00e9 des <strong>mod\u00e8les de<a href=\"http:\/\/savedonderberg.laeken.brussels\/index.php\/comment-agir\/\" target=\"_blank\" rel=\"noreferrer noopener\"> lettres bilingues<\/a><\/strong>, propos\u00e9es sur ce site. <strong>Demandez \u00e0 assister \u00e0 la commission de concertation<\/strong> (date non communiqu\u00e9e), nous la pr\u00e9parons d\u00e9j\u00e0 !<\/p>\n<p><!-- \/wp:paragraph --><\/p>\n<p><!-- wp:paragraph --><\/p>\n<p><strong>Suivez-nous sur les comptes sociaux Save Donderberg<\/strong> (Twitter, Instagram, Facebook) ! Partagez les posts, parlez du Donderberg \u00e0 vos voisins, amis, cousins, militants, \u00e9lus de tous poils &#8230; <strong>Bient\u00f4t une action sur le Donderberg : <strong>sauvetage de la friche Donderberg<\/strong> et r\u00e9appropriation des chemins vicinaux acte IV !<\/strong><\/p>\n<p><!-- \/wp:paragraph --><\/p>\n<p><!-- wp:paragraph --><\/p>\n<p><strong>31 janvier 2022<\/strong> : Alors que l&#8217;enqu\u00eate publique a commenc\u00e9 depuis 12 jours mais que les documents du dossier ne sont plus accessibles en ligne depuis le 21\/1, la Ville interropmpt l&#8217;enqu\u00eate et annonce une <strong><a href=\"https:\/\/www.bruxelles.be\/sites\/default\/files\/public-inquiry\/Rue_des_Horticulteurs_PU-H13892016.pdf\">nouvelle enqu\u00eate du 9 f\u00e9vrier au 10 mars 2022<\/a>.<\/strong> <strong><a href=\"http:\/\/savedonderberg.laeken.brussels\/index.php\/comment-agir\/\">COMMENT AGIR ?<\/a><\/strong><\/p>\n<p><!-- \/wp:paragraph --><\/p>\n<p><!-- wp:paragraph --><\/p>\n<p><strong>13 janvier 2022 <\/strong>: C&#8217;est parti pour <strong>HOP5<\/strong> ! Des<strong> affiches rouges annon\u00e7ant deux enqu\u00eates publiques<\/strong> (du 19\/01\/2021 au 17\/02\/2021) sont plac\u00e9es dans les rues du quartier. Tous sur le pont !<\/p>\n<p><!-- \/wp:paragraph --><\/p>\n<p><!-- wp:paragraph --><\/p>\n<p><strong>19 octobre 2021<\/strong> : <a href=\"https:\/\/www.youtube.com\/watch?v=8HR8lDqkKb4\">Accueil <\/a>sur le Donderberg des participants du colloque <strong><a href=\"https:\/\/civa.brussels\/fr\/expos-events\/colloque-la-ville-sen-friche-complet\">La Ville s&#8217;en f(r)iche<\/a><\/strong>, co-organis\u00e9 par le CIVA, l\u2019ARAU, Apis Bruoc Sella, Bruxelles Nature et Natagora.<\/p>\n<p><!-- \/wp:paragraph --><\/p>\n<p><!-- wp:paragraph --><\/p>\n<p><strong>17 octobre 2021 : Slow ways week end <\/strong>Ouverture du portail obturant le chemin n\u00b014 et d\u00e9broussaillage des cheminements : <strong>r\u00e9appropriation des chemins vicinaux &#8211; acte II<\/strong>I<\/p>\n<p><!-- \/wp:paragraph --><\/p>\n<p><!-- wp:paragraph --><\/p>\n<p><strong>28 juin 2021<\/strong> : Action de<strong> r\u00e9appropriation des chemins vicinaux &#8211; acte II<\/strong> en pr\u00e9sence de la presse (Bruzz). Ouverture du portail obturant le chemin n\u00b014.<\/p>\n<p><!-- \/wp:paragraph --><\/p>\n<p><!-- wp:paragraph --><\/p>\n<p><strong>14 juin 2021<\/strong> : Fort de l&#8217;avis favorable de la commission de concertation, <strong>le conseil communal de la Ville de Bruxelles vote la suppression d\u00e9finitive des chemins vicinaux n\u00b014 et 29<\/strong>, dont nous avions r\u00e9clam\u00e9 le maintien, vu leur usage r\u00e9gulier par les habitants. Elle d\u00e9cide de conserver le sentier vicinal n\u00b0 71. La Ville annonce sa volont\u00e9 d&#8217;ouvrir temporairement le Donderberg pendant l&#8217;\u00e9t\u00e9 (projet rest\u00e9 au stade de vell\u00e9it\u00e9).<\/p>\n<p><!-- \/wp:paragraph --><\/p>\n<p><!-- wp:paragraph {\"align\":\"left\"} --><\/p>\n<p><strong>24 mai 2021 :<\/strong> Action de <strong>r\u00e9appropriation des chemins vicinaux<\/strong> &#8211; <strong>acte I<\/strong>. Ouverture du portail obturant le chemin n\u00b014, qui m\u00e8ne aux serres du Donderberg, en cours de restauration.<\/p>\n<p><!-- \/wp:paragraph --><\/p>\n<p><!-- wp:paragraph --><\/p>\n<p><strong>Avril 2021<\/strong> Les avis de la commission de concertation sont publi\u00e9s (<a href=\"http:\/\/savedonderberg.laeken.brussels\/index.php\/commission-de-concertation-vicinaux-hop4\/\">ici<\/a>).<\/p>\n<p><!-- \/wp:paragraph --><\/p>\n<p><!-- wp:paragraph {\"textColor\":\"vivid-red\"} --><\/p>\n<p><mark style=\"background-color: rgba(0, 0, 0, 0);\"><strong>23 mars 2021<\/strong> : La Commission de Concertation sur le projet HOP4 et les chemins vicinaux s&#8217;est tenue en ligne. Laeken.Brussels a fait une analyse d\u00e9taill\u00e9e de la question scolaire et <strong>conclut que le besoin en \u00e9cole suppl\u00e9mentaire dans le futur n\u2019est aucunement d\u00e9montr\u00e9<\/strong>. Les pr\u00e9sentations faites sont disponibles <a href=\"http:\/\/savedonderberg.laeken.brussels\/index.php\/presentations-hop4\/\">ici<\/a><\/mark><\/p>\n<p><!-- \/wp:paragraph --><\/p>\n<p><!-- wp:paragraph {\"textColor\":\"black\"} --><\/p>\n<p><strong>23 mars 2021<\/strong> : La commission de concertation traitera les 2 demandes, HOP4) et Suppression des vicinaux, au cours d&#8217;une m\u00eame s\u00e9ance, \u00e0 9:30. Nous apprenons par l&#8217;invitation que la s\u00e9ance a lieu en ligne via la plate-forme Zoom. Ce choix d\u00e9lib\u00e9r\u00e9 laisse songeur &#8230; Si vous n&#8217;avez pas la possibilit\u00e9 ou pas l&#8217;envie de suivre la commission de concertation depuis chez vous, n&#8217;h\u00e9sitez pas \u00e0 prendre contact avec son secr\u00e9tariat <a href=\"mailto:urb.commissionconcertation@brucity.be\" target=\"_blank\" rel=\"noreferrer noopener\"><u>urb.commissionconcertation@brucity.be<\/u><\/a> ou appelez le n\u00b0 02 279 29 30 (8:30-17:00) <strong>au plus tard le vendredi pr\u00e9c\u00e9dant la s\u00e9ance<\/strong> en communiquant votre nom et votre souhait de participer \u00e0 la s\u00e9ance digitale du mardi 23 mars 2021 sur un ordinateur mis \u00e0 disposition au centre administratif. Une invitation particuli\u00e8re contenant les mesures de s\u00e9curit\u00e9 sanitaire \u00e0 respecter lors de votre d\u00e9placement au centre administratif vous sera alors adress\u00e9e.<\/p>\n<p><!-- \/wp:paragraph --><\/p>\n<p><!-- wp:paragraph {\"textColor\":\"black\"} --><\/p>\n<p><strong>Mars 2021 <\/strong>: Unissons nos forces : le collectif Save Donderberg, Laeken.Brussels et le comit\u00e9 de quartier Donderberg travaillent d&#8217;arrache-pied pour pr\u00e9parer les commissions de concertation, dont la date n&#8217;est pas encore connue.<\/p>\n<p><!-- \/wp:paragraph --><\/p>\n<p><!-- wp:paragraph {\"textColor\":\"black\"} --><\/p>\n<p><strong>F\u00e9vrier 2021<\/strong> : \u00c0 vos plumes :<strong> <a href=\"http:\/\/savedonderberg.laeken.brussels\/index.php\/comment-agir\/\">\u00e9crivez<\/a><\/strong> \u00e0 la commission de concertation ! Les 2 enqu\u00eates concernant le devenir du Donderberg sont en cours et se terminent le 25 f\u00e9vrier. <a href=\"http:\/\/savedonderberg.laeken.brussels\/index.php\/comment-agir\/\">Comment agir <strong>ICI<\/strong><\/a><\/p>\n<p><!-- \/wp:paragraph --><\/p>\n<p><!-- wp:paragraph --><\/p>\n<p><strong>27 janvier 2021<\/strong> : Les dossiers peuvent \u00e0 pr\u00e9sent \u00eatre demand\u00e9s aupr\u00e8s de la Ville. Laeken-Brussels les met \u00e0 la disposition des riverains et des habitants <a href=\"http:\/\/savedonderberg.laeken.brussels\/index.php\/dossier-enquete-publique-ecole-hop4-2021\/\" target=\"_blank\" rel=\"noreferrer noopener\">ici<\/a>.<\/p>\n<p><!-- \/wp:paragraph --><\/p>\n<p><!-- wp:paragraph --><\/p>\n<p><strong>21 janvier 2021 <\/strong>: Des<strong> affiches rouges annon\u00e7ant deux enqu\u00eates publiques<\/strong> (du 27\/01\/2021 au 25\/02\/2021) sont plac\u00e9es dans les rues du quartier. Les dossiers ne seront disponibles aupr\u00e8s des services de la ville qu&#8217;\u00e0 partir du 27 janvier. Les habitants sont sur la br\u00e8che.<\/p>\n<p><!-- \/wp:paragraph --><\/p>\n<p><\/p>\t\t\t\t\t\t<\/div>\n\t\t\t\t<\/div>\n\t\t\t\t\t<\/div>\n\t\t<\/div>\n\t\t\t\t\t<\/div>\n\t\t<\/section>\n\t\t\t\t<\/div>\n\t\t","protected":false},"excerpt":{"rendered":"<p>Bienvenue sur le site des amis du Donderberg \u00e0 Laeken Vous trouverez sur cette page, les derni\u00e8res nouvelles de nos luttes urbaines pour la protection du site naturel du Donderberg, situ\u00e9 \u00e0 300m du m\u00e9tro Bockstael. Le site est enclav\u00e9 entre la rue du Mont Saint-Alban, la rue des Horticulteurs et la rue M\u00e9dori et &hellip; <\/p>\n<p class=\"link-more\"><a href=\"https:\/\/savedonderberg.laeken.brussels\/\" class=\"more-link\">Read more<span class=\"screen-reader-text\"> &#8220;Accueil&#8221;<\/span><\/a><\/p>\n","protected":false},"author":6,"featured_media":221,"parent":0,"menu_order":0,"comment_status":"closed","ping_status":"closed","template":"","meta":{"footnotes":""},"yoast_head":"<!-- This site is optimized with the Yoast SEO plugin v15.7 - https:\/\/yoast.com\/wordpress\/plugins\/seo\/ -->\n<title>Accueil - Save Donderberg - Laeken<\/title>\n<meta name=\"description\" content=\"Donderberg Laeken HOP site naturel zone verte Laken\" \/>\n<meta name=\"robots\" content=\"index, follow, max-snippet:-1, max-image-preview:large, max-video-preview:-1\" \/>\n<link rel=\"canonical\" href=\"https:\/\/savedonderberg.laeken.brussels\/\" \/>\n<meta property=\"og:locale\" content=\"en_GB\" \/>\n<meta property=\"og:type\" content=\"article\" \/>\n<meta property=\"og:title\" content=\"Accueil - Save Donderberg - Laeken\" \/>\n<meta property=\"og:description\" content=\"Donderberg Laeken HOP site naturel zone verte Laken\" \/>\n<meta property=\"og:url\" content=\"https:\/\/savedonderberg.laeken.brussels\/\" \/>\n<meta property=\"og:site_name\" content=\"Save Donderberg - Laeken\" \/>\n<meta property=\"article:modified_time\" content=\"2024-10-09T20:15:40+00:00\" \/>\n<meta property=\"og:image\" content=\"https:\/\/savedonderberg.laeken.brussels\/wp-content\/uploads\/2020\/02\/renard-1024x576.png\" \/>\n\t<meta property=\"og:image:width\" content=\"1024\" \/>\n\t<meta property=\"og:image:height\" content=\"576\" \/>\n<meta name=\"twitter:card\" content=\"summary_large_image\" \/>\n<meta name=\"twitter:label1\" content=\"Estimated reading time\">\n\t<meta name=\"twitter:data1\" content=\"7 minutes\">\n<script type=\"application\/ld+json\" class=\"yoast-schema-graph\">{\"@context\":\"https:\/\/schema.org\",\"@graph\":[{\"@type\":\"WebSite\",\"@id\":\"https:\/\/savedonderberg.laeken.brussels\/#website\",\"url\":\"https:\/\/savedonderberg.laeken.brussels\/\",\"name\":\"Save Donderberg - Laeken\",\"description\":\"Sauvons l&#039;espace vert du Donderberg \\u00e0 Laeken\",\"potentialAction\":[{\"@type\":\"SearchAction\",\"target\":\"https:\/\/savedonderberg.laeken.brussels\/?s={search_term_string}\",\"query-input\":\"required name=search_term_string\"}],\"inLanguage\":\"en-GB\"},{\"@type\":\"ImageObject\",\"@id\":\"https:\/\/savedonderberg.laeken.brussels\/#primaryimage\",\"inLanguage\":\"en-GB\",\"url\":\"https:\/\/savedonderberg.laeken.brussels\/wp-content\/uploads\/2020\/02\/renard.png\",\"width\":1920,\"height\":1080},{\"@type\":\"WebPage\",\"@id\":\"https:\/\/savedonderberg.laeken.brussels\/#webpage\",\"url\":\"https:\/\/savedonderberg.laeken.brussels\/\",\"name\":\"Accueil - Save Donderberg - Laeken\",\"isPartOf\":{\"@id\":\"https:\/\/savedonderberg.laeken.brussels\/#website\"},\"primaryImageOfPage\":{\"@id\":\"https:\/\/savedonderberg.laeken.brussels\/#primaryimage\"},\"datePublished\":\"2021-02-06T15:22:32+00:00\",\"dateModified\":\"2024-10-09T20:15:40+00:00\",\"description\":\"Donderberg Laeken HOP site naturel zone verte Laken\",\"inLanguage\":\"en-GB\",\"potentialAction\":[{\"@type\":\"ReadAction\",\"target\":[\"https:\/\/savedonderberg.laeken.brussels\/\"]}]}]}<\/script>\n<!-- \/ Yoast SEO plugin. -->","_links":{"self":[{"href":"https:\/\/savedonderberg.laeken.brussels\/index.php\/wp-json\/wp\/v2\/pages\/449"}],"collection":[{"href":"https:\/\/savedonderberg.laeken.brussels\/index.php\/wp-json\/wp\/v2\/pages"}],"about":[{"href":"https:\/\/savedonderberg.laeken.brussels\/index.php\/wp-json\/wp\/v2\/types\/page"}],"author":[{"embeddable":true,"href":"https:\/\/savedonderberg.laeken.brussels\/index.php\/wp-json\/wp\/v2\/users\/6"}],"replies":[{"embeddable":true,"href":"https:\/\/savedonderberg.laeken.brussels\/index.php\/wp-json\/wp\/v2\/comments?post=449"}],"version-history":[{"count":83,"href":"https:\/\/savedonderberg.laeken.brussels\/index.php\/wp-json\/wp\/v2\/pages\/449\/revisions"}],"predecessor-version":[{"id":1533,"href":"https:\/\/savedonderberg.laeken.brussels\/index.php\/wp-json\/wp\/v2\/pages\/449\/revisions\/1533"}],"wp:featuredmedia":[{"embeddable":true,"href":"https:\/\/savedonderberg.laeken.brussels\/index.php\/wp-json\/wp\/v2\/media\/221"}],"wp:attachment":[{"href":"https:\/\/savedonderberg.laeken.brussels\/index.php\/wp-json\/wp\/v2\/media?parent=449"}],"curies":[{"name":"wp","href":"https:\/\/api.w.org\/{rel}","templated":true}]}}