{"id":395,"date":"2021-01-27T11:32:41","date_gmt":"2021-01-27T11:32:41","guid":{"rendered":"http:\/\/savedonderberg.laeken.brussels\/?page_id=395"},"modified":"2021-04-14T12:12:49","modified_gmt":"2021-04-14T12:12:49","slug":"dossier-enquete-publique-ecole-hop4-2021","status":"publish","type":"page","link":"https:\/\/savedonderberg.laeken.brussels\/index.php\/dossier-enquete-publique-ecole-hop4-2021\/","title":{"rendered":"Projets 2021 : HOP4 et suppression des chemins vicinaux"},"content":{"rendered":"\n<p><strong>Deux enqu\u00eates publiques sont en cours, du 27\/01\/2021 au 25\/02\/2021<\/strong>, d\u00e9bouchant sur deux commissions de concertation distinctes &#8211; dont les dates ne sont pas encore connues &#8211;  au cours desquelles la Ville pr\u00e9sentera ses projets  et les habitants pourront exposer leurs pr\u00e9ventions. Il convient de r\u00e9agir aux 2 enqu\u00eates s\u00e9par\u00e9ment (voir plus bas).<\/p>\n\n\n\n<p>Le projet HOP en est donc \u00e0 une 4<sup>e<\/sup> version, suite aux restrictions impos\u00e9es dans l&#8217;avis favorable \u00e0 HOP3 (voir l&#8217;avis de la commission de concertation d&#8217;HOP3 <a href=\"http:\/\/savedonderberg.laeken.brussels\/index.php\/avis-commission-de-concertation\/\">ici<\/a>). <\/p>\n\n\n\n<p>Le projet de supprimer partiellement les vicinaux qui sillonnent le Donderberg est pour la premi\u00e8re fois mis sur la table, illustrant bien la d\u00e9cision de la Ville de s&#8217;approprier des voies publiques et de d\u00e9poss\u00e9der les habitants de la jouissance de ce site naturel pr\u00e9serv\u00e9.<\/p>\n\n\n\n<h2 class=\"wp-block-heading\">Les dossiers <\/h2>\n\n\n\n<h3 class=\"wp-block-heading\"><strong>1\/ Pour l&#8217;enqu\u00eate sur HOP4 (\u00e9cole et logements)<\/strong> <strong>PU-H13892020<\/strong>,<strong> <\/strong> les documents (y compris les plans) se trouvent sur le site de la R\u00e9gion bruxelloise : <a href=\"https:\/\/share.urban.brussels\/y\/s\/JqnbrbjwxWp4JER\" target=\"_blank\" rel=\"noreferrer noopener\">https:\/\/share.urban.brussels\/y\/s\/JqnbrbjwxWp4JER<\/a> <\/h3>\n\n\n\n<p>Vous pouvez aussi t\u00e9l\u00e9charger directement ici le <a href=\"http:\/\/savedonderberg.laeken.brussels\/wp-content\/uploads\/2021\/01\/Dossier_Donderberg_enquete_publique-2021.zip\" target=\"_blank\" rel=\"noreferrer noopener\">Dossier HOP4<\/a><\/p>\n\n\n\n\n\n<h3 class=\"wp-block-heading\"><strong>2\/ Pour l&#8217;enqu\u00eate  sur la suppression des chemins vicinaux <strong>(SPEC-H212020<\/strong>) <\/strong>traversant le Donderberg, voici les documents mis en ligne par la Ville de Bruxelles  : <\/h3>\n\n\n\n<p><a target=\"_blank\" href=\"https:\/\/www.bruxelles.be\/sites\/default\/files\/public-inquiry\/Rue_des_Horticulteurs_SPEC-H212020.pdf\" rel=\"noreferrer noopener\">Supression partielle des chemins vicinaux &#8211; Rue des Horticulteurs (SPEC-H212020)<\/a><a href=\"https:\/\/www.bruxelles.be\/reaction-une-enquete-publique?inquiry_id=SPEC-H212020\" target=\"_blank\" rel=\"noreferrer noopener\">&nbsp;<\/a>&nbsp; (PDF, 40.20 KB)<\/p>\n\n\n\n<p><a target=\"_blank\" href=\"https:\/\/www.bruxelles.be\/sites\/default\/files\/public-inquiry\/20200622_conseil_fr.pdf\" rel=\"noreferrer noopener\">Arr\u00eat\u00e9 Conseil communal<\/a> (PDF, 340.13 KB)<\/p>\n\n\n\n<p><a target=\"_blank\" href=\"https:\/\/www.bruxelles.be\/sites\/default\/files\/public-inquiry\/20200622_conseil_nl.pdf\" rel=\"noreferrer noopener\">Besluit Gemeenteraad<\/a> (PDF, 339.30 KB)<\/p>\n\n\n\n<p><a target=\"_blank\" href=\"https:\/\/www.bruxelles.be\/sites\/default\/files\/public-inquiry\/plan_7352.pdf\" rel=\"noreferrer noopener\">Plan<\/a> (PDF, 10.39 MB)<\/p>\n\n\n\n<p><a target=\"_blank\" href=\"https:\/\/www.bruxelles.be\/sites\/default\/files\/public-inquiry\/18960930_bestendige_deputatie_van_provinciale_raad_tekst.pdf\" rel=\"noreferrer noopener\">D\u00e9putation permanente du Conseil Provincial 1896 &#8211; texte<\/a> (PDF, 1.78 MB)<\/p>\n\n\n\n<p><a target=\"_blank\" href=\"https:\/\/www.bruxelles.be\/sites\/default\/files\/public-inquiry\/18960930_bestendige_deputatie_van_provinciale_raad_plan.pdf\" rel=\"noreferrer noopener\">D\u00e9putation permanente du Conseil Provincial 1896 &#8211; plan<\/a> (PDF, 1.17 MB)<\/p>\n\n\n\n<p><a target=\"_blank\" href=\"https:\/\/www.bruxelles.be\/sites\/default\/files\/public-inquiry\/19071016_bestendige_deputatie_van_provinciale_raad_tekst.pdf\" rel=\"noreferrer noopener\">D\u00e9putation permanente du Conseil Provincial 1907 &#8211; texte<\/a> (PDF, 399.81 KB)<\/p>\n\n\n\n<p><a target=\"_blank\" href=\"https:\/\/www.bruxelles.be\/sites\/default\/files\/public-inquiry\/19071016_bestendige_deputatie_van_pronvinciale_raad_plan.pdf\" rel=\"noreferrer noopener\">D\u00e9putation permanente du Conseil Provincial 1907 &#8211; plan<\/a> (PDF, 661.60 KB)<\/p>\n\n\n\n<h2 class=\"wp-block-heading\"><a href=\"http:\/\/savedonderberg.laeken.brussels\/index.php\/comment-agir\/\">Comment agir ?<\/a><\/h2>\n\n\n\n<p>Pour\u00a0r\u00e9agir \u00e0 ces 2 enqu\u00eates publiques, des <strong>mod\u00e8les de lettre<\/strong> se trouvent sur la page <strong><a href=\"http:\/\/savedonderberg.laeken.brussels\/index.php\/comment-agir\/\">Comment agir<\/a><\/strong>.<\/p>\n\n\n\n<p>Envoyez vos objections soit<\/p>\n\n\n\n<p>&#8211; par \u00e9crit au Coll\u00e8ge des Bourgmestre et Echevins, \u00e0 l\u2019adresse suivante : D\u00e9partement Urbanisme &#8211; Secr\u00e9tariat de la Commission de concertation, boulevard Anspach, 6 \u00e0 1000 Bruxelles. <\/p>\n\n\n\n<p>&#8211; <strong>par e-mail<\/strong> \u00e0 l\u2019adresse suivante : urb.commissionconcertation@brucity.be<\/p>\n\n\n\n<p>&#8211; <strong>via le formulaire en ligne <\/strong>sur le site internet de la Ville : HOP4 : <strong><a href=\"https:\/\/www.bruxelles.be\/reaction-une-enquete-publique?inquiry_id=PU-H13892020\" target=\"_blank\" rel=\"noreferrer noopener\">ici<\/a><\/strong> et Chemins vicinaux : <a href=\"https:\/\/www.bruxelles.be\/reaction-une-enquete-publique?inquiry_id=SPEC-H212020\" target=\"_blank\" rel=\"noreferrer noopener\"><strong>ici<\/strong><\/a> ;<\/p>\n\n\n\n<p>&#8211; oralement, aupr\u00e8s de l\u2019agent d\u00e9sign\u00e9 \u00e0 cet effet au D\u00e9partement Urbanisme, exclusivement sur rendez-vous (t\u00e9l. n\u00b0 02\/279.30.20).<\/p>\n\n\n\n<p><strong>ATTENTION<\/strong>, vous devez remplir 2 formulaires ou envoyer <strong>2 lettres \/ e-mails distincts pour les 2 enqu\u00eates<\/strong> ; mentionnez toujours les r\u00e9f\u00e9rences de enqu\u00eates  (HOP4 : PU-H13892020 ; vicinaux : SPEC-H212020).<\/p>\n","protected":false},"excerpt":{"rendered":"<p>Deux enqu\u00eates publiques sont en cours, du 27\/01\/2021 au 25\/02\/2021, d\u00e9bouchant sur deux commissions de concertation distinctes &#8211; dont les dates ne sont pas encore connues &#8211; au cours desquelles la Ville pr\u00e9sentera ses projets et les habitants pourront exposer leurs pr\u00e9ventions. Il convient de r\u00e9agir aux 2 enqu\u00eates s\u00e9par\u00e9ment (voir plus bas). Le projet &hellip; <\/p>\n<p class=\"link-more\"><a href=\"https:\/\/savedonderberg.laeken.brussels\/index.php\/dossier-enquete-publique-ecole-hop4-2021\/\" class=\"more-link\">Read more<span class=\"screen-reader-text\"> &#8220;Projets 2021 : HOP4 et suppression des chemins vicinaux&#8221;<\/span><\/a><\/p>\n","protected":false},"author":1,"featured_media":0,"parent":0,"menu_order":0,"comment_status":"closed","ping_status":"closed","template":"","meta":{"footnotes":""},"yoast_head":"<!-- This site is optimized with the Yoast SEO plugin v15.7 - https:\/\/yoast.com\/wordpress\/plugins\/seo\/ -->\n<title>Projets 2021 : HOP4 et suppression des chemins vicinaux - Save Donderberg - Laeken<\/title>\n<meta name=\"robots\" content=\"index, follow, max-snippet:-1, max-image-preview:large, max-video-preview:-1\" \/>\n<link rel=\"canonical\" href=\"https:\/\/savedonderberg.laeken.brussels\/index.php\/dossier-enquete-publique-ecole-hop4-2021\/\" \/>\n<meta property=\"og:locale\" content=\"en_GB\" \/>\n<meta property=\"og:type\" content=\"article\" \/>\n<meta property=\"og:title\" content=\"Projets 2021 : HOP4 et suppression des chemins vicinaux - Save Donderberg - Laeken\" \/>\n<meta property=\"og:description\" content=\"Deux enqu\u00eates publiques sont en cours, du 27\/01\/2021 au 25\/02\/2021, d\u00e9bouchant sur deux commissions de concertation distinctes &#8211; dont les dates ne sont pas encore connues &#8211; au cours desquelles la Ville pr\u00e9sentera ses projets et les habitants pourront exposer leurs pr\u00e9ventions. Il convient de r\u00e9agir aux 2 enqu\u00eates s\u00e9par\u00e9ment (voir plus bas). Le projet &hellip; Read more &quot;Projets 2021 : HOP4 et suppression des chemins vicinaux&quot;\" \/>\n<meta property=\"og:url\" content=\"https:\/\/savedonderberg.laeken.brussels\/index.php\/dossier-enquete-publique-ecole-hop4-2021\/\" \/>\n<meta property=\"og:site_name\" content=\"Save Donderberg - Laeken\" \/>\n<meta property=\"article:modified_time\" content=\"2021-04-14T12:12:49+00:00\" \/>\n<meta name=\"twitter:card\" content=\"summary_large_image\" \/>\n<meta name=\"twitter:label1\" content=\"Estimated reading time\">\n\t<meta name=\"twitter:data1\" content=\"2 minutes\">\n<script type=\"application\/ld+json\" class=\"yoast-schema-graph\">{\"@context\":\"https:\/\/schema.org\",\"@graph\":[{\"@type\":\"WebSite\",\"@id\":\"https:\/\/savedonderberg.laeken.brussels\/#website\",\"url\":\"https:\/\/savedonderberg.laeken.brussels\/\",\"name\":\"Save Donderberg - Laeken\",\"description\":\"Sauvons l&#039;espace vert du Donderberg \\u00e0 Laeken\",\"potentialAction\":[{\"@type\":\"SearchAction\",\"target\":\"https:\/\/savedonderberg.laeken.brussels\/?s={search_term_string}\",\"query-input\":\"required name=search_term_string\"}],\"inLanguage\":\"en-GB\"},{\"@type\":\"WebPage\",\"@id\":\"https:\/\/savedonderberg.laeken.brussels\/index.php\/dossier-enquete-publique-ecole-hop4-2021\/#webpage\",\"url\":\"https:\/\/savedonderberg.laeken.brussels\/index.php\/dossier-enquete-publique-ecole-hop4-2021\/\",\"name\":\"Projets 2021 : HOP4 et suppression des chemins vicinaux - Save Donderberg - Laeken\",\"isPartOf\":{\"@id\":\"https:\/\/savedonderberg.laeken.brussels\/#website\"},\"datePublished\":\"2021-01-27T11:32:41+00:00\",\"dateModified\":\"2021-04-14T12:12:49+00:00\",\"inLanguage\":\"en-GB\",\"potentialAction\":[{\"@type\":\"ReadAction\",\"target\":[\"https:\/\/savedonderberg.laeken.brussels\/index.php\/dossier-enquete-publique-ecole-hop4-2021\/\"]}]}]}<\/script>\n<!-- \/ Yoast SEO plugin. -->","_links":{"self":[{"href":"https:\/\/savedonderberg.laeken.brussels\/index.php\/wp-json\/wp\/v2\/pages\/395"}],"collection":[{"href":"https:\/\/savedonderberg.laeken.brussels\/index.php\/wp-json\/wp\/v2\/pages"}],"about":[{"href":"https:\/\/savedonderberg.laeken.brussels\/index.php\/wp-json\/wp\/v2\/types\/page"}],"author":[{"embeddable":true,"href":"https:\/\/savedonderberg.laeken.brussels\/index.php\/wp-json\/wp\/v2\/users\/1"}],"replies":[{"embeddable":true,"href":"https:\/\/savedonderberg.laeken.brussels\/index.php\/wp-json\/wp\/v2\/comments?post=395"}],"version-history":[{"count":24,"href":"https:\/\/savedonderberg.laeken.brussels\/index.php\/wp-json\/wp\/v2\/pages\/395\/revisions"}],"predecessor-version":[{"id":628,"href":"https:\/\/savedonderberg.laeken.brussels\/index.php\/wp-json\/wp\/v2\/pages\/395\/revisions\/628"}],"wp:attachment":[{"href":"https:\/\/savedonderberg.laeken.brussels\/index.php\/wp-json\/wp\/v2\/media?parent=395"}],"curies":[{"name":"wp","href":"https:\/\/api.w.org\/{rel}","templated":true}]}}