{"id":375,"date":"2020-06-15T13:49:20","date_gmt":"2020-06-15T13:49:20","guid":{"rendered":"http:\/\/savedonderberg.laeken.brussels\/?page_id=375"},"modified":"2021-02-22T21:37:49","modified_gmt":"2021-02-22T21:37:49","slug":"dossier-de-presse","status":"publish","type":"page","link":"https:\/\/savedonderberg.laeken.brussels\/index.php\/dossier-de-presse\/","title":{"rendered":"Dossier de presse &#8211; janvier 2020"},"content":{"rendered":"\n<p>Ce <a href=\"http:\/\/savedonderberg.laeken.brussels\/wp-content\/uploads\/2021\/02\/Dossier_Donderberg_012020_v2.pdf\" target=\"_blank\" rel=\"noreferrer noopener\">dossier de presse<\/a> \u00e0 \u00e9t\u00e9 pr\u00e9par\u00e9 dans le cadre du projet HOP 3 mais la majorit\u00e9 de son contenu reste relevant.<\/p>\n\n\n\n<p><a href=\"\"><\/a><\/p>\n\n\n\n<p><\/p>\n","protected":false},"excerpt":{"rendered":"<p>Ce dossier de presse \u00e0 \u00e9t\u00e9 pr\u00e9par\u00e9 dans le cadre du projet HOP 3 mais la majorit\u00e9 de son contenu reste relevant.<\/p>\n","protected":false},"author":1,"featured_media":0,"parent":0,"menu_order":0,"comment_status":"closed","ping_status":"closed","template":"","meta":{"footnotes":""},"yoast_head":"<!-- This site is optimized with the Yoast SEO plugin v15.7 - https:\/\/yoast.com\/wordpress\/plugins\/seo\/ -->\n<title>Dossier de presse - janvier 2020 - Save Donderberg - Laeken<\/title>\n<meta name=\"robots\" content=\"index, follow, max-snippet:-1, max-image-preview:large, max-video-preview:-1\" \/>\n<link rel=\"canonical\" href=\"https:\/\/savedonderberg.laeken.brussels\/index.php\/dossier-de-presse\/\" \/>\n<meta property=\"og:locale\" content=\"en_GB\" \/>\n<meta property=\"og:type\" content=\"article\" \/>\n<meta property=\"og:title\" content=\"Dossier de presse - janvier 2020 - Save Donderberg - Laeken\" \/>\n<meta property=\"og:description\" content=\"Ce dossier de presse \u00e0 \u00e9t\u00e9 pr\u00e9par\u00e9 dans le cadre du projet HOP 3 mais la majorit\u00e9 de son contenu reste relevant.\" \/>\n<meta property=\"og:url\" content=\"https:\/\/savedonderberg.laeken.brussels\/index.php\/dossier-de-presse\/\" \/>\n<meta property=\"og:site_name\" content=\"Save Donderberg - Laeken\" \/>\n<meta property=\"article:modified_time\" content=\"2021-02-22T21:37:49+00:00\" \/>\n<meta name=\"twitter:card\" content=\"summary_large_image\" \/>\n<meta name=\"twitter:label1\" content=\"Estimated reading time\">\n\t<meta name=\"twitter:data1\" content=\"1 minute\">\n<script type=\"application\/ld+json\" class=\"yoast-schema-graph\">{\"@context\":\"https:\/\/schema.org\",\"@graph\":[{\"@type\":\"WebSite\",\"@id\":\"https:\/\/savedonderberg.laeken.brussels\/#website\",\"url\":\"https:\/\/savedonderberg.laeken.brussels\/\",\"name\":\"Save Donderberg - Laeken\",\"description\":\"Sauvons l&#039;espace vert du Donderberg \\u00e0 Laeken\",\"potentialAction\":[{\"@type\":\"SearchAction\",\"target\":\"https:\/\/savedonderberg.laeken.brussels\/?s={search_term_string}\",\"query-input\":\"required name=search_term_string\"}],\"inLanguage\":\"en-GB\"},{\"@type\":\"WebPage\",\"@id\":\"https:\/\/savedonderberg.laeken.brussels\/index.php\/dossier-de-presse\/#webpage\",\"url\":\"https:\/\/savedonderberg.laeken.brussels\/index.php\/dossier-de-presse\/\",\"name\":\"Dossier de presse - janvier 2020 - Save Donderberg - Laeken\",\"isPartOf\":{\"@id\":\"https:\/\/savedonderberg.laeken.brussels\/#website\"},\"datePublished\":\"2020-06-15T13:49:20+00:00\",\"dateModified\":\"2021-02-22T21:37:49+00:00\",\"inLanguage\":\"en-GB\",\"potentialAction\":[{\"@type\":\"ReadAction\",\"target\":[\"https:\/\/savedonderberg.laeken.brussels\/index.php\/dossier-de-presse\/\"]}]}]}<\/script>\n<!-- \/ Yoast SEO plugin. -->","_links":{"self":[{"href":"https:\/\/savedonderberg.laeken.brussels\/index.php\/wp-json\/wp\/v2\/pages\/375"}],"collection":[{"href":"https:\/\/savedonderberg.laeken.brussels\/index.php\/wp-json\/wp\/v2\/pages"}],"about":[{"href":"https:\/\/savedonderberg.laeken.brussels\/index.php\/wp-json\/wp\/v2\/types\/page"}],"author":[{"embeddable":true,"href":"https:\/\/savedonderberg.laeken.brussels\/index.php\/wp-json\/wp\/v2\/users\/1"}],"replies":[{"embeddable":true,"href":"https:\/\/savedonderberg.laeken.brussels\/index.php\/wp-json\/wp\/v2\/comments?post=375"}],"version-history":[{"count":4,"href":"https:\/\/savedonderberg.laeken.brussels\/index.php\/wp-json\/wp\/v2\/pages\/375\/revisions"}],"predecessor-version":[{"id":735,"href":"https:\/\/savedonderberg.laeken.brussels\/index.php\/wp-json\/wp\/v2\/pages\/375\/revisions\/735"}],"wp:attachment":[{"href":"https:\/\/savedonderberg.laeken.brussels\/index.php\/wp-json\/wp\/v2\/media?parent=375"}],"curies":[{"name":"wp","href":"https:\/\/api.w.org\/{rel}","templated":true}]}}