{"id":356,"date":"2020-06-15T12:31:23","date_gmt":"2020-06-15T12:31:23","guid":{"rendered":"http:\/\/savedonderberg.laeken.brussels\/?page_id=356"},"modified":"2021-02-13T15:46:09","modified_gmt":"2021-02-13T15:46:09","slug":"demandes-pour-lete-2020","status":"publish","type":"page","link":"https:\/\/savedonderberg.laeken.brussels\/index.php\/demandes-pour-lete-2020\/","title":{"rendered":"Demandes pour l&#8217;\u00e9t\u00e9 2020"},"content":{"rendered":"\n<p><strong>R\u00e9agissant aux multiples initiatives de la Ville de Bruxelles pour verduriser et am\u00e9liorer la  qualit\u00e9 de l\u2019espace urbain, nous r\u00e9pondons \u00ab pr\u00e9sents \u00bb et souhaitons ouvrir le  Donderberg au quartier.<\/strong> <\/p>\n\n\n\n<p>Dans une d\u00e9marche d\u2019urbanisme tactique, la R\u00e9gion bruxelloise  appelle aussi \u00e0 des pop-up ou affectations provisoires de zones vertes et sites naturels pour  les mettre \u00e0 la disposition des habitants restant \u00e0 Bruxelles pendant les canicules estivales  (Bruzz, 27\/5\/2020).<\/p>\n\n\n\n<p>Avec la crise sanitaire et le confinement, nous avons tous ressenti l\u2019importance pour la sant\u00e9 &#8211; y compris mentale &#8211; d\u2019avoir des espaces verts de proximit\u00e9. <strong>Nous proposons de concr\u00e9tiser sans tarder l\u2019ouverture de la route utilis\u00e9e par Bruxelles-Environnement aux pi\u00e9tons pour  permettre un acc\u00e8s plus facile au Jardin du Fleuriste aux habitants du quartier Bockstael. (Cette ouverture est pr\u00e9vue <\/strong>dans le cadre du projet de r\u00e9novation des serres.) <\/p>\n\n\n\n<p>La route se situe sur la partie est du site et m\u00e8ne aux installations de Bruxelles-Environnement situ\u00e9es en  contrebas du Jardin du fleuriste. L\u2019ouverture doit \u00eatre r\u00e9alis\u00e9e de mani\u00e8re s\u00e9curis\u00e9e pour les  parcelles des riverains.<\/p>\n\n\n\n<p><br> Par ailleurs, de mani\u00e8re \u00e0 d\u00e9senclaver le site et \u00e0 l\u2019ouvrir au quartier et \u00e0 ses habitants, nous  demandons \u00e0 la Ville d\u2019envisager avec les riverains la revalorisation des <strong>chemins vicinaux<\/strong> traversant le site (et l&#8217;ouverture du portail rue des Horticulteurs).<\/p>\n\n\n\n<p>Plus d&#8217;informations sur  la route existante menant aux serres depuis la rue des Horticulteurs et l\u2019acc\u00e8s demand\u00e9 : <a href=\"http:\/\/savedonderberg.laeken.brussels\/index.php\/acces\/\"> http:\/\/savedonderberg.laeken.brussels\/index.php\/acces\/<\/a><\/p>\n","protected":false},"excerpt":{"rendered":"<p>R\u00e9agissant aux multiples initiatives de la Ville de Bruxelles pour verduriser et am\u00e9liorer la qualit\u00e9 de l\u2019espace urbain, nous r\u00e9pondons \u00ab pr\u00e9sents \u00bb et souhaitons ouvrir le Donderberg au quartier. Dans une d\u00e9marche d\u2019urbanisme tactique, la R\u00e9gion bruxelloise appelle aussi \u00e0 des pop-up ou affectations provisoires de zones vertes et sites naturels pour les mettre &hellip; <\/p>\n<p class=\"link-more\"><a href=\"https:\/\/savedonderberg.laeken.brussels\/index.php\/demandes-pour-lete-2020\/\" class=\"more-link\">Read more<span class=\"screen-reader-text\"> &#8220;Demandes pour l&#8217;\u00e9t\u00e9 2020&#8221;<\/span><\/a><\/p>\n","protected":false},"author":1,"featured_media":295,"parent":0,"menu_order":0,"comment_status":"closed","ping_status":"closed","template":"","meta":{"footnotes":""},"yoast_head":"<!-- This site is optimized with the Yoast SEO plugin v15.7 - https:\/\/yoast.com\/wordpress\/plugins\/seo\/ -->\n<title>Demandes pour l&#039;\u00e9t\u00e9 2020 - Save Donderberg - Laeken<\/title>\n<meta name=\"robots\" content=\"index, follow, max-snippet:-1, max-image-preview:large, max-video-preview:-1\" \/>\n<link rel=\"canonical\" href=\"https:\/\/savedonderberg.laeken.brussels\/index.php\/demandes-pour-lete-2020\/\" \/>\n<meta property=\"og:locale\" content=\"en_GB\" \/>\n<meta property=\"og:type\" content=\"article\" \/>\n<meta property=\"og:title\" content=\"Demandes pour l&#039;\u00e9t\u00e9 2020 - Save Donderberg - Laeken\" \/>\n<meta property=\"og:description\" content=\"R\u00e9agissant aux multiples initiatives de la Ville de Bruxelles pour verduriser et am\u00e9liorer la qualit\u00e9 de l\u2019espace urbain, nous r\u00e9pondons \u00ab pr\u00e9sents \u00bb et souhaitons ouvrir le Donderberg au quartier. Dans une d\u00e9marche d\u2019urbanisme tactique, la R\u00e9gion bruxelloise appelle aussi \u00e0 des pop-up ou affectations provisoires de zones vertes et sites naturels pour les mettre &hellip; Read more &quot;Demandes pour l&#8217;\u00e9t\u00e9 2020&quot;\" \/>\n<meta property=\"og:url\" content=\"https:\/\/savedonderberg.laeken.brussels\/index.php\/demandes-pour-lete-2020\/\" \/>\n<meta property=\"og:site_name\" content=\"Save Donderberg - Laeken\" \/>\n<meta property=\"article:modified_time\" content=\"2021-02-13T15:46:09+00:00\" \/>\n<meta property=\"og:image\" content=\"https:\/\/savedonderberg.laeken.brussels\/wp-content\/uploads\/2020\/05\/P1220714-1024x769.jpg\" \/>\n\t<meta property=\"og:image:width\" content=\"1024\" \/>\n\t<meta property=\"og:image:height\" content=\"769\" \/>\n<meta name=\"twitter:card\" content=\"summary_large_image\" \/>\n<meta name=\"twitter:label1\" content=\"Estimated reading time\">\n\t<meta name=\"twitter:data1\" content=\"1 minute\">\n<script type=\"application\/ld+json\" class=\"yoast-schema-graph\">{\"@context\":\"https:\/\/schema.org\",\"@graph\":[{\"@type\":\"WebSite\",\"@id\":\"https:\/\/savedonderberg.laeken.brussels\/#website\",\"url\":\"https:\/\/savedonderberg.laeken.brussels\/\",\"name\":\"Save Donderberg - Laeken\",\"description\":\"Sauvons l&#039;espace vert du Donderberg \\u00e0 Laeken\",\"potentialAction\":[{\"@type\":\"SearchAction\",\"target\":\"https:\/\/savedonderberg.laeken.brussels\/?s={search_term_string}\",\"query-input\":\"required name=search_term_string\"}],\"inLanguage\":\"en-GB\"},{\"@type\":\"ImageObject\",\"@id\":\"https:\/\/savedonderberg.laeken.brussels\/index.php\/demandes-pour-lete-2020\/#primaryimage\",\"inLanguage\":\"en-GB\",\"url\":\"https:\/\/savedonderberg.laeken.brussels\/wp-content\/uploads\/2020\/05\/P1220714-scaled.jpg\",\"width\":2560,\"height\":1922},{\"@type\":\"WebPage\",\"@id\":\"https:\/\/savedonderberg.laeken.brussels\/index.php\/demandes-pour-lete-2020\/#webpage\",\"url\":\"https:\/\/savedonderberg.laeken.brussels\/index.php\/demandes-pour-lete-2020\/\",\"name\":\"Demandes pour l'\\u00e9t\\u00e9 2020 - Save Donderberg - Laeken\",\"isPartOf\":{\"@id\":\"https:\/\/savedonderberg.laeken.brussels\/#website\"},\"primaryImageOfPage\":{\"@id\":\"https:\/\/savedonderberg.laeken.brussels\/index.php\/demandes-pour-lete-2020\/#primaryimage\"},\"datePublished\":\"2020-06-15T12:31:23+00:00\",\"dateModified\":\"2021-02-13T15:46:09+00:00\",\"inLanguage\":\"en-GB\",\"potentialAction\":[{\"@type\":\"ReadAction\",\"target\":[\"https:\/\/savedonderberg.laeken.brussels\/index.php\/demandes-pour-lete-2020\/\"]}]}]}<\/script>\n<!-- \/ Yoast SEO plugin. -->","_links":{"self":[{"href":"https:\/\/savedonderberg.laeken.brussels\/index.php\/wp-json\/wp\/v2\/pages\/356"}],"collection":[{"href":"https:\/\/savedonderberg.laeken.brussels\/index.php\/wp-json\/wp\/v2\/pages"}],"about":[{"href":"https:\/\/savedonderberg.laeken.brussels\/index.php\/wp-json\/wp\/v2\/types\/page"}],"author":[{"embeddable":true,"href":"https:\/\/savedonderberg.laeken.brussels\/index.php\/wp-json\/wp\/v2\/users\/1"}],"replies":[{"embeddable":true,"href":"https:\/\/savedonderberg.laeken.brussels\/index.php\/wp-json\/wp\/v2\/comments?post=356"}],"version-history":[{"count":17,"href":"https:\/\/savedonderberg.laeken.brussels\/index.php\/wp-json\/wp\/v2\/pages\/356\/revisions"}],"predecessor-version":[{"id":626,"href":"https:\/\/savedonderberg.laeken.brussels\/index.php\/wp-json\/wp\/v2\/pages\/356\/revisions\/626"}],"wp:featuredmedia":[{"embeddable":true,"href":"https:\/\/savedonderberg.laeken.brussels\/index.php\/wp-json\/wp\/v2\/media\/295"}],"wp:attachment":[{"href":"https:\/\/savedonderberg.laeken.brussels\/index.php\/wp-json\/wp\/v2\/media?parent=356"}],"curies":[{"name":"wp","href":"https:\/\/api.w.org\/{rel}","templated":true}]}}