{"id":352,"date":"2020-06-15T12:32:48","date_gmt":"2020-06-15T12:32:48","guid":{"rendered":"http:\/\/savedonderberg.laeken.brussels\/?page_id=352"},"modified":"2021-02-06T11:17:59","modified_gmt":"2021-02-06T11:17:59","slug":"avis-commission-de-concertation","status":"publish","type":"page","link":"https:\/\/savedonderberg.laeken.brussels\/index.php\/avis-commission-de-concertation\/","title":{"rendered":"HOP3 : avis de la Commission de Concertation"},"content":{"rendered":"\n<p><strong>La commission de concertation a rendu son avis le 03 mars 2020<\/strong><\/p>\n\n\n\n<p><a href=\"https:\/\/www.bruxelles.be\/sites\/default\/files\/20200303_avis_web.pdf\"><br> https:\/\/www.bruxelles.be\/sites\/default\/files\/20200303_avis_web.pdf <\/a><\/p>\n\n\n\n<p><br>Pour rappel, au terme de l\u2019enqu\u00eate portant sur la demande de permis mixte du projet dit HOP3, la commission de concertation tenue le 4 d\u00e9cembre 2019 avait donn\u00e9 l\u2019occasion au comit\u00e9 de quartier et \u00e0 de nombreux habitants d\u2019exprimer leurs griefs. La commission de concertation a finalement rendu un avis le 03 mars 2020.<\/p>\n\n\n\n<p><br> Au terme d\u2019une longue p\u00e9riode de r\u00e9flexion, la commission a rendu un avis favorable,<br> n\u00e9anmoins assorti de nombreuses conditions. <strong>La construction des 49 logements et du parking souterrain pr\u00e9vus \u00e0 l\u2019origine sont d\u00e9clar\u00e9s ind\u00e9sirables sur le site m\u00eame.<\/strong> Quelques  logements pourraient n\u00e9anmoins \u00eatre construits \u00e0 front de rue, en vis-\u00e0-vis de l\u2019\u00e9cole  n\u00e9erlandophone, au d\u00e9but de la rue des Horticulteurs.  <strong>L&#8217;\u00e9cole de 672 places est, en  revanche, maintenue mais son emplacement doit \u00eatre \u00ab am\u00e9lior\u00e9 \u00bb, en pr\u00e9servant au  maximum les arbres. Vu l\u2019ampleur des modifications une nouvelle commission de  concertation devra avoir lieu pour le nouveau projet \u00e0 venir, \u00ab HOP4 \u00bb.<br> Du point de vue des habitants, le rejet des logements et du parking constitue une avanc\u00e9e notable, \u00e0 mettre sur le compte de la prise de conscience \u00e9cologique et de la pression exerc\u00e9e par les citoyens, et en particulier les signataires de notre <a href=\"https:\/\/www.change.org\/p\/la-e-ken-save-donderberg-sauvons-le-donderberg-red-donderberg\" target=\"_blank\" rel=\"noreferrer noopener\">p\u00e9tition<\/a>.<\/strong> <br> Cependant, nous ne pouvons nous consid\u00e9rer comme satisfaits \u00e0 ce stade, vu que ce que  nous r\u00e9clamons est une modification du PRAS et l\u2019affectation du Donderberg en zone  naturelle. De plus, l\u2019\u00e9cole repr\u00e9senterait une charge insoutenable pour le quartier et  d\u00e9truirait un site patrimonial et naturel pour y placer un \u00e9quipement public. Mais ne  mettons pas la charrue avant les b\u0153ufs et attendons la d\u00e9finition du projet HOP 4 pour  r\u00e9agir sur des faits. En attendant, nous formulons des demandes pour l&#8217;\u00e9t\u00e9 2020 <a href=\"http:\/\/savedonderberg.laeken.brussels\/index.php\/demandes-pour-lete-2020\/\">(ici)<\/a><\/p>\n\n\n\n<p>Voici quelques photos du Donderberg au printemps<br><a href=\"http:\/\/savedonderberg.laeken.brussels\/index.php\/photos\/printemps\/\">http:\/\/savedonderberg.laeken.brussels\/index.php\/photos\/printemps\/<\/a><\/p>\n\n\n\n<p>Voici l&#8217;essentiel de l&#8217; <strong>\u00ab Avis FAVORABLE sous conditions :<\/strong><\/p>\n\n\n\n<ul><li><strong>supprimer les logements \u00e0 l\u2019int\u00e9rieur du site, ainsi que le parking souterrain ;<\/strong><\/li><li><strong>compl\u00e9ter le front b\u00e2ti de la rue des Horticulteurs par un volume b\u00e2ti implant\u00e9 \u00e0 l\u2019entr\u00e9e du site et proposant un programme r\u00e9duit de logements ;<\/strong><\/li><li><strong>limiter l\u2019acc\u00e8s carrossable vers l\u2019int\u00e9rieur du site aux v\u00e9hicules de secours et aux livraisons pour l\u2019\u00e9cole et revoir son am\u00e9nagement en cons\u00e9quence, en s\u2019\u00e9cartant davantage des propri\u00e9t\u00e9s voisines, tout en pr\u00e9servant les arbres remarquables ;<\/strong><\/li><li><strong>revoir les am\u00e9nagements paysagers pr\u00e9vus \u00e0 l\u2019int\u00e9rieur du site en limitant fortement leur emprise au sol et en pr\u00e9servant davantage de terrain \u00e0 l\u2019\u00e9tat naturel, tendant vers une superficie \u00e9quivalente \u00e0 la moiti\u00e9 du site et d\u2019un seul tenant, tout en maintenant un maximum d\u2019arbres pr\u00e9sents sur le site ;<\/strong><\/li><li><strong>\u00e9tudier l\u2019implantation de l\u2019\u00e9cole en augmentant si possible la distance entre l\u2019\u00e9cole et les propri\u00e9t\u00e9s voisines sises rue des Horticulteurs de mani\u00e8re \u00e0 r\u00e9duire son impact sur ces parcelles ;<\/strong><\/li><li><strong>\u00e9tudier la possibilit\u00e9 d\u2019am\u00e9nager des acc\u00e8s cyclo-pi\u00e9tons suppl\u00e9mentaires \u00e0 l\u2019est du site ;<\/strong><\/li><li><strong>faire \u00e9tudier le statut et la gestion des zones naturelles maintenues \u00e0 l\u2019int\u00e9rieur du site ;<\/strong><\/li><li><strong>prendre toutes les mesures possibles et n\u00e9cessaires de protection durant le chantier en limitant l\u2019emprise du chantier de mani\u00e8re \u00e0 ne pas interf\u00e9rer dans la zone maintenue \u00e0 l\u2019\u00e9tat naturel et de mani\u00e8re \u00e0 garantir la survie des arbres \u00e0 maintenir ;<\/strong><\/li><li><strong>supprimer la r\u00e9duction de la largeur du trottoir \u00e0 1,5 m au niveau de l\u2019entr\u00e9e de l\u2019\u00e9cole \u2018t Plantzoentje. \u00bb<\/strong><\/li><\/ul>\n","protected":false},"excerpt":{"rendered":"<p>La commission de concertation a rendu son avis le 03 mars 2020 https:\/\/www.bruxelles.be\/sites\/default\/files\/20200303_avis_web.pdf Pour rappel, au terme de l\u2019enqu\u00eate portant sur la demande de permis mixte du projet dit HOP3, la commission de concertation tenue le 4 d\u00e9cembre 2019 avait donn\u00e9 l\u2019occasion au comit\u00e9 de quartier et \u00e0 de nombreux habitants d\u2019exprimer leurs griefs. La &hellip; <\/p>\n<p class=\"link-more\"><a href=\"https:\/\/savedonderberg.laeken.brussels\/index.php\/avis-commission-de-concertation\/\" class=\"more-link\">Read more<span class=\"screen-reader-text\"> &#8220;HOP3 : avis de la Commission de Concertation&#8221;<\/span><\/a><\/p>\n","protected":false},"author":1,"featured_media":221,"parent":0,"menu_order":0,"comment_status":"closed","ping_status":"closed","template":"","meta":{"footnotes":""},"yoast_head":"<!-- This site is optimized with the Yoast SEO plugin v15.7 - https:\/\/yoast.com\/wordpress\/plugins\/seo\/ -->\n<title>HOP3 : avis de la Commission de Concertation - Save Donderberg - Laeken<\/title>\n<meta name=\"robots\" content=\"index, follow, max-snippet:-1, max-image-preview:large, max-video-preview:-1\" \/>\n<link rel=\"canonical\" href=\"https:\/\/savedonderberg.laeken.brussels\/index.php\/avis-commission-de-concertation\/\" \/>\n<meta property=\"og:locale\" content=\"en_GB\" \/>\n<meta property=\"og:type\" content=\"article\" \/>\n<meta property=\"og:title\" content=\"HOP3 : avis de la Commission de Concertation - Save Donderberg - Laeken\" \/>\n<meta property=\"og:description\" content=\"La commission de concertation a rendu son avis le 03 mars 2020 https:\/\/www.bruxelles.be\/sites\/default\/files\/20200303_avis_web.pdf Pour rappel, au terme de l\u2019enqu\u00eate portant sur la demande de permis mixte du projet dit HOP3, la commission de concertation tenue le 4 d\u00e9cembre 2019 avait donn\u00e9 l\u2019occasion au comit\u00e9 de quartier et \u00e0 de nombreux habitants d\u2019exprimer leurs griefs. La &hellip; Read more &quot;HOP3 : avis de la Commission de Concertation&quot;\" \/>\n<meta property=\"og:url\" content=\"https:\/\/savedonderberg.laeken.brussels\/index.php\/avis-commission-de-concertation\/\" \/>\n<meta property=\"og:site_name\" content=\"Save Donderberg - Laeken\" \/>\n<meta property=\"article:modified_time\" content=\"2021-02-06T11:17:59+00:00\" \/>\n<meta property=\"og:image\" content=\"https:\/\/savedonderberg.laeken.brussels\/wp-content\/uploads\/2020\/02\/renard-1024x576.png\" \/>\n\t<meta property=\"og:image:width\" content=\"1024\" \/>\n\t<meta property=\"og:image:height\" content=\"576\" \/>\n<meta name=\"twitter:card\" content=\"summary_large_image\" \/>\n<meta name=\"twitter:label1\" content=\"Estimated reading time\">\n\t<meta name=\"twitter:data1\" content=\"3 minutes\">\n<script type=\"application\/ld+json\" class=\"yoast-schema-graph\">{\"@context\":\"https:\/\/schema.org\",\"@graph\":[{\"@type\":\"WebSite\",\"@id\":\"https:\/\/savedonderberg.laeken.brussels\/#website\",\"url\":\"https:\/\/savedonderberg.laeken.brussels\/\",\"name\":\"Save Donderberg - Laeken\",\"description\":\"Sauvons l&#039;espace vert du Donderberg \\u00e0 Laeken\",\"potentialAction\":[{\"@type\":\"SearchAction\",\"target\":\"https:\/\/savedonderberg.laeken.brussels\/?s={search_term_string}\",\"query-input\":\"required name=search_term_string\"}],\"inLanguage\":\"en-GB\"},{\"@type\":\"ImageObject\",\"@id\":\"https:\/\/savedonderberg.laeken.brussels\/index.php\/avis-commission-de-concertation\/#primaryimage\",\"inLanguage\":\"en-GB\",\"url\":\"https:\/\/savedonderberg.laeken.brussels\/wp-content\/uploads\/2020\/02\/renard.png\",\"width\":1920,\"height\":1080},{\"@type\":\"WebPage\",\"@id\":\"https:\/\/savedonderberg.laeken.brussels\/index.php\/avis-commission-de-concertation\/#webpage\",\"url\":\"https:\/\/savedonderberg.laeken.brussels\/index.php\/avis-commission-de-concertation\/\",\"name\":\"HOP3 : avis de la Commission de Concertation - Save Donderberg - Laeken\",\"isPartOf\":{\"@id\":\"https:\/\/savedonderberg.laeken.brussels\/#website\"},\"primaryImageOfPage\":{\"@id\":\"https:\/\/savedonderberg.laeken.brussels\/index.php\/avis-commission-de-concertation\/#primaryimage\"},\"datePublished\":\"2020-06-15T12:32:48+00:00\",\"dateModified\":\"2021-02-06T11:17:59+00:00\",\"inLanguage\":\"en-GB\",\"potentialAction\":[{\"@type\":\"ReadAction\",\"target\":[\"https:\/\/savedonderberg.laeken.brussels\/index.php\/avis-commission-de-concertation\/\"]}]}]}<\/script>\n<!-- \/ Yoast SEO plugin. -->","_links":{"self":[{"href":"https:\/\/savedonderberg.laeken.brussels\/index.php\/wp-json\/wp\/v2\/pages\/352"}],"collection":[{"href":"https:\/\/savedonderberg.laeken.brussels\/index.php\/wp-json\/wp\/v2\/pages"}],"about":[{"href":"https:\/\/savedonderberg.laeken.brussels\/index.php\/wp-json\/wp\/v2\/types\/page"}],"author":[{"embeddable":true,"href":"https:\/\/savedonderberg.laeken.brussels\/index.php\/wp-json\/wp\/v2\/users\/1"}],"replies":[{"embeddable":true,"href":"https:\/\/savedonderberg.laeken.brussels\/index.php\/wp-json\/wp\/v2\/comments?post=352"}],"version-history":[{"count":11,"href":"https:\/\/savedonderberg.laeken.brussels\/index.php\/wp-json\/wp\/v2\/pages\/352\/revisions"}],"predecessor-version":[{"id":431,"href":"https:\/\/savedonderberg.laeken.brussels\/index.php\/wp-json\/wp\/v2\/pages\/352\/revisions\/431"}],"wp:featuredmedia":[{"embeddable":true,"href":"https:\/\/savedonderberg.laeken.brussels\/index.php\/wp-json\/wp\/v2\/media\/221"}],"wp:attachment":[{"href":"https:\/\/savedonderberg.laeken.brussels\/index.php\/wp-json\/wp\/v2\/media?parent=352"}],"curies":[{"name":"wp","href":"https:\/\/api.w.org\/{rel}","templated":true}]}}