{"id":298,"date":"2020-05-15T19:50:23","date_gmt":"2020-05-15T19:50:23","guid":{"rendered":"http:\/\/savedonderberg.laeken.brussels\/?page_id=298"},"modified":"2021-02-06T17:16:44","modified_gmt":"2021-02-06T17:16:44","slug":"acces","status":"publish","type":"page","link":"https:\/\/savedonderberg.laeken.brussels\/index.php\/acces\/","title":{"rendered":"Acc\u00e8s au Jardin du Fleuriste via le Donderberg"},"content":{"rendered":"\n<p class=\"has-text-align-left has-medium-font-size\">L&#8217;acc\u00e8s au Jardin du Fleuriste par la rue des horticulteurs est pr\u00e9vu dans le cadre de la r\u00e9novation des serres du fleuriste. Nous demandons de <strong>ne pas attendre<\/strong> la fin des travaux afin de donner une bulle d&#8217;air aux habitants du quartier Bockstael. L&#8217;acc\u00e8s est facile \u00e0 r\u00e9aliser (il faut certes le s\u00e9curiser pour assurer la qui\u00e9tude des riverains). La route &#8220;priv\u00e9e&#8221; emprunt\u00e9e par Bruxelles-Environnement pourrait \u00eatre partag\u00e9e avec les pi\u00e9tons. Cela donnerait un acc\u00e8s plus rapide \u00e0 ce beau parc r\u00e9gional aux habitants du quartier Bockstael via une promenade verte. <strong>Le chemin existe, utilisons le !<\/strong>  <\/p>\n\n\n\n<p class=\"has-text-align-left has-medium-font-size\">Le trajet propos\u00e9 est aussi repris dans le <a href=\"http:\/\/savedonderberg.laeken.brussels\/index.php\/projet-alternatif\/\">projet alternatif<\/a> de la r\u00e9gion, et la signal\u00e9tique indiquant l\u2019acc\u00e8s (&#8220;Serres du fleuriste&#8221;) via l&#8217;entr\u00e9e rue des Horticulteurs est d&#8217;ailleurs en place dans le quartier depuis de nombreuses ann\u00e9es.<\/p>\n\n\n\n<p><\/p>\n\n\n\n<figure class=\"wp-block-image is-resized\"><img fetchpriority=\"high\" decoding=\"async\" src=\"http:\/\/savedonderberg.laeken.brussels\/wp-content\/uploads\/2020\/05\/P1220714-scaled.jpg\" alt=\"\" class=\"wp-image-295\" width=\"1125\" height=\"844\" srcset=\"https:\/\/savedonderberg.laeken.brussels\/wp-content\/uploads\/2020\/05\/P1220714-scaled.jpg 2560w, https:\/\/savedonderberg.laeken.brussels\/wp-content\/uploads\/2020\/05\/P1220714-300x225.jpg 300w, https:\/\/savedonderberg.laeken.brussels\/wp-content\/uploads\/2020\/05\/P1220714-1024x769.jpg 1024w, https:\/\/savedonderberg.laeken.brussels\/wp-content\/uploads\/2020\/05\/P1220714-768x577.jpg 768w, https:\/\/savedonderberg.laeken.brussels\/wp-content\/uploads\/2020\/05\/P1220714-1536x1153.jpg 1536w, https:\/\/savedonderberg.laeken.brussels\/wp-content\/uploads\/2020\/05\/P1220714-2048x1538.jpg 2048w, https:\/\/savedonderberg.laeken.brussels\/wp-content\/uploads\/2020\/05\/P1220714-scaled-2000x1502.jpg 2000w\" sizes=\"(max-width: 1125px) 100vw, 1125px\" \/><figcaption>Le chemin existe, utilisons le !<\/figcaption><\/figure>\n\n\n\n<p><\/p>\n\n\n\n<p><\/p>\n\n\n\n<figure class=\"wp-block-image size-full is-resized\"><img decoding=\"async\" src=\"http:\/\/savedonderberg.laeken.brussels\/wp-content\/uploads\/2020\/05\/IBGE_ouverture.png\" alt=\"\" class=\"wp-image-310\" width=\"1064\" height=\"690\" srcset=\"https:\/\/savedonderberg.laeken.brussels\/wp-content\/uploads\/2020\/05\/IBGE_ouverture.png 1216w, https:\/\/savedonderberg.laeken.brussels\/wp-content\/uploads\/2020\/05\/IBGE_ouverture-300x195.png 300w, https:\/\/savedonderberg.laeken.brussels\/wp-content\/uploads\/2020\/05\/IBGE_ouverture-1024x664.png 1024w, https:\/\/savedonderberg.laeken.brussels\/wp-content\/uploads\/2020\/05\/IBGE_ouverture-768x498.png 768w\" sizes=\"(max-width: 1064px) 100vw, 1064px\" \/><figcaption>Acc\u00e8s au Jardin du Fleuriste \u00e0 partir de la rue des Horticulteurs<\/figcaption><\/figure>\n\n\n\n<figure class=\"wp-block-image size-large is-resized\"><img decoding=\"async\" src=\"http:\/\/savedonderberg.laeken.brussels\/wp-content\/uploads\/2020\/05\/P1220717-1024x769.jpg\" alt=\"\" class=\"wp-image-296\" width=\"1093\" height=\"820\" srcset=\"https:\/\/savedonderberg.laeken.brussels\/wp-content\/uploads\/2020\/05\/P1220717-1024x769.jpg 1024w, https:\/\/savedonderberg.laeken.brussels\/wp-content\/uploads\/2020\/05\/P1220717-300x225.jpg 300w, https:\/\/savedonderberg.laeken.brussels\/wp-content\/uploads\/2020\/05\/P1220717-768x577.jpg 768w, https:\/\/savedonderberg.laeken.brussels\/wp-content\/uploads\/2020\/05\/P1220717-1536x1153.jpg 1536w, https:\/\/savedonderberg.laeken.brussels\/wp-content\/uploads\/2020\/05\/P1220717-2048x1538.jpg 2048w\" sizes=\"(max-width: 1093px) 100vw, 1093px\" \/><figcaption>Entr\u00e9e rue des horticulteurs<\/figcaption><\/figure>\n\n\n\n<p>Ci dessous l&#8217;acc\u00e8s utilis\u00e9 par Bruxelles Environnement. La promenade verte se situe derri\u00e8re la porte. La signal\u00e9tique est d\u00e9j\u00e0 l\u00e0 (depuis une dizaine d&#8217;ann\u00e9es !) L&#8217;acc\u00e8s existe, utilisons-le !<\/p>\n\n\n\n<figure class=\"wp-block-image size-large is-resized\"><img loading=\"lazy\" decoding=\"async\" src=\"http:\/\/savedonderberg.laeken.brussels\/wp-content\/uploads\/2020\/05\/IBGE_porte_small-1024x658.jpg\" alt=\"\" class=\"wp-image-326\" width=\"1056\" height=\"678\" srcset=\"https:\/\/savedonderberg.laeken.brussels\/wp-content\/uploads\/2020\/05\/IBGE_porte_small-1024x658.jpg 1024w, https:\/\/savedonderberg.laeken.brussels\/wp-content\/uploads\/2020\/05\/IBGE_porte_small-300x193.jpg 300w, https:\/\/savedonderberg.laeken.brussels\/wp-content\/uploads\/2020\/05\/IBGE_porte_small-768x493.jpg 768w, https:\/\/savedonderberg.laeken.brussels\/wp-content\/uploads\/2020\/05\/IBGE_porte_small-1536x987.jpg 1536w, https:\/\/savedonderberg.laeken.brussels\/wp-content\/uploads\/2020\/05\/IBGE_porte_small-2048x1316.jpg 2048w\" sizes=\"(max-width: 1056px) 100vw, 1056px\" \/><\/figure>\n","protected":false},"excerpt":{"rendered":"<p>L&#8217;acc\u00e8s au Jardin du Fleuriste par la rue des horticulteurs est pr\u00e9vu dans le cadre de la r\u00e9novation des serres du fleuriste. Nous demandons de ne pas attendre la fin des travaux afin de donner une bulle d&#8217;air aux habitants du quartier Bockstael. L&#8217;acc\u00e8s est facile \u00e0 r\u00e9aliser (il faut certes le s\u00e9curiser pour assurer &hellip; <\/p>\n<p class=\"link-more\"><a href=\"https:\/\/savedonderberg.laeken.brussels\/index.php\/acces\/\" class=\"more-link\">Read more<span class=\"screen-reader-text\"> &#8220;Acc\u00e8s au Jardin du Fleuriste via le Donderberg&#8221;<\/span><\/a><\/p>\n","protected":false},"author":1,"featured_media":295,"parent":0,"menu_order":0,"comment_status":"closed","ping_status":"closed","template":"","meta":{"footnotes":""},"yoast_head":"<!-- This site is optimized with the Yoast SEO plugin v15.7 - https:\/\/yoast.com\/wordpress\/plugins\/seo\/ -->\n<title>Acc\u00e8s au Jardin du Fleuriste via le Donderberg - Save Donderberg - Laeken<\/title>\n<meta name=\"robots\" content=\"index, follow, max-snippet:-1, max-image-preview:large, max-video-preview:-1\" \/>\n<link rel=\"canonical\" href=\"https:\/\/savedonderberg.laeken.brussels\/index.php\/acces\/\" \/>\n<meta property=\"og:locale\" content=\"en_GB\" \/>\n<meta property=\"og:type\" content=\"article\" \/>\n<meta property=\"og:title\" content=\"Acc\u00e8s au Jardin du Fleuriste via le Donderberg - Save Donderberg - Laeken\" \/>\n<meta property=\"og:description\" content=\"L&#8217;acc\u00e8s au Jardin du Fleuriste par la rue des horticulteurs est pr\u00e9vu dans le cadre de la r\u00e9novation des serres du fleuriste. Nous demandons de ne pas attendre la fin des travaux afin de donner une bulle d&#8217;air aux habitants du quartier Bockstael. L&#8217;acc\u00e8s est facile \u00e0 r\u00e9aliser (il faut certes le s\u00e9curiser pour assurer &hellip; Read more &quot;Acc\u00e8s au Jardin du Fleuriste via le Donderberg&quot;\" \/>\n<meta property=\"og:url\" content=\"https:\/\/savedonderberg.laeken.brussels\/index.php\/acces\/\" \/>\n<meta property=\"og:site_name\" content=\"Save Donderberg - Laeken\" \/>\n<meta property=\"article:modified_time\" content=\"2021-02-06T17:16:44+00:00\" \/>\n<meta property=\"og:image\" content=\"https:\/\/savedonderberg.laeken.brussels\/wp-content\/uploads\/2020\/05\/P1220714-1024x769.jpg\" \/>\n\t<meta property=\"og:image:width\" content=\"1024\" \/>\n\t<meta property=\"og:image:height\" content=\"769\" \/>\n<meta name=\"twitter:card\" content=\"summary_large_image\" \/>\n<meta name=\"twitter:label1\" content=\"Estimated reading time\">\n\t<meta name=\"twitter:data1\" content=\"2 minutes\">\n<script type=\"application\/ld+json\" class=\"yoast-schema-graph\">{\"@context\":\"https:\/\/schema.org\",\"@graph\":[{\"@type\":\"WebSite\",\"@id\":\"https:\/\/savedonderberg.laeken.brussels\/#website\",\"url\":\"https:\/\/savedonderberg.laeken.brussels\/\",\"name\":\"Save Donderberg - Laeken\",\"description\":\"Sauvons l&#039;espace vert du Donderberg \\u00e0 Laeken\",\"potentialAction\":[{\"@type\":\"SearchAction\",\"target\":\"https:\/\/savedonderberg.laeken.brussels\/?s={search_term_string}\",\"query-input\":\"required name=search_term_string\"}],\"inLanguage\":\"en-GB\"},{\"@type\":\"ImageObject\",\"@id\":\"https:\/\/savedonderberg.laeken.brussels\/index.php\/acces\/#primaryimage\",\"inLanguage\":\"en-GB\",\"url\":\"https:\/\/savedonderberg.laeken.brussels\/wp-content\/uploads\/2020\/05\/P1220714-scaled.jpg\",\"width\":2560,\"height\":1922},{\"@type\":\"WebPage\",\"@id\":\"https:\/\/savedonderberg.laeken.brussels\/index.php\/acces\/#webpage\",\"url\":\"https:\/\/savedonderberg.laeken.brussels\/index.php\/acces\/\",\"name\":\"Acc\\u00e8s au Jardin du Fleuriste via le Donderberg - Save Donderberg - Laeken\",\"isPartOf\":{\"@id\":\"https:\/\/savedonderberg.laeken.brussels\/#website\"},\"primaryImageOfPage\":{\"@id\":\"https:\/\/savedonderberg.laeken.brussels\/index.php\/acces\/#primaryimage\"},\"datePublished\":\"2020-05-15T19:50:23+00:00\",\"dateModified\":\"2021-02-06T17:16:44+00:00\",\"inLanguage\":\"en-GB\",\"potentialAction\":[{\"@type\":\"ReadAction\",\"target\":[\"https:\/\/savedonderberg.laeken.brussels\/index.php\/acces\/\"]}]}]}<\/script>\n<!-- \/ Yoast SEO plugin. -->","_links":{"self":[{"href":"https:\/\/savedonderberg.laeken.brussels\/index.php\/wp-json\/wp\/v2\/pages\/298"}],"collection":[{"href":"https:\/\/savedonderberg.laeken.brussels\/index.php\/wp-json\/wp\/v2\/pages"}],"about":[{"href":"https:\/\/savedonderberg.laeken.brussels\/index.php\/wp-json\/wp\/v2\/types\/page"}],"author":[{"embeddable":true,"href":"https:\/\/savedonderberg.laeken.brussels\/index.php\/wp-json\/wp\/v2\/users\/1"}],"replies":[{"embeddable":true,"href":"https:\/\/savedonderberg.laeken.brussels\/index.php\/wp-json\/wp\/v2\/comments?post=298"}],"version-history":[{"count":37,"href":"https:\/\/savedonderberg.laeken.brussels\/index.php\/wp-json\/wp\/v2\/pages\/298\/revisions"}],"predecessor-version":[{"id":477,"href":"https:\/\/savedonderberg.laeken.brussels\/index.php\/wp-json\/wp\/v2\/pages\/298\/revisions\/477"}],"wp:featuredmedia":[{"embeddable":true,"href":"https:\/\/savedonderberg.laeken.brussels\/index.php\/wp-json\/wp\/v2\/media\/295"}],"wp:attachment":[{"href":"https:\/\/savedonderberg.laeken.brussels\/index.php\/wp-json\/wp\/v2\/media?parent=298"}],"curies":[{"name":"wp","href":"https:\/\/api.w.org\/{rel}","templated":true}]}}