{"id":236,"date":"2020-03-03T22:50:24","date_gmt":"2020-03-03T22:50:24","guid":{"rendered":"http:\/\/savedonderberg.laeken.brussels\/?page_id=236"},"modified":"2022-02-21T15:13:40","modified_gmt":"2022-02-21T15:13:40","slug":"demographie","status":"publish","type":"page","link":"https:\/\/savedonderberg.laeken.brussels\/index.php\/demographie\/","title":{"rendered":"Besoins scolaires &#038; D\u00e9mographie"},"content":{"rendered":"\n<p><strong>(infos compl\u00e9mentaires, f\u00e9vrier 2022)<\/strong><\/p>\n\n\n\n<p>En novembre 2021 , l&#8217;IBSA (Institut Bruxellois de Statistique et d&#8217;Analyse) \u00e0 publi\u00e9 une \u00e9tude qui confirme la baisse de la d\u00e9mographie et pr\u00e9voit la diminution de 15000 \u00e9l\u00e8ves en r\u00e9gion bruxelloise dans l&#8217;enseignement fondamental (soit l \u00e9quivalent de 22 \u00e9coles de la taille de celle du Donderberg) <a href=\"https:\/\/ibsa.brussels\/publications\/focus-de-l-ibsa\">Focus n\u00b0 48 de l&#8217;IBSA<\/a><\/p>\n\n\n\n<p>La Ville pr\u00e9voit \u00e0 proximit\u00e9 du Donderberg , la r\u00e9novation totale de l&#8217;\u00e9cole Droomboom (\u00e0 Bockstael) avec 400 places suppl\u00e9mentaires (enseignement fondamental NL) . (D\u00e9but des travaux pr\u00e9vus en 2023 )<\/p>\n\n\n\n<p>Il y a d\u00e9j\u00e0 aujourd&#8217;hui des places libres dans le quartier Houba<\/p>\n\n\n\n<p><strong> (Page \u00e9crite en mars 2021 ) <\/strong><\/p>\n\n\n\n<p>La raison d&#8217;\u00eatre du projet de la Ville est : &#8220;la population augmente  et il y a un manque d&#8217;\u00e9coles sur le quartier &#8220;Houba&#8221;, nous avons donc besoin de plus d&#8217;\u00e9coles&#8221;. Le rapport d&#8217;incidence du projet HOP3 (2016) justifiait d\u00e9j\u00e0 le projet d&#8217;\u00e9cole sur base de chiffres anciens (par exemple des chiffres\/cartes de 2009-2010 dans l&#8217;analyse des besoins socio-\u00e9conomiques). <\/p>\n\n\n\n<p>Ces chiffres sont aujourd&#8217;hui d\u00e9pass\u00e9s. Regardons la situation aujourd&#8217;hui et surtout demain. <\/p>\n\n\n\n<p class=\"has-medium-font-size\">Quelle est la situation<strong> aujourd&#8217;hui<\/strong> concernant l&#8217;offre scolaire?<\/p>\n\n\n\n<p>L&#8217;analyse se base sur la &#8220;capacit\u00e9 d\u2019accueil relative&#8221;, un indicateur que l&#8217;on retrouve sur le site web de l&#8217;IBSA (Institut Bruxellois de Statistique et d&#8217;Analyse). Pour le quartier statistique &#8220;Houba&#8221;, qui comprend une partie de Jette, la capacit\u00e9 d&#8217;accueil relative vaut 0,75 pour le primaire. Mais ce chiffre est calcul\u00e9 sans tenir compte des \u00e9coles du Sacr\u00e9-C\u0153ur, juste de l&#8217;autre c\u00f4t\u00e9 de la rue (!).  Ces \u00e9coles sont rattach\u00e9es au quartier &#8220;Parc Baudouin&#8221;, o\u00f9 il n&#8217;y a que 96 habitants. Si on tient compte de ces deux \u00e9coles on obtient une capacit\u00e9 relative de 1,18 (pour le cluster Houba+parc Baudoin), soit une offre suffisante. En outre, une enqu\u00eate t\u00e9l\u00e9phonique r\u00e9v\u00e8le l&#8217;existence de nombreuses places libres (&gt;90) dans le quartier Houba dans l&#8217;enseignement fondamental francophone. Il en est de m\u00eame dans le quartier du Heysel. <\/p>\n\n\n\n<p>\u00c0 Jette le nombre d&#8217;inscriptions dans le maternel (communal) a chut\u00e9 de 15% sur les 5 derni\u00e8res ann\u00e9es, augurant d&#8217;une tendance \u00e0 la baisse. L&#8217;enseignement catholique voit aussi une baisse (- 10,1 %) sur les 5 derni\u00e8res ann\u00e9es pour la Zone B2 (Bruxelles-ville, Jette et Ganshoren). Il nous revient, par ailleurs, que l&#8217;enseignement de la Ville de Bruxelles aurait aussi vu une r\u00e9duction de ses \u00e9l\u00e8ves pour l&#8217;ann\u00e9e 2020-2021 &#8230;<\/p>\n\n\n\n<p class=\"has-medium-font-size\">Quels seront les besoins <strong>demain<\/strong> ? <\/p>\n\n\n\n<p>Comme il faut du temps pour construire une \u00e9cole et que l&#8217;on construit une \u00e9cole pour des d\u00e9cennies, il faut aussi regarder les besoins futurs.<\/p>\n\n\n\n<p>Les projections d\u00e9mographiques pour la r\u00e9gion bruxelloise (plan.be) montrent une diminution du nombre d&#8217;enfants en \u00e2ge de fr\u00e9quenter le fondamental (le pic ayant eu lieu en 2020). Cette tendance est aussi visible sur base des observations au niveau de Laeken (chiffres IBSA).  <\/p>\n\n\n\n<p>La situation sera donc meilleure demain, sans construire d&#8217;\u00e9cole ou de places suppl\u00e9mentaires.<\/p>\n\n\n\n<p class=\"has-medium-font-size\">Et le covid ?<\/p>\n\n\n\n<p>Il est encore trop t\u00f4t pour avoir des chiffres. Mais il est probable que l&#8217;exode urbain ait \u00e9t\u00e9 amplifi\u00e9, que la migration internationale (qui alimente Bruxelles en nouveaux habitants) ait \u00e9t\u00e9 fortement frein\u00e9e, que les nouvelles opportunit\u00e9s de logements (bureaux vides) modifient les zones en densification. Tous ces facteurs feront revoir les projections d\u00e9mographiques \u00e0 la baisse en r\u00e9gion de Bruxelles et \u00e0 Houba en particulier.  L&#8217;IBSA devrait publier des chiffres prochainement. <\/p>\n\n\n\n<p>Rappelons enfin que l\u2019\u00e9cole n\u00e9erlandophone en face du site est \u00e0 moiti\u00e9 vide suite au d\u00e9m\u00e9nagement de &#8220;Martha Somers&#8221; . Il y a actuellement des projets en gestation, mais il y a une opportunit\u00e9 \u00e0 saisir pour la Ville. C&#8217;est d&#8217;autant plus important que l&#8217;enseignement n\u00e9erlandophone semble avoir le vent en poupe.<\/p>\n\n\n\n<p>Ci-dessous, nous examinons plus en d\u00e9tail la situation. Les visuels sont extraits de la <a href=\"http:\/\/savedonderberg.laeken.brussels\/wp-content\/uploads\/2021\/03\/presentation_LB_2021_PP.pdf\">pr\u00e9sentation<\/a> faite par Laeken.Brussels \u00e0 la Commission de Concertation du 23 mars 2021. <\/p>\n\n\n\n<p><strong>Avril 2021<\/strong>: Le 31 mars 2021 le bureau du plan a publi\u00e9 de nouvelles projections prenant en consid\u00e9ration le covid. Elle font \u00e9tat d&#8217;une diminution de pr\u00e9s de 17000 enfants en \u00e2ge scolaire (pour les \u00e9coles fondamentales) Pour la p\u00e9riode  2020-203 (une diminution de 12 %). \u00c7a \u00e9quivaut \u00e0 la capacit\u00e9 de plus de 25 \u00e9coles de la taille de l\u2019\u00e9cole HOP (!) sur la R\u00e9gion de Bruxelles Capitale (page 27 :   <a href=\"https:\/\/www.plan.be\/uploaded\/documents\/202103310840190.FOR_POP2070_12389_F.pdf\">https:\/\/www.plan.be\/uploaded\/documents\/202103310840190.FOR_POP2070_12389_F.pdf<\/a> )<\/p>\n\n\n\n<p class=\"has-medium-font-size\">Situation aujourd\u2019hui<\/p>\n\n\n\n<p>Le quartier statistique Houba comprend une partie (dense) de Jette , il s\u2019\u00e9tend de l&#8217;\u00e9cole europ\u00e9enne au parc Roi Baudouin. Il ne comprend pas les \u00e9coles du Sacr\u00e9-C\u0153ur (!).<\/p>\n\n\n\n<figure class=\"wp-block-image size-large\"><img fetchpriority=\"high\" decoding=\"async\" width=\"1024\" height=\"564\" src=\"http:\/\/savedonderberg.laeken.brussels\/wp-content\/uploads\/2021\/03\/quartier_houba-1024x564.png\" alt=\"\" class=\"wp-image-950\" srcset=\"https:\/\/savedonderberg.laeken.brussels\/wp-content\/uploads\/2021\/03\/quartier_houba-1024x564.png 1024w, https:\/\/savedonderberg.laeken.brussels\/wp-content\/uploads\/2021\/03\/quartier_houba-300x165.png 300w, https:\/\/savedonderberg.laeken.brussels\/wp-content\/uploads\/2021\/03\/quartier_houba-768x423.png 768w, https:\/\/savedonderberg.laeken.brussels\/wp-content\/uploads\/2021\/03\/quartier_houba.png 1459w\" sizes=\"(max-width: 1024px) 100vw, 1024px\" \/><\/figure>\n\n\n\n<p> <\/p>\n\n\n\n<p>Ci-dessous une capture d&#8217;\u00e9cran montrant la capacit\u00e9 d&#8217;accueil scolaire relative pour le primaire pour les quartiers Houba ET parc Baudouin ( soit 1.18 donc &gt; 1). Si l&#8217;on prend juste Houba on a 0.75, mais \u00e7a a du sens de regarder de l&#8217;autre c\u00f4t\u00e9 de la rue , pour inclure les \u00e9coles du Sacr\u00e9-Coeur (le quartier &#8220;parc Baudouin&#8221; ne compte que 96 habitants, \u00e9tant essentiellement constitu\u00e9 de parcs et zones naturelles.)<\/p>\n\n\n\n<figure class=\"wp-block-image size-large\"><img decoding=\"async\" width=\"1024\" height=\"569\" src=\"http:\/\/savedonderberg.laeken.brussels\/wp-content\/uploads\/2021\/03\/capacite_houba_baudouin_primaire-1024x569.png\" alt=\"\" class=\"wp-image-931\" srcset=\"https:\/\/savedonderberg.laeken.brussels\/wp-content\/uploads\/2021\/03\/capacite_houba_baudouin_primaire-1024x569.png 1024w, https:\/\/savedonderberg.laeken.brussels\/wp-content\/uploads\/2021\/03\/capacite_houba_baudouin_primaire-300x167.png 300w, https:\/\/savedonderberg.laeken.brussels\/wp-content\/uploads\/2021\/03\/capacite_houba_baudouin_primaire-768x427.png 768w, https:\/\/savedonderberg.laeken.brussels\/wp-content\/uploads\/2021\/03\/capacite_houba_baudouin_primaire-450x250.png 450w, https:\/\/savedonderberg.laeken.brussels\/wp-content\/uploads\/2021\/03\/capacite_houba_baudouin_primaire.png 1453w\" sizes=\"(max-width: 1024px) 100vw, 1024px\" \/><\/figure>\n\n\n\n<p>Remarque : l&#8217;indicateur de capacit\u00e9 d\u2019accueil relative pr\u00e9suppose que les \u00e9coles sont \u00e0 saturation, s&#8217;il y a des places non occup\u00e9es , cela n\u2019appara\u00eet pas dans cet indicateur. <strong>Cet indicateur est bas\u00e9 sur l\u2019hypoth\u00e8se d&#8217;une saturation des \u00e9coles.<\/strong> Or cette saturation n&#8217;est pas v\u00e9rifi\u00e9e sur le terrain.<\/p>\n\n\n\n<p class=\"has-medium-font-size\">Situation demain <\/p>\n\n\n\n<p>Le pic d\u00e9mographique dont on a tant parl\u00e9 est \u00e0 pr\u00e9sent d\u00e9pass\u00e9 : on va observer une d\u00e9croissance de la population scolaire dans les prochaines ann\u00e9es (suivie d&#8217;une remont\u00e9e qui n&#8217;atteindra pas le niveau d\u2019aujourd\u2019hui). Rappelons, en outre, que des places scolaires ont \u00e9t\u00e9 cr\u00e9\u00e9es (r\u00e9novation et construction d&#8217;\u00e9coles).<\/p>\n\n\n\n<figure class=\"wp-block-image size-large\"><img decoding=\"async\" width=\"1024\" height=\"578\" src=\"http:\/\/savedonderberg.laeken.brussels\/wp-content\/uploads\/2021\/03\/Population_RBC_3_12-1024x578.png\" alt=\"\" class=\"wp-image-929\" srcset=\"https:\/\/savedonderberg.laeken.brussels\/wp-content\/uploads\/2021\/03\/Population_RBC_3_12-1024x578.png 1024w, https:\/\/savedonderberg.laeken.brussels\/wp-content\/uploads\/2021\/03\/Population_RBC_3_12-300x169.png 300w, https:\/\/savedonderberg.laeken.brussels\/wp-content\/uploads\/2021\/03\/Population_RBC_3_12-768x433.png 768w, https:\/\/savedonderberg.laeken.brussels\/wp-content\/uploads\/2021\/03\/Population_RBC_3_12.png 1457w\" sizes=\"(max-width: 1024px) 100vw, 1024px\" \/><\/figure>\n\n\n\n<p>La partie ci-dessous avait \u00e9t\u00e9 \u00e9crite pour HOP 3 (2019) mais reste pertinente (\u00e0 noter que le quartier &#8220;Parc Baudouin&#8221; appara\u00eet toujours en gris, car il y a un nombre insuffisant d&#8217;habitants, mais la capacit\u00e9 d&#8217;accueil scolaire existe r\u00e9ellement). En 2020 le bureau du plan a, \u00e0 son tour, revu les projections de population \u00e0 la baisse.<\/p>\n\n\n\n<p>Revenons au moment de la d\u00e9cision de lancer ce projet  (d\u00e9but des ann\u00e9es 2010), la croissance d\u00e9mographique sur le vieux-Laeken \u00e9tait tr\u00e8s forte (voir graph. ci-dessous). Avec un taux de croissance annuel parfois sup\u00e9rieur \u00e0 3 % (soit 15 % en 5 ans d\u2019augmentation de la population). Il \u00e9tait donc normal de vouloir r\u00e9pondre \u00e0 cette croissance en cr\u00e9ant des \u00e9coles.<\/p>\n\n\n\n<figure class=\"wp-block-image size-large\"><img loading=\"lazy\" decoding=\"async\" width=\"989\" height=\"724\" src=\"http:\/\/savedonderberg.laeken.brussels\/wp-content\/uploads\/2020\/03\/Capture-du-2020-03-03-23-31-07.png\" alt=\"\" class=\"wp-image-237\" srcset=\"https:\/\/savedonderberg.laeken.brussels\/wp-content\/uploads\/2020\/03\/Capture-du-2020-03-03-23-31-07.png 989w, https:\/\/savedonderberg.laeken.brussels\/wp-content\/uploads\/2020\/03\/Capture-du-2020-03-03-23-31-07-300x220.png 300w, https:\/\/savedonderberg.laeken.brussels\/wp-content\/uploads\/2020\/03\/Capture-du-2020-03-03-23-31-07-768x562.png 768w\" sizes=\"(max-width: 989px) 100vw, 989px\" \/><\/figure>\n\n\n\n<p>Quelques ann\u00e9es plus tard, le taux de croissance annuel n&#8217;est plus que de 0,5% : la croissance d\u00e9mographique a \u00e9t\u00e9 divis\u00e9e par 6 et devient tr\u00e8s raisonnable.<\/p>\n\n\n\n<figure class=\"wp-block-image size-large\"><img loading=\"lazy\" decoding=\"async\" width=\"989\" height=\"726\" src=\"http:\/\/savedonderberg.laeken.brussels\/wp-content\/uploads\/2020\/03\/Capture-du-2020-03-03-23-32-01.png\" alt=\"\" class=\"wp-image-238\" srcset=\"https:\/\/savedonderberg.laeken.brussels\/wp-content\/uploads\/2020\/03\/Capture-du-2020-03-03-23-32-01.png 989w, https:\/\/savedonderberg.laeken.brussels\/wp-content\/uploads\/2020\/03\/Capture-du-2020-03-03-23-32-01-300x220.png 300w, https:\/\/savedonderberg.laeken.brussels\/wp-content\/uploads\/2020\/03\/Capture-du-2020-03-03-23-32-01-768x564.png 768w\" sizes=\"(max-width: 989px) 100vw, 989px\" \/><\/figure>\n\n\n\n<p>Mais essayons de regarder vers le futur plut\u00f4t que dans le r\u00e9troviseur. Dans son cahier de 2016,  l&#8217;IBSA fait des projections d\u00e9mographiques pour la p\u00e9riode 2015-2025. (<a href=\"http:\/\/ibsa.brussels\/fichiers\/publications\/cahiers-de-libsa\/cahiers_ibsa_n_6_octobre_2016\">http:\/\/ibsa.brussels\/fichiers\/publications\/cahiers-de-libsa\/cahiers_ibsa_n_6_octobre_2016<\/a>) Malheureusement, il n&#8217;y a pas de donn\u00e9es sp\u00e9cifiques pour Laeken (repris dans la ville de Bruxelles).<\/p>\n\n\n\n<p>Pour la ville de Bruxelles sur la p\u00e9riode 2015_2020 , on pr\u00e9voyait une augmentation de 9%  et pour 2020_2025 une augmentation de 5%. Encore une fois, on remarque un ralentissement d\u00e9mographique. Sur la p\u00e9riode 2020_2025, on ne pr\u00e9voyait pas d&#8217;augmentation de population des enfants en \u00e2ge d\u2019\u00eatre scolaris\u00e9s \u00e0  l\u2019\u00e9cole primaire (pr\u00e9visions 2016)<\/p>\n\n\n\n<figure class=\"wp-block-image size-large\"><img loading=\"lazy\" decoding=\"async\" width=\"473\" height=\"580\" src=\"http:\/\/savedonderberg.laeken.brussels\/wp-content\/uploads\/2020\/03\/Capture-du-2020-03-05-11-51-37.png\" alt=\"\" class=\"wp-image-277\" srcset=\"https:\/\/savedonderberg.laeken.brussels\/wp-content\/uploads\/2020\/03\/Capture-du-2020-03-05-11-51-37.png 473w, https:\/\/savedonderberg.laeken.brussels\/wp-content\/uploads\/2020\/03\/Capture-du-2020-03-05-11-51-37-245x300.png 245w\" sizes=\"(max-width: 473px) 100vw, 473px\" \/><\/figure>\n\n\n\n<p>En avril 2019, l&#8217;IBSA revoit ses pr\u00e9visions \u00e0 la baisse : une croissance d\u00e9mographique plus faible que pr\u00e9vue : <a href=\"http:\/\/ibsa.brussels\/publications\/titres\/a-la-une\/avril-2019-d-ici-2025-la-population-bruxelloise-augmentera-mais-moins-que-prevu?fbclid=IwAR2wjgFpAWeA1KODflaYsPdU9krCWonqKBry-TzSnzdjuLaaZBFDp2rVWiQ#.Xl7iGOlCeUl\">http:\/\/ibsa.brussels\/publications\/titres\/a-la-une\/avril-2019-d-ici-2025-la-population-bruxelloise-augmentera-mais-moins-que-prevu?fbclid=IwAR2wjgFpAWeA1KODflaYsPdU9krCWonqKBry-TzSnzdjuLaaZBFDp2rVWiQ#.Xl7iGOlCeUl<\/a><\/p>\n\n\n\n<figure class=\"wp-block-image size-large\"><img loading=\"lazy\" decoding=\"async\" width=\"731\" height=\"447\" src=\"http:\/\/savedonderberg.laeken.brussels\/wp-content\/uploads\/2020\/03\/Capture-du-2020-03-04-08-20-11.png\" alt=\"\" class=\"wp-image-265\" srcset=\"https:\/\/savedonderberg.laeken.brussels\/wp-content\/uploads\/2020\/03\/Capture-du-2020-03-04-08-20-11.png 731w, https:\/\/savedonderberg.laeken.brussels\/wp-content\/uploads\/2020\/03\/Capture-du-2020-03-04-08-20-11-300x183.png 300w\" sizes=\"(max-width: 731px) 100vw, 731px\" \/><\/figure>\n\n\n\n<p>IBSA pr\u00e9cise (2019) : <\/p>\n\n\n\n<h3 class=\"wp-block-heading\">&#8220;Impact sur la population scolaire<\/h3>\n\n\n\n<p>Cette r\u00e9vision \u00e0 la baisse varie selon l\u2019\u00e2ge envisag\u00e9. Elle est  particuli\u00e8rement importante chez les jeunes enfants (3-5 ans). Ainsi,  les enfants en \u00e2ge d\u2019\u00eatre scolaris\u00e9s \u00e0 l\u2019\u00e9cole maternelle ne seraient  que 48&nbsp;000 en 2025 (projections 2019), contre pr\u00e8s de 55&nbsp;000&nbsp;pr\u00e9vus  auparavant (projections 2016, utilis\u00e9es pour \u00e9tablir les <a rel=\"noreferrer noopener\" href=\"http:\/\/ibsa.brussels\/fichiers\/publications\/cahiers-de-libsa\/cahiers_ibsa_n_7_juillet_2017\" target=\"_blank\">projections de la population scolaire de l\u2019IBSA<\/a>),  soit une diff\u00e9rence de 12&nbsp;%. Les enfants en \u00e2ge d\u2019\u00eatre scolaris\u00e9s \u00e0  l\u2019\u00e9cole primaire (6-11 ans) seraient \u00e9galement moins nombreux \u00e0  l\u2019horizon 2025 (90&nbsp;700 contre 95&nbsp;700, soit 5&nbsp;% de moins). Enfin, les  enfants en \u00e2ge d\u2019\u00eatre scolaris\u00e9s en \u00e9cole secondaire (12-17 ans) en 2025  seraient l\u00e9g\u00e8rement moins nombreux qu\u2019attendus pr\u00e9c\u00e9demment (89&nbsp;100  contre 90&nbsp;500).&#8221;<\/p>\n\n\n\n<p><\/p>\n\n\n\n<p><\/p>\n\n\n\n<p>En Mars 2020 , le bureau du plan revoit lui aussi ses pr\u00e9vision \u00e0 la baisse ! <a href=\"https:\/\/www.plan.be\/uploaded\/documents\/202003030902350.FOR_POP1970_12071_F.pdf\">https:\/\/www.plan.be\/uploaded\/documents\/202003030902350.FOR_POP1970_12071_F.pdf<\/a> .<\/p>\n\n\n\n<p>Le bureau du plan met en \u00e9vidence le vieillissement de la population en R\u00e9gion de Bruxelles-Capitale. L&#8217;augmentation de la population est surtout due \u00e0 l&#8217;augmentation du nombre de personnes de plus de 67 ans. Inutile de rappeler que ces personnes ne fr\u00e9quentent pas les \u00e9coles fondamentales.<\/p>\n\n\n\n<figure class=\"wp-block-image size-large\"><img loading=\"lazy\" decoding=\"async\" width=\"599\" height=\"442\" src=\"http:\/\/savedonderberg.laeken.brussels\/wp-content\/uploads\/2020\/03\/88185973_545348889444738_2700451165417504768_n.png\" alt=\"\" class=\"wp-image-257\" srcset=\"https:\/\/savedonderberg.laeken.brussels\/wp-content\/uploads\/2020\/03\/88185973_545348889444738_2700451165417504768_n.png 599w, https:\/\/savedonderberg.laeken.brussels\/wp-content\/uploads\/2020\/03\/88185973_545348889444738_2700451165417504768_n-300x221.png 300w\" sizes=\"(max-width: 599px) 100vw, 599px\" \/><\/figure>\n\n\n\n<figure class=\"wp-block-image size-large\"><img loading=\"lazy\" decoding=\"async\" width=\"378\" height=\"341\" src=\"http:\/\/savedonderberg.laeken.brussels\/wp-content\/uploads\/2020\/03\/Capture-du-2020-03-04-08-17-56.png\" alt=\"\" class=\"wp-image-263\" srcset=\"https:\/\/savedonderberg.laeken.brussels\/wp-content\/uploads\/2020\/03\/Capture-du-2020-03-04-08-17-56.png 378w, https:\/\/savedonderberg.laeken.brussels\/wp-content\/uploads\/2020\/03\/Capture-du-2020-03-04-08-17-56-300x271.png 300w\" sizes=\"(max-width: 378px) 100vw, 378px\" \/><\/figure>\n\n\n\n<p><em><strong>En r\u00e9sum\u00e9 les derni\u00e8res projections pour Bruxelles Capitale montrent un accroissement plus faible que pr\u00e9vu de la population d\u00fb au vieillissement de la population et une diminution de la population des enfants en \u00e2ge d\u2019\u00eatre scolaris\u00e9s \u00e0 l&#8217;\u00e9cole primaire.<\/strong><\/em><\/p>\n","protected":false},"excerpt":{"rendered":"<p>(infos compl\u00e9mentaires, f\u00e9vrier 2022) En novembre 2021 , l&#8217;IBSA (Institut Bruxellois de Statistique et d&#8217;Analyse) \u00e0 publi\u00e9 une \u00e9tude qui confirme la baisse de la d\u00e9mographie et pr\u00e9voit la diminution de 15000 \u00e9l\u00e8ves en r\u00e9gion bruxelloise dans l&#8217;enseignement fondamental (soit l \u00e9quivalent de 22 \u00e9coles de la taille de celle du Donderberg) Focus n\u00b0 48 &hellip; <\/p>\n<p class=\"link-more\"><a href=\"https:\/\/savedonderberg.laeken.brussels\/index.php\/demographie\/\" class=\"more-link\">Read more<span class=\"screen-reader-text\"> &#8220;Besoins scolaires &#038; D\u00e9mographie&#8221;<\/span><\/a><\/p>\n","protected":false},"author":1,"featured_media":0,"parent":0,"menu_order":0,"comment_status":"closed","ping_status":"closed","template":"","meta":{"footnotes":""},"yoast_head":"<!-- This site is optimized with the Yoast SEO plugin v15.7 - https:\/\/yoast.com\/wordpress\/plugins\/seo\/ -->\n<title>Besoins scolaires &amp; D\u00e9mographie - Save Donderberg - Laeken<\/title>\n<meta name=\"robots\" content=\"index, follow, max-snippet:-1, max-image-preview:large, max-video-preview:-1\" \/>\n<link rel=\"canonical\" href=\"https:\/\/savedonderberg.laeken.brussels\/index.php\/demographie\/\" \/>\n<meta property=\"og:locale\" content=\"en_GB\" \/>\n<meta property=\"og:type\" content=\"article\" \/>\n<meta property=\"og:title\" content=\"Besoins scolaires &amp; D\u00e9mographie - Save Donderberg - Laeken\" \/>\n<meta property=\"og:description\" content=\"(infos compl\u00e9mentaires, f\u00e9vrier 2022) En novembre 2021 , l&#8217;IBSA (Institut Bruxellois de Statistique et d&#8217;Analyse) \u00e0 publi\u00e9 une \u00e9tude qui confirme la baisse de la d\u00e9mographie et pr\u00e9voit la diminution de 15000 \u00e9l\u00e8ves en r\u00e9gion bruxelloise dans l&#8217;enseignement fondamental (soit l \u00e9quivalent de 22 \u00e9coles de la taille de celle du Donderberg) Focus n\u00b0 48 &hellip; Read more &quot;Besoins scolaires &#038; D\u00e9mographie&quot;\" \/>\n<meta property=\"og:url\" content=\"https:\/\/savedonderberg.laeken.brussels\/index.php\/demographie\/\" \/>\n<meta property=\"og:site_name\" content=\"Save Donderberg - Laeken\" \/>\n<meta property=\"article:modified_time\" content=\"2022-02-21T15:13:40+00:00\" \/>\n<meta property=\"og:image\" content=\"http:\/\/savedonderberg.laeken.brussels\/wp-content\/uploads\/2021\/03\/quartier_houba-1024x564.png\" \/>\n<meta name=\"twitter:card\" content=\"summary_large_image\" \/>\n<meta name=\"twitter:label1\" content=\"Estimated reading time\">\n\t<meta name=\"twitter:data1\" content=\"8 minutes\">\n<script type=\"application\/ld+json\" class=\"yoast-schema-graph\">{\"@context\":\"https:\/\/schema.org\",\"@graph\":[{\"@type\":\"WebSite\",\"@id\":\"https:\/\/savedonderberg.laeken.brussels\/#website\",\"url\":\"https:\/\/savedonderberg.laeken.brussels\/\",\"name\":\"Save Donderberg - Laeken\",\"description\":\"Sauvons l&#039;espace vert du Donderberg \\u00e0 Laeken\",\"potentialAction\":[{\"@type\":\"SearchAction\",\"target\":\"https:\/\/savedonderberg.laeken.brussels\/?s={search_term_string}\",\"query-input\":\"required name=search_term_string\"}],\"inLanguage\":\"en-GB\"},{\"@type\":\"ImageObject\",\"@id\":\"https:\/\/savedonderberg.laeken.brussels\/index.php\/demographie\/#primaryimage\",\"inLanguage\":\"en-GB\",\"url\":\"http:\/\/savedonderberg.laeken.brussels\/wp-content\/uploads\/2021\/03\/quartier_houba-1024x564.png\"},{\"@type\":\"WebPage\",\"@id\":\"https:\/\/savedonderberg.laeken.brussels\/index.php\/demographie\/#webpage\",\"url\":\"https:\/\/savedonderberg.laeken.brussels\/index.php\/demographie\/\",\"name\":\"Besoins scolaires & D\\u00e9mographie - Save Donderberg - Laeken\",\"isPartOf\":{\"@id\":\"https:\/\/savedonderberg.laeken.brussels\/#website\"},\"primaryImageOfPage\":{\"@id\":\"https:\/\/savedonderberg.laeken.brussels\/index.php\/demographie\/#primaryimage\"},\"datePublished\":\"2020-03-03T22:50:24+00:00\",\"dateModified\":\"2022-02-21T15:13:40+00:00\",\"inLanguage\":\"en-GB\",\"potentialAction\":[{\"@type\":\"ReadAction\",\"target\":[\"https:\/\/savedonderberg.laeken.brussels\/index.php\/demographie\/\"]}]}]}<\/script>\n<!-- \/ Yoast SEO plugin. -->","_links":{"self":[{"href":"https:\/\/savedonderberg.laeken.brussels\/index.php\/wp-json\/wp\/v2\/pages\/236"}],"collection":[{"href":"https:\/\/savedonderberg.laeken.brussels\/index.php\/wp-json\/wp\/v2\/pages"}],"about":[{"href":"https:\/\/savedonderberg.laeken.brussels\/index.php\/wp-json\/wp\/v2\/types\/page"}],"author":[{"embeddable":true,"href":"https:\/\/savedonderberg.laeken.brussels\/index.php\/wp-json\/wp\/v2\/users\/1"}],"replies":[{"embeddable":true,"href":"https:\/\/savedonderberg.laeken.brussels\/index.php\/wp-json\/wp\/v2\/comments?post=236"}],"version-history":[{"count":97,"href":"https:\/\/savedonderberg.laeken.brussels\/index.php\/wp-json\/wp\/v2\/pages\/236\/revisions"}],"predecessor-version":[{"id":1149,"href":"https:\/\/savedonderberg.laeken.brussels\/index.php\/wp-json\/wp\/v2\/pages\/236\/revisions\/1149"}],"wp:attachment":[{"href":"https:\/\/savedonderberg.laeken.brussels\/index.php\/wp-json\/wp\/v2\/media?parent=236"}],"curies":[{"name":"wp","href":"https:\/\/api.w.org\/{rel}","templated":true}]}}