{"id":225,"date":"2020-02-27T11:43:05","date_gmt":"2020-02-27T11:43:05","guid":{"rendered":"http:\/\/savedonderberg.laeken.brussels\/?page_id=225"},"modified":"2021-02-27T16:52:29","modified_gmt":"2021-02-27T16:52:29","slug":"projet-alternatif","status":"publish","type":"page","link":"https:\/\/savedonderberg.laeken.brussels\/index.php\/projet-alternatif\/","title":{"rendered":"Projet alternatif"},"content":{"rendered":"\n<p>La r\u00e9gion de Bruxelles-Capitale a d\u00e9velopp\u00e9 en 2014 un projet dans le cadre du maillage vert. Ce projet est en phase avec les aspirations des riverains, la pr\u00e9servation du site et l&#8217;ouverture du site au quartier.<\/p>\n\n\n\n<p>Les informations ci-dessous sont tir\u00e9es de l&#8217;\u00e9tude de la R\u00e9gion : <a aria-label=\"https:\/\/document.environnement.brussels\/opac_css\/elecfile\/STUD%202014%20MaillageVert%20Fleuriste (opens in a new tab)\" rel=\"noreferrer noopener\" href=\"https:\/\/document.environnement.brussels\/opac_css\/elecfile\/STUD%202014%20MaillageVert%20Fleuriste\" target=\"_blank\">https:\/\/document.environnement.brussels\/opac_css\/elecfile\/STUD%202014%20MaillageVert%20Fleuriste<\/a><\/p>\n\n\n\n<p>Les objectifs de l\u2019am\u00e9nagement  cibl\u00e9s par l&#8217;\u00e9tude sont :<\/p>\n\n\n\n<p><strong>&#8211; La cr\u00e9ation d\u2019une connexion au Sud des Jardins du Fleuriste via le &#8220;Clos des Perruches&#8221; ( <\/strong>NDLR = Donderberg)<\/p>\n\n\n\n<p> <strong>&#8211;  La  r\u00e9novation  des  serres  \u00e0  l\u2019abandon  sur  le  site  de  Bruxelles -Environnement  de sorte \u00e0  les  rendre partiellement accessibles au public <\/strong><\/p>\n\n\n\n<p><strong>&#8211; La sauvegarde et la transformation d\u2019une partie du terrain &#8220;Clos des perruches&#8221;  (NDLR : Donderberg), actuellement en friche, en un agr\u00e9able espace vert<\/strong><\/p>\n\n\n\n<figure class=\"wp-block-image size-large\"><img fetchpriority=\"high\" decoding=\"async\" width=\"908\" height=\"488\" src=\"http:\/\/savedonderberg.laeken.brussels\/wp-content\/uploads\/2020\/02\/Capture-du-2020-02-27-12-44-03.png\" alt=\"\" class=\"wp-image-228\" srcset=\"https:\/\/savedonderberg.laeken.brussels\/wp-content\/uploads\/2020\/02\/Capture-du-2020-02-27-12-44-03.png 908w, https:\/\/savedonderberg.laeken.brussels\/wp-content\/uploads\/2020\/02\/Capture-du-2020-02-27-12-44-03-300x161.png 300w, https:\/\/savedonderberg.laeken.brussels\/wp-content\/uploads\/2020\/02\/Capture-du-2020-02-27-12-44-03-768x413.png 768w\" sizes=\"(max-width: 908px) 100vw, 908px\" \/><\/figure>\n\n\n\n<figure class=\"wp-block-image size-large\"><img decoding=\"async\" width=\"1024\" height=\"677\" src=\"http:\/\/savedonderberg.laeken.brussels\/wp-content\/uploads\/2020\/02\/Capture-du-2020-02-27-12-53-22-1024x677.png\" alt=\"\" class=\"wp-image-233\" srcset=\"https:\/\/savedonderberg.laeken.brussels\/wp-content\/uploads\/2020\/02\/Capture-du-2020-02-27-12-53-22-1024x677.png 1024w, https:\/\/savedonderberg.laeken.brussels\/wp-content\/uploads\/2020\/02\/Capture-du-2020-02-27-12-53-22-300x198.png 300w, https:\/\/savedonderberg.laeken.brussels\/wp-content\/uploads\/2020\/02\/Capture-du-2020-02-27-12-53-22-768x508.png 768w, https:\/\/savedonderberg.laeken.brussels\/wp-content\/uploads\/2020\/02\/Capture-du-2020-02-27-12-53-22.png 1267w\" sizes=\"(max-width: 1024px) 100vw, 1024px\" \/><\/figure>\n","protected":false},"excerpt":{"rendered":"<p>La r\u00e9gion de Bruxelles-Capitale a d\u00e9velopp\u00e9 en 2014 un projet dans le cadre du maillage vert. Ce projet est en phase avec les aspirations des riverains, la pr\u00e9servation du site et l&#8217;ouverture du site au quartier. Les informations ci-dessous sont tir\u00e9es de l&#8217;\u00e9tude de la R\u00e9gion : https:\/\/document.environnement.brussels\/opac_css\/elecfile\/STUD%202014%20MaillageVert%20Fleuriste Les objectifs de l\u2019am\u00e9nagement cibl\u00e9s par l&#8217;\u00e9tude &hellip; <\/p>\n<p class=\"link-more\"><a href=\"https:\/\/savedonderberg.laeken.brussels\/index.php\/projet-alternatif\/\" class=\"more-link\">Read more<span class=\"screen-reader-text\"> &#8220;Projet alternatif&#8221;<\/span><\/a><\/p>\n","protected":false},"author":1,"featured_media":297,"parent":0,"menu_order":0,"comment_status":"closed","ping_status":"closed","template":"","meta":{"footnotes":""},"yoast_head":"<!-- This site is optimized with the Yoast SEO plugin v15.7 - https:\/\/yoast.com\/wordpress\/plugins\/seo\/ -->\n<title>Projet alternatif - Save Donderberg - Laeken<\/title>\n<meta name=\"robots\" content=\"index, follow, max-snippet:-1, max-image-preview:large, max-video-preview:-1\" \/>\n<link rel=\"canonical\" href=\"https:\/\/savedonderberg.laeken.brussels\/index.php\/projet-alternatif\/\" \/>\n<meta property=\"og:locale\" content=\"en_GB\" \/>\n<meta property=\"og:type\" content=\"article\" \/>\n<meta property=\"og:title\" content=\"Projet alternatif - Save Donderberg - Laeken\" \/>\n<meta property=\"og:description\" content=\"La r\u00e9gion de Bruxelles-Capitale a d\u00e9velopp\u00e9 en 2014 un projet dans le cadre du maillage vert. Ce projet est en phase avec les aspirations des riverains, la pr\u00e9servation du site et l&#8217;ouverture du site au quartier. Les informations ci-dessous sont tir\u00e9es de l&#8217;\u00e9tude de la R\u00e9gion : https:\/\/document.environnement.brussels\/opac_css\/elecfile\/STUD%202014%20MaillageVert%20Fleuriste Les objectifs de l\u2019am\u00e9nagement cibl\u00e9s par l&#8217;\u00e9tude &hellip; Read more &quot;Projet alternatif&quot;\" \/>\n<meta property=\"og:url\" content=\"https:\/\/savedonderberg.laeken.brussels\/index.php\/projet-alternatif\/\" \/>\n<meta property=\"og:site_name\" content=\"Save Donderberg - Laeken\" \/>\n<meta property=\"article:modified_time\" content=\"2021-02-27T16:52:29+00:00\" \/>\n<meta property=\"og:image\" content=\"https:\/\/savedonderberg.laeken.brussels\/wp-content\/uploads\/2020\/05\/P1220708-1024x769.jpg\" \/>\n\t<meta property=\"og:image:width\" content=\"1024\" \/>\n\t<meta property=\"og:image:height\" content=\"769\" \/>\n<meta name=\"twitter:card\" content=\"summary_large_image\" \/>\n<meta name=\"twitter:label1\" content=\"Estimated reading time\">\n\t<meta name=\"twitter:data1\" content=\"1 minute\">\n<script type=\"application\/ld+json\" class=\"yoast-schema-graph\">{\"@context\":\"https:\/\/schema.org\",\"@graph\":[{\"@type\":\"WebSite\",\"@id\":\"https:\/\/savedonderberg.laeken.brussels\/#website\",\"url\":\"https:\/\/savedonderberg.laeken.brussels\/\",\"name\":\"Save Donderberg - Laeken\",\"description\":\"Sauvons l&#039;espace vert du Donderberg \\u00e0 Laeken\",\"potentialAction\":[{\"@type\":\"SearchAction\",\"target\":\"https:\/\/savedonderberg.laeken.brussels\/?s={search_term_string}\",\"query-input\":\"required name=search_term_string\"}],\"inLanguage\":\"en-GB\"},{\"@type\":\"ImageObject\",\"@id\":\"https:\/\/savedonderberg.laeken.brussels\/index.php\/projet-alternatif\/#primaryimage\",\"inLanguage\":\"en-GB\",\"url\":\"https:\/\/savedonderberg.laeken.brussels\/wp-content\/uploads\/2020\/05\/P1220708-scaled.jpg\",\"width\":2560,\"height\":1922},{\"@type\":\"WebPage\",\"@id\":\"https:\/\/savedonderberg.laeken.brussels\/index.php\/projet-alternatif\/#webpage\",\"url\":\"https:\/\/savedonderberg.laeken.brussels\/index.php\/projet-alternatif\/\",\"name\":\"Projet alternatif - Save Donderberg - Laeken\",\"isPartOf\":{\"@id\":\"https:\/\/savedonderberg.laeken.brussels\/#website\"},\"primaryImageOfPage\":{\"@id\":\"https:\/\/savedonderberg.laeken.brussels\/index.php\/projet-alternatif\/#primaryimage\"},\"datePublished\":\"2020-02-27T11:43:05+00:00\",\"dateModified\":\"2021-02-27T16:52:29+00:00\",\"inLanguage\":\"en-GB\",\"potentialAction\":[{\"@type\":\"ReadAction\",\"target\":[\"https:\/\/savedonderberg.laeken.brussels\/index.php\/projet-alternatif\/\"]}]}]}<\/script>\n<!-- \/ Yoast SEO plugin. -->","_links":{"self":[{"href":"https:\/\/savedonderberg.laeken.brussels\/index.php\/wp-json\/wp\/v2\/pages\/225"}],"collection":[{"href":"https:\/\/savedonderberg.laeken.brussels\/index.php\/wp-json\/wp\/v2\/pages"}],"about":[{"href":"https:\/\/savedonderberg.laeken.brussels\/index.php\/wp-json\/wp\/v2\/types\/page"}],"author":[{"embeddable":true,"href":"https:\/\/savedonderberg.laeken.brussels\/index.php\/wp-json\/wp\/v2\/users\/1"}],"replies":[{"embeddable":true,"href":"https:\/\/savedonderberg.laeken.brussels\/index.php\/wp-json\/wp\/v2\/comments?post=225"}],"version-history":[{"count":7,"href":"https:\/\/savedonderberg.laeken.brussels\/index.php\/wp-json\/wp\/v2\/pages\/225\/revisions"}],"predecessor-version":[{"id":740,"href":"https:\/\/savedonderberg.laeken.brussels\/index.php\/wp-json\/wp\/v2\/pages\/225\/revisions\/740"}],"wp:featuredmedia":[{"embeddable":true,"href":"https:\/\/savedonderberg.laeken.brussels\/index.php\/wp-json\/wp\/v2\/media\/297"}],"wp:attachment":[{"href":"https:\/\/savedonderberg.laeken.brussels\/index.php\/wp-json\/wp\/v2\/media?parent=225"}],"curies":[{"name":"wp","href":"https:\/\/api.w.org\/{rel}","templated":true}]}}