{"id":1424,"date":"2023-10-14T22:07:26","date_gmt":"2023-10-14T22:07:26","guid":{"rendered":"http:\/\/savedonderberg.laeken.brussels\/?page_id=1424"},"modified":"2024-08-02T21:30:54","modified_gmt":"2024-08-02T21:30:54","slug":"dons","status":"publish","type":"page","link":"https:\/\/savedonderberg.laeken.brussels\/index.php\/dons\/","title":{"rendered":"DONS"},"content":{"rendered":"\n<p><strong>Appel aux dons<\/strong><\/p>\n\n\n\n<p>Le collectif &#8220;Save Donderberg&#8221; est constitu\u00e9 de b\u00e9n\u00e9voles qui ne compte pas leurs heures. Mais le combat pour la sauvegarde du Donderberg n\u00e9cessite des fonds. En particulier pour les actions juridiques, les frais de communication, &#8230;<\/p>\n\n\n\n<p>C&#8217;est pourquoi nous vous appelons \u00e0 effectuer un don sur le compte de l&#8217;asbl Laeken.Brussels qui soutient le collectif Save Donderberg ( BE 22 5230 8083 7047) avec la communication &#8220;Donderberg&#8221;<\/p>\n\n\n\n<p>En cas de victoire, le solde des fonds sera vers\u00e9 \u00e0 des associations ayant un but similaire en r\u00e9gion bruxelloise. <\/p>\n\n\n\n<p>Vous pouvez aussi scanner le QR code ci-dessous avec votre application bancaire. (le montant peut \u00eatre modifi\u00e9). Note : ce QR code ne fonctionne malheureusement pas avec toutes les applications.<\/p>\n\n\n\n<figure class=\"wp-block-image size-full\"><img fetchpriority=\"high\" decoding=\"async\" width=\"300\" height=\"300\" src=\"http:\/\/savedonderberg.laeken.brussels\/wp-content\/uploads\/2023\/10\/image.png\" alt=\"\" class=\"wp-image-1429\" srcset=\"https:\/\/savedonderberg.laeken.brussels\/wp-content\/uploads\/2023\/10\/image.png 300w, https:\/\/savedonderberg.laeken.brussels\/wp-content\/uploads\/2023\/10\/image-150x150.png 150w, https:\/\/savedonderberg.laeken.brussels\/wp-content\/uploads\/2023\/10\/image-100x100.png 100w\" sizes=\"(max-width: 300px) 100vw, 300px\" \/><\/figure>\n","protected":false},"excerpt":{"rendered":"<p>Appel aux dons Le collectif &#8220;Save Donderberg&#8221; est constitu\u00e9 de b\u00e9n\u00e9voles qui ne compte pas leurs heures. Mais le combat pour la sauvegarde du Donderberg n\u00e9cessite des fonds. En particulier pour les actions juridiques, les frais de communication, &#8230; C&#8217;est pourquoi nous vous appelons \u00e0 effectuer un don sur le compte de l&#8217;asbl Laeken.Brussels qui &hellip; <\/p>\n<p class=\"link-more\"><a href=\"https:\/\/savedonderberg.laeken.brussels\/index.php\/dons\/\" class=\"more-link\">Read more<span class=\"screen-reader-text\"> &#8220;DONS&#8221;<\/span><\/a><\/p>\n","protected":false},"author":1,"featured_media":0,"parent":0,"menu_order":0,"comment_status":"closed","ping_status":"closed","template":"","meta":{"footnotes":""},"yoast_head":"<!-- This site is optimized with the Yoast SEO plugin v15.7 - https:\/\/yoast.com\/wordpress\/plugins\/seo\/ -->\n<title>DONS - Save Donderberg - Laeken<\/title>\n<meta name=\"robots\" content=\"index, follow, max-snippet:-1, max-image-preview:large, max-video-preview:-1\" \/>\n<link rel=\"canonical\" href=\"https:\/\/savedonderberg.laeken.brussels\/index.php\/dons\/\" \/>\n<meta property=\"og:locale\" content=\"en_GB\" \/>\n<meta property=\"og:type\" content=\"article\" \/>\n<meta property=\"og:title\" content=\"DONS - Save Donderberg - Laeken\" \/>\n<meta property=\"og:description\" content=\"Appel aux dons Le collectif &#8220;Save Donderberg&#8221; est constitu\u00e9 de b\u00e9n\u00e9voles qui ne compte pas leurs heures. Mais le combat pour la sauvegarde du Donderberg n\u00e9cessite des fonds. En particulier pour les actions juridiques, les frais de communication, &#8230; C&#8217;est pourquoi nous vous appelons \u00e0 effectuer un don sur le compte de l&#8217;asbl Laeken.Brussels qui &hellip; Read more &quot;DONS&quot;\" \/>\n<meta property=\"og:url\" content=\"https:\/\/savedonderberg.laeken.brussels\/index.php\/dons\/\" \/>\n<meta property=\"og:site_name\" content=\"Save Donderberg - Laeken\" \/>\n<meta property=\"article:modified_time\" content=\"2024-08-02T21:30:54+00:00\" \/>\n<meta property=\"og:image\" content=\"http:\/\/savedonderberg.laeken.brussels\/wp-content\/uploads\/2023\/10\/image.png\" \/>\n<meta name=\"twitter:card\" content=\"summary_large_image\" \/>\n<meta name=\"twitter:label1\" content=\"Estimated reading time\">\n\t<meta name=\"twitter:data1\" content=\"1 minute\">\n<script type=\"application\/ld+json\" class=\"yoast-schema-graph\">{\"@context\":\"https:\/\/schema.org\",\"@graph\":[{\"@type\":\"WebSite\",\"@id\":\"https:\/\/savedonderberg.laeken.brussels\/#website\",\"url\":\"https:\/\/savedonderberg.laeken.brussels\/\",\"name\":\"Save Donderberg - Laeken\",\"description\":\"Sauvons l&#039;espace vert du Donderberg \\u00e0 Laeken\",\"potentialAction\":[{\"@type\":\"SearchAction\",\"target\":\"https:\/\/savedonderberg.laeken.brussels\/?s={search_term_string}\",\"query-input\":\"required name=search_term_string\"}],\"inLanguage\":\"en-GB\"},{\"@type\":\"ImageObject\",\"@id\":\"https:\/\/savedonderberg.laeken.brussels\/index.php\/dons\/#primaryimage\",\"inLanguage\":\"en-GB\",\"url\":\"http:\/\/savedonderberg.laeken.brussels\/wp-content\/uploads\/2023\/10\/image.png\"},{\"@type\":\"WebPage\",\"@id\":\"https:\/\/savedonderberg.laeken.brussels\/index.php\/dons\/#webpage\",\"url\":\"https:\/\/savedonderberg.laeken.brussels\/index.php\/dons\/\",\"name\":\"DONS - Save Donderberg - Laeken\",\"isPartOf\":{\"@id\":\"https:\/\/savedonderberg.laeken.brussels\/#website\"},\"primaryImageOfPage\":{\"@id\":\"https:\/\/savedonderberg.laeken.brussels\/index.php\/dons\/#primaryimage\"},\"datePublished\":\"2023-10-14T22:07:26+00:00\",\"dateModified\":\"2024-08-02T21:30:54+00:00\",\"inLanguage\":\"en-GB\",\"potentialAction\":[{\"@type\":\"ReadAction\",\"target\":[\"https:\/\/savedonderberg.laeken.brussels\/index.php\/dons\/\"]}]}]}<\/script>\n<!-- \/ Yoast SEO plugin. -->","_links":{"self":[{"href":"https:\/\/savedonderberg.laeken.brussels\/index.php\/wp-json\/wp\/v2\/pages\/1424"}],"collection":[{"href":"https:\/\/savedonderberg.laeken.brussels\/index.php\/wp-json\/wp\/v2\/pages"}],"about":[{"href":"https:\/\/savedonderberg.laeken.brussels\/index.php\/wp-json\/wp\/v2\/types\/page"}],"author":[{"embeddable":true,"href":"https:\/\/savedonderberg.laeken.brussels\/index.php\/wp-json\/wp\/v2\/users\/1"}],"replies":[{"embeddable":true,"href":"https:\/\/savedonderberg.laeken.brussels\/index.php\/wp-json\/wp\/v2\/comments?post=1424"}],"version-history":[{"count":6,"href":"https:\/\/savedonderberg.laeken.brussels\/index.php\/wp-json\/wp\/v2\/pages\/1424\/revisions"}],"predecessor-version":[{"id":1499,"href":"https:\/\/savedonderberg.laeken.brussels\/index.php\/wp-json\/wp\/v2\/pages\/1424\/revisions\/1499"}],"wp:attachment":[{"href":"https:\/\/savedonderberg.laeken.brussels\/index.php\/wp-json\/wp\/v2\/media?parent=1424"}],"curies":[{"name":"wp","href":"https:\/\/api.w.org\/{rel}","templated":true}]}}