{"id":1376,"date":"2023-05-24T13:49:53","date_gmt":"2023-05-24T13:49:53","guid":{"rendered":"https:\/\/savedonderberg.laeken.brussels\/?page_id=1376"},"modified":"2023-05-24T13:50:38","modified_gmt":"2023-05-24T13:50:38","slug":"communique-de-presse-23-5-2023-manifestation-pour-la-sauvegarde-des-chemins-vicinaux","status":"publish","type":"page","link":"https:\/\/savedonderberg.laeken.brussels\/index.php\/communique-de-presse-23-5-2023-manifestation-pour-la-sauvegarde-des-chemins-vicinaux\/","title":{"rendered":"Communiqu\u00e9 de presse &#8211; 23\/5\/2023 &#8211; Manifestation pour la sauvegarde des chemins vicinaux"},"content":{"rendered":"\n<p class=\"has-text-align-center\"><\/p>\n\n\n\n<p><strong>JEUDI 25 MAI<\/strong><\/p>\n\n\n\n<p><strong>SAVE DONDERBERG, TUINIERSFORUM des JARDINIERS, WALK.BRUSSELS et GREENPEACE BELGIQUE manifestent en soutien aux <\/strong><strong>chemins vicinaux du Donderberg, qui passent ce jour au Conseil des ministres<\/strong><\/p>\n\n\n\n<p><\/p>\n\n\n\n<div class=\"wp-block-image\"><figure class=\"aligncenter size-large\"><img fetchpriority=\"high\" decoding=\"async\" width=\"440\" height=\"296\" src=\"http:\/\/savedonderberg.laeken.brussels\/wp-content\/uploads\/2022\/03\/Picture_comm_suppression.jpg\" alt=\"\" class=\"wp-image-1225\" srcset=\"https:\/\/savedonderberg.laeken.brussels\/wp-content\/uploads\/2022\/03\/Picture_comm_suppression.jpg 440w, https:\/\/savedonderberg.laeken.brussels\/wp-content\/uploads\/2022\/03\/Picture_comm_suppression-300x202.jpg 300w\" sizes=\"(max-width: 440px) 100vw, 440px\" \/><\/figure><\/div>\n\n\n\n<p><\/p>\n\n\n\n<p>Laeken, le 23 mai 2023<\/p>\n\n\n\n<p><strong>En juin 2021, en d\u00e9pit de la vive opposition des Laekenois et d\u00e9fenseurs de la nature exprim\u00e9e lors de l\u2019enqu\u00eate publique quelques mois plus t\u00f4t, le conseil communal de la Ville de Bruxelles vote la suppression d\u00e9finitive des chemins vicinaux sillonnant le Donderberg, propri\u00e9t\u00e9 de la R\u00e9gie fonci\u00e8re, de sorte \u00e0 faire table rase pour son projet \u00e9cocidaire HOP. Le 7 d\u00e9cembre 2022, l\u2019arr\u00eat\u00e9 du Gouvernement r\u00e9gional confirmant cette suppression est, suivi dans la foul\u00e9e, fin mars 2023, par son corollaire, le permis d\u2019urbanisme (PU) HOP, d\u00e9livr\u00e9 par Urban.<\/strong><\/p>\n\n\n\n<p><strong><strong>Ce jeudi 25 mai, le conseil des ministres de la r\u00e9gion examine les recours introduits par le collectif Save Donderberg et le comit\u00e9 de quartier contre la suppression des deux chemins, entravant le projet HOP.<\/strong><\/strong><\/p>\n\n\n\n<p><strong>Les nombreux militants de Save Donderberg, du TuiniersForum des Jardiniers, de Walk.brussels et de Greenpeace Belgium protestent place Royale en soutien aux recours<\/strong>,dans la foul\u00e9e de la journ\u00e9e mondiale de la biodiversit\u00e9 et du rapport du WWF pointant les carences de la Belgique.<\/p>\n\n\n\n<p>D\u00e9j\u00e0 en d\u00e9cembre 2022, une brochette de sommit\u00e9s universitaires avait publiquement signifi\u00e9 son soutien au mouvement de d\u00e9fense des chemins vicinaux, garants de biodiversit\u00e9, dans une <a href=\"https:\/\/www.lesoir.be\/484446\/article\/2022-12-22\/les-chemins-vicinaux-du-donderberg-des-communs-urbains-multispecifiques\">Carte blanche <\/a>dans Le Soir&nbsp;: Marie-Sophie De Clippele (juriste, USaint-Louis), Chlo\u00e9 Deligne (Historienne \u00e9cologue FNRS\/ULB), Jean.-Claude Gr\u00e9goire (\u00e9cologue, ULB), Serge Gutwirth (juriste, VUB), Nicolas Prignot (philosophe, ESA St-Luc, ERG), Isabelle Stengers (philosophe, ULB), Marcelle Stroobants (sociologue, ULB), Gr\u00e9goire Wallenborn (enseignant-chercheur, ULB), Allan Wei (historien, juriste, ULB), Paul Hermant (chroniqueur) et Benedikte Zitouni (USaint-Louis).<\/p>\n\n\n\n<p><\/p>\n\n\n\n<p>En effet, ce n\u2019est pas un secret que la suppression des chemins vicinaux est un pr\u00e9alable \u00e0 l&#8217;artificialisation de 65 pourcents du site, \u00e0 la destruction de la prairie et \u00e0 l&#8217;abattage de 171 arbres haute tige. De plus un <a href=\"https:\/\/sites.heritage.brussels\/fr\/trees\/7404\"><strong>arbre remarquable<\/strong><\/a><strong> inscrit \u00e0 l\u2019inventaire du Patrimoine naturel r\u00e9gional, Saule marsault, impressionnant par sa taille et sa conformation, 2e plus gros de son esp\u00e8ce \u00e0 Bruxelles, est condamn\u00e9 \u00e0 tomber sous la tron\u00e7onneuse<\/strong>, si le chemin vicinal n\u00b014 sur le trac\u00e9 duquel il se d\u00e9veloppe, est supprim\u00e9.<\/p>\n\n\n\n<p>En fonction de l\u2019issue des recours, qui risquent fort d\u2019\u00eatre d\u00e9bout\u00e9s pour laisser le passage au PU, les collectifs envisagent un recours au Conseil d\u2019\u00c9tat. La <a href=\"https:\/\/www.change.org\/p\/la-e-ken-save-donderberg-sauvons-le-donderberg-red-donderberg\">p\u00e9tition<\/a> pour la d\u00e9fense du Donderberg a recueilli plus de 500 nouvelles signatures en moins d\u2019un mois, signe que la mobilisation ne faiblit pas.<\/p>\n\n\n\n<p><strong>Contacts presse<\/strong> : <strong>Fr :<\/strong> 0487 38 83 78&nbsp;; <strong>Nl\/Fr :<\/strong> 0474 610 187<\/p>\n\n\n\n<p><\/p>\n\n\n\n<p><\/p>\n\n\n\n<p><\/p>\n\n\n\n<p>Liens\/sources :<\/p>\n\n\n\n<p>P\u00e9tition :<a href=\" https:\/\/www.change.org\/p\/la-e-ken-save-donderberg-sauvons-le-donderberg-red-donderberg\"> https:\/\/www.change.org\/p\/la-e-ken-save-donderberg-sauvons-le-donderberg-red-donderberg<\/a><\/p>\n\n\n\n<p>Site web Save Donderberg : <a href=\" https:\/\/savedonderberg.laek\"> <\/a><a href=\"http:\/\/savedonderberg.laeken.brussels\">http:\/\/savedonderberg.laeken.brussels<\/a><\/p>\n\n\n\n<p><\/p>\n\n\n\n<p><\/p>\n\n\n\n<p><\/p>\n\n\n\n<p>Les chiffres de population scolaire :https:\/\/ibsa.brussels\/themes\/enseignement\/population-scolaire (voir les donn\u00e9estableau 6.1.2.1<div id=\"outerContainer\"><div id=\"mainContainer\"><div id=\"viewerContainer\" tabindex=\"0\"><div id=\"viewer\" class=\"pdfViewer\" lang=\"fr-BE\"><div class=\"page\" data-page-number=\"2\" role=\"region\" aria-label=\"Page 2\" data-loaded=\"true\"><div class=\"textLayer\" data-main-rotation=\"0\"><div class=\"page\" data-page-number=\"1\" role=\"region\" style=\"width: calc(var(--scale-factor) * 595.303937007874px); height: calc(var(--scale-factor) * 841.889763779528px);\" aria-label=\"Page 1\" data-loaded=\"true\"><div class=\"annotationEditorLayer\" tabindex=\"0\" style=\"pointer-events: none; width: calc(var(--scale-factor) * 595.303937007874px); height: calc(var(--scale-factor) * 841.889763779528px);\" data-main-rotation=\"0\"><div class=\"page\" data-page-number=\"2\" role=\"region\" style=\"width: calc(var(--scale-factor) * 595.303937007874px); height: calc(var(--scale-factor) * 841.889763779528px);\" aria-label=\"Page 2\" data-loaded=\"true\"><div class=\"canvasWrapper\"><\/div><\/div><\/div><\/div><\/div><\/div><\/div><\/div><\/div><\/p>\n\n\n\n<p><\/p>\n\n\n\n<p><\/p>\n\n\n\n<p><\/p>\n\n\n\n<p><\/p>\n\n\n\n<p><\/p>\n\n\n\n<p><\/p>\n\n\n\n<p><\/p>\n\n\n\n<p><\/p>\n\n\n\n<p><\/p>\n\n\n\n<p><\/p>\n\n\n\n<p><\/p>\n\n\n\n<p><\/p>\n\n\n\n<p><\/p>\n\n\n\n<p><\/p>\n\n\n\n<p><\/p>\n\n\n\n<p><\/p>\n\n\n\n<p><\/p>\n\n\n\n<p><\/p>\n\n\n\n<p><\/p>\n\n\n\n<p><\/p>\n","protected":false},"excerpt":{"rendered":"<p>JEUDI 25 MAI SAVE DONDERBERG, TUINIERSFORUM des JARDINIERS, WALK.BRUSSELS et GREENPEACE BELGIQUE manifestent en soutien aux chemins vicinaux du Donderberg, qui passent ce jour au Conseil des ministres Laeken, le 23 mai 2023 En juin 2021, en d\u00e9pit de la vive opposition des Laekenois et d\u00e9fenseurs de la nature exprim\u00e9e lors de l\u2019enqu\u00eate publique quelques &hellip; <\/p>\n<p class=\"link-more\"><a href=\"https:\/\/savedonderberg.laeken.brussels\/index.php\/communique-de-presse-23-5-2023-manifestation-pour-la-sauvegarde-des-chemins-vicinaux\/\" class=\"more-link\">Read more<span class=\"screen-reader-text\"> &#8220;Communiqu\u00e9 de presse &#8211; 23\/5\/2023 &#8211; Manifestation pour la sauvegarde des chemins vicinaux&#8221;<\/span><\/a><\/p>\n","protected":false},"author":1,"featured_media":0,"parent":0,"menu_order":0,"comment_status":"closed","ping_status":"closed","template":"","meta":{"footnotes":""},"yoast_head":"<!-- This site is optimized with the Yoast SEO plugin v15.7 - https:\/\/yoast.com\/wordpress\/plugins\/seo\/ -->\n<title>Communiqu\u00e9 de presse - 23\/5\/2023 - Manifestation pour la sauvegarde des chemins vicinaux - Save Donderberg - Laeken<\/title>\n<meta name=\"robots\" content=\"index, follow, max-snippet:-1, max-image-preview:large, max-video-preview:-1\" \/>\n<link rel=\"canonical\" href=\"https:\/\/savedonderberg.laeken.brussels\/index.php\/communique-de-presse-23-5-2023-manifestation-pour-la-sauvegarde-des-chemins-vicinaux\/\" \/>\n<meta property=\"og:locale\" content=\"en_GB\" \/>\n<meta property=\"og:type\" content=\"article\" \/>\n<meta property=\"og:title\" content=\"Communiqu\u00e9 de presse - 23\/5\/2023 - Manifestation pour la sauvegarde des chemins vicinaux - Save Donderberg - Laeken\" \/>\n<meta property=\"og:description\" content=\"JEUDI 25 MAI SAVE DONDERBERG, TUINIERSFORUM des JARDINIERS, WALK.BRUSSELS et GREENPEACE BELGIQUE manifestent en soutien aux chemins vicinaux du Donderberg, qui passent ce jour au Conseil des ministres Laeken, le 23 mai 2023 En juin 2021, en d\u00e9pit de la vive opposition des Laekenois et d\u00e9fenseurs de la nature exprim\u00e9e lors de l\u2019enqu\u00eate publique quelques &hellip; Read more &quot;Communiqu\u00e9 de presse &#8211; 23\/5\/2023 &#8211; Manifestation pour la sauvegarde des chemins vicinaux&quot;\" \/>\n<meta property=\"og:url\" content=\"https:\/\/savedonderberg.laeken.brussels\/index.php\/communique-de-presse-23-5-2023-manifestation-pour-la-sauvegarde-des-chemins-vicinaux\/\" \/>\n<meta property=\"og:site_name\" content=\"Save Donderberg - Laeken\" \/>\n<meta property=\"article:modified_time\" content=\"2023-05-24T13:50:38+00:00\" \/>\n<meta property=\"og:image\" content=\"http:\/\/savedonderberg.laeken.brussels\/wp-content\/uploads\/2022\/03\/Picture_comm_suppression.jpg\" \/>\n<meta name=\"twitter:card\" content=\"summary_large_image\" \/>\n<meta name=\"twitter:label1\" content=\"Estimated reading time\">\n\t<meta name=\"twitter:data1\" content=\"3 minutes\">\n<script type=\"application\/ld+json\" class=\"yoast-schema-graph\">{\"@context\":\"https:\/\/schema.org\",\"@graph\":[{\"@type\":\"WebSite\",\"@id\":\"https:\/\/savedonderberg.laeken.brussels\/#website\",\"url\":\"https:\/\/savedonderberg.laeken.brussels\/\",\"name\":\"Save Donderberg - Laeken\",\"description\":\"Sauvons l&#039;espace vert du Donderberg \\u00e0 Laeken\",\"potentialAction\":[{\"@type\":\"SearchAction\",\"target\":\"https:\/\/savedonderberg.laeken.brussels\/?s={search_term_string}\",\"query-input\":\"required name=search_term_string\"}],\"inLanguage\":\"en-GB\"},{\"@type\":\"ImageObject\",\"@id\":\"https:\/\/savedonderberg.laeken.brussels\/index.php\/communique-de-presse-23-5-2023-manifestation-pour-la-sauvegarde-des-chemins-vicinaux\/#primaryimage\",\"inLanguage\":\"en-GB\",\"url\":\"http:\/\/savedonderberg.laeken.brussels\/wp-content\/uploads\/2022\/03\/Picture_comm_suppression.jpg\"},{\"@type\":\"WebPage\",\"@id\":\"https:\/\/savedonderberg.laeken.brussels\/index.php\/communique-de-presse-23-5-2023-manifestation-pour-la-sauvegarde-des-chemins-vicinaux\/#webpage\",\"url\":\"https:\/\/savedonderberg.laeken.brussels\/index.php\/communique-de-presse-23-5-2023-manifestation-pour-la-sauvegarde-des-chemins-vicinaux\/\",\"name\":\"Communiqu\\u00e9 de presse - 23\/5\/2023 - Manifestation pour la sauvegarde des chemins vicinaux - Save Donderberg - Laeken\",\"isPartOf\":{\"@id\":\"https:\/\/savedonderberg.laeken.brussels\/#website\"},\"primaryImageOfPage\":{\"@id\":\"https:\/\/savedonderberg.laeken.brussels\/index.php\/communique-de-presse-23-5-2023-manifestation-pour-la-sauvegarde-des-chemins-vicinaux\/#primaryimage\"},\"datePublished\":\"2023-05-24T13:49:53+00:00\",\"dateModified\":\"2023-05-24T13:50:38+00:00\",\"inLanguage\":\"en-GB\",\"potentialAction\":[{\"@type\":\"ReadAction\",\"target\":[\"https:\/\/savedonderberg.laeken.brussels\/index.php\/communique-de-presse-23-5-2023-manifestation-pour-la-sauvegarde-des-chemins-vicinaux\/\"]}]}]}<\/script>\n<!-- \/ Yoast SEO plugin. -->","_links":{"self":[{"href":"https:\/\/savedonderberg.laeken.brussels\/index.php\/wp-json\/wp\/v2\/pages\/1376"}],"collection":[{"href":"https:\/\/savedonderberg.laeken.brussels\/index.php\/wp-json\/wp\/v2\/pages"}],"about":[{"href":"https:\/\/savedonderberg.laeken.brussels\/index.php\/wp-json\/wp\/v2\/types\/page"}],"author":[{"embeddable":true,"href":"https:\/\/savedonderberg.laeken.brussels\/index.php\/wp-json\/wp\/v2\/users\/1"}],"replies":[{"embeddable":true,"href":"https:\/\/savedonderberg.laeken.brussels\/index.php\/wp-json\/wp\/v2\/comments?post=1376"}],"version-history":[{"count":1,"href":"https:\/\/savedonderberg.laeken.brussels\/index.php\/wp-json\/wp\/v2\/pages\/1376\/revisions"}],"predecessor-version":[{"id":1379,"href":"https:\/\/savedonderberg.laeken.brussels\/index.php\/wp-json\/wp\/v2\/pages\/1376\/revisions\/1379"}],"wp:attachment":[{"href":"https:\/\/savedonderberg.laeken.brussels\/index.php\/wp-json\/wp\/v2\/media?parent=1376"}],"curies":[{"name":"wp","href":"https:\/\/api.w.org\/{rel}","templated":true}]}}