{"id":1353,"date":"2023-04-19T16:10:20","date_gmt":"2023-04-19T16:10:20","guid":{"rendered":"http:\/\/savedonderberg.laeken.brussels\/?page_id=1353"},"modified":"2023-04-20T05:02:44","modified_gmt":"2023-04-20T05:02:44","slug":"communique-de-presse-18-4-2023-10000-pu","status":"publish","type":"page","link":"https:\/\/savedonderberg.laeken.brussels\/index.php\/communique-de-presse-18-4-2023-10000-pu\/","title":{"rendered":"Communiqu\u00e9 de presse &#8211; 18\/4\/2023 &#8211; (10 000 Signatures +Permis d&#8217;Urbanisme octroy\u00e9)"},"content":{"rendered":"\n<p class=\"has-text-align-center\"><strong>10.000 citoyens s\u2019opposent \u00e0 la b\u00e9tonisation du Donderberg <\/strong><\/p>\n\n\n\n<p><\/p>\n\n\n\n<div class=\"wp-block-image\"><figure class=\"aligncenter size-large\"><img fetchpriority=\"high\" decoding=\"async\" width=\"440\" height=\"296\" src=\"http:\/\/savedonderberg.laeken.brussels\/wp-content\/uploads\/2022\/03\/Picture_comm_suppression.jpg\" alt=\"\" class=\"wp-image-1225\" srcset=\"https:\/\/savedonderberg.laeken.brussels\/wp-content\/uploads\/2022\/03\/Picture_comm_suppression.jpg 440w, https:\/\/savedonderberg.laeken.brussels\/wp-content\/uploads\/2022\/03\/Picture_comm_suppression-300x202.jpg 300w\" sizes=\"(max-width: 440px) 100vw, 440px\" \/><\/figure><\/div>\n\n\n\n<p><\/p>\n\n\n\n<p>Laeken, le 18 avril 2023<\/p>\n\n\n\n<p><strong>La Ville de Bruxelles persiste \u00e0 vouloir construire une \u00e9cole maternelle et primaire de 672 places sur le site naturel du Donderberg \u00e0 Laeken. Ce projet priverait d\u2019un \u00eelot de nature et de fra\u00eecheur un quartier dens\u00e9ment peupl\u00e9, en zone inondable, au m\u00e9pris de la crise climatique et de la chute de la biodiversit\u00e9. Alors que la R\u00e9gion vient de d\u00e9livrer le permis d\u2019urbanisme, le collectif Save Donderberg appelle \u00e0 l\u2019arr\u00eat de ce projet d\u00e9sastreux tant pour les Bruxellois(es) que pour la faune et la flore. La p\u00e9tition demandant la sauvegarde du site rassemble d\u00e9sormais plus de 10.000 signatures.<\/strong><\/p>\n\n\n\n<p><strong>Un projet<\/strong> q<strong>ui arrive trop tard<\/strong><\/p>\n\n\n\n<p>Au lancement du projet il y 10 ans, on pensait la d\u00e9mographie scolaire en augmentation infinie. Or, en R\u00e9gion bruxelloise, le pic de fr\u00e9quentation de l\u2019enseignement maternel a \u00e9t\u00e9 atteint en 2015. Depuis, 128 classes ont \u00e9t\u00e9 ferm\u00e9es. L\u2019enseignement primaire a atteint son pic en 2020. Depuis,37 classes ont \u00e9t\u00e9 ferm\u00e9es. L\u2019IBSA annonce 15.000 \u00e9l\u00e8ves de moins d\u2019ici 2030. A Laeken des centaines de places sont d\u00e9j\u00e0 vacantes aujourd\u2019hui, y compris \u00e0 10 minutes du Donderberg.<\/p>\n\n\n\n<p><strong>Une atteinte inexcusable \u00e0 l\u2019environnement<\/strong><\/p>\n\n\n\n<p>La haute valeur biologique du Donderberg reconnue par la R\u00e9gion bruxelloise serait d\u00e9truite par ce projet. En effet, le projet de la Ville occupera la majeure partie du site. Les espaces sauvages restants seront fractionn\u00e9s. Ce ne sera pas une \u00e9cole dans la nature. Ce sera une \u00e9cole \u00e0 la place de la nature, dont elle privera l\u2019ensemble des habitants et les 4.000 \u00e9l\u00e8ves fr\u00e9quentant d\u00e9j\u00e0 quotidiennement le quartier.La crise climatique se regardait sur les \u00e9crans. Puis, les inondations ont fait quarante morts en Belgique. Les \u00e9pisodes de vagues de chaleur se multiplient, avec une p\u00e9nibilit\u00e9 et une mortalit\u00e9 accrue en ville. La biodiversit\u00e9 s\u2019effondre. L\u2019esp\u00e8ce humaine prend conscience qu\u2019elle n\u2019est pas isol\u00e9e du reste du vivant, dont elle d\u00e9pend, notamment pour limiter les d\u00e9r\u00e8glements climatiques et en amortir les impacts. Or, le projet va accentuer l\u2019effet d\u2019\u00eelot de chaleurs, le risque d\u2019inondation (zone d\u2019al\u00e9a \u00e9lev\u00e9 concernant moins de 1% de la R\u00e9gion) et porter atteinte \u00e0 un site refuge pour la biodiversit\u00e9 tout en privant les quartiers denses environnant d\u2019un poumon vert.<\/p>\n\n\n\n<p><strong>Le collectif Save Donderberg et les 10.000 signataires de la p\u00e9tition demandent l\u2019arr\u00eat de ce projet, la pr\u00e9servation du site par un changement d\u2019affectation au PRAS, et de faire du Donderberg un \u00e9l\u00e9ment structurant du maillage vert bruxellois qui doit permettre de relier la place Bockstael aux parcs du Nord de Bruxelles.Collectif Save Donderberg<\/strong><\/p>\n\n\n\n<p><\/p>\n\n\n\n<p>Liens\/sources :<\/p>\n\n\n\n<p>P\u00e9tition :<a href=\" https:\/\/www.change.org\/p\/la-e-ken-save-donderberg-sauvons-le-donderberg-red-donderberg\"> https:\/\/www.change.org\/p\/la-e-ken-save-donderberg-sauvons-le-donderberg-red-donderberg<\/a><\/p>\n\n\n\n<p>Site web Save Donderberg : <a href=\" https:\/\/savedonderberg.laek\"> <\/a><a href=\"http:\/\/savedonderberg.laeken.brussels\">http:\/\/savedonderberg.laeken.brussels<\/a><\/p>\n\n\n\n<p>Le Donderberg sur la carte d\u2019\u00e9valuation biologique :<a href=\"https:\/\/geodata.leefmilieu.brussels\/client\/view\/c61ea1c9-130d-4149-a87e-6a45c3e2b1dd\/148622\/174748\/10\">https:\/\/geodata.leefmilieu.brussels\/client\/view\/c61ea1c9-130d-4149-a87e-6a45c3e2b1dd\/148622\/174748\/10<\/a><\/p>\n\n\n\n<p>Le Donderberg sur la carte Al\u00e9as d\u2019inondation :<a href=\" https:\/\/geodata.leefmilieu.brussels\/client\/view\/1a3cae6b-dd04-4b28-a3e2-c432dc83e24f\/148583\/174647\/10\"> https:\/\/geodata.leefmilieu.brussels\/client\/view\/1a3cae6b-dd04-4b28-a3e2-c432dc83e24f\/148583\/174647\/10<\/a><\/p>\n\n\n\n<p> L\u2019\u00e9tude IBSA sur l\u2019\u00e9volution de la population scolaire : <a href=\"https:\/\/ibsa.brussels\/sites\/default\/files\/publication\/documents\/Focus-48_FR.pdf\">https:\/\/ibsa.brussels\/sites\/default\/files\/publication\/documents\/Focus-48_FR.pdf<\/a><\/p>\n\n\n\n<p>Les chiffres de population scolaire :https:\/\/ibsa.brussels\/themes\/enseignement\/population-scolaire (voir les donn\u00e9estableau 6.1.2.1<div id=\"outerContainer\"><div id=\"mainContainer\"><div id=\"viewerContainer\" tabindex=\"0\"><div id=\"viewer\" class=\"pdfViewer\" lang=\"fr-BE\"><div class=\"page\" data-page-number=\"2\" role=\"region\" aria-label=\"Page 2\" data-loaded=\"true\"><div class=\"textLayer\" data-main-rotation=\"0\"><div class=\"page\" data-page-number=\"1\" role=\"region\" style=\"width: calc(var(--scale-factor) * 595.303937007874px); height: calc(var(--scale-factor) * 841.889763779528px);\" aria-label=\"Page 1\" data-loaded=\"true\"><div class=\"annotationEditorLayer\" tabindex=\"0\" style=\"pointer-events: none; width: calc(var(--scale-factor) * 595.303937007874px); height: calc(var(--scale-factor) * 841.889763779528px);\" data-main-rotation=\"0\"><div class=\"page\" data-page-number=\"2\" role=\"region\" style=\"width: calc(var(--scale-factor) * 595.303937007874px); height: calc(var(--scale-factor) * 841.889763779528px);\" aria-label=\"Page 2\" data-loaded=\"true\"><div class=\"canvasWrapper\"><\/div><\/div><\/div><\/div><\/div><\/div><\/div><\/div><\/div><\/p>\n\n\n\n<p><\/p>\n\n\n\n<p><\/p>\n\n\n\n<p><\/p>\n\n\n\n<p><\/p>\n\n\n\n<p><\/p>\n\n\n\n<p><\/p>\n\n\n\n<p><\/p>\n\n\n\n<p><\/p>\n\n\n\n<p><\/p>\n\n\n\n<p><\/p>\n\n\n\n<p><\/p>\n\n\n\n<p><\/p>\n\n\n\n<p><\/p>\n\n\n\n<p><\/p>\n\n\n\n<p><\/p>\n\n\n\n<p><\/p>\n\n\n\n<p><\/p>\n\n\n\n<p><\/p>\n\n\n\n<p><\/p>\n\n\n\n<p><\/p>\n","protected":false},"excerpt":{"rendered":"<p>10.000 citoyens s\u2019opposent \u00e0 la b\u00e9tonisation du Donderberg Laeken, le 18 avril 2023 La Ville de Bruxelles persiste \u00e0 vouloir construire une \u00e9cole maternelle et primaire de 672 places sur le site naturel du Donderberg \u00e0 Laeken. Ce projet priverait d\u2019un \u00eelot de nature et de fra\u00eecheur un quartier dens\u00e9ment peupl\u00e9, en zone inondable, au &hellip; <\/p>\n<p class=\"link-more\"><a href=\"https:\/\/savedonderberg.laeken.brussels\/index.php\/communique-de-presse-18-4-2023-10000-pu\/\" class=\"more-link\">Read more<span class=\"screen-reader-text\"> &#8220;Communiqu\u00e9 de presse &#8211; 18\/4\/2023 &#8211; (10 000 Signatures +Permis d&#8217;Urbanisme octroy\u00e9)&#8221;<\/span><\/a><\/p>\n","protected":false},"author":1,"featured_media":0,"parent":0,"menu_order":0,"comment_status":"closed","ping_status":"closed","template":"","meta":{"footnotes":""},"yoast_head":"<!-- This site is optimized with the Yoast SEO plugin v15.7 - https:\/\/yoast.com\/wordpress\/plugins\/seo\/ -->\n<title>Communiqu\u00e9 de presse - 18\/4\/2023 - (10 000 Signatures +Permis d&#039;Urbanisme octroy\u00e9) - Save Donderberg - Laeken<\/title>\n<meta name=\"robots\" content=\"index, follow, max-snippet:-1, max-image-preview:large, max-video-preview:-1\" \/>\n<link rel=\"canonical\" href=\"https:\/\/savedonderberg.laeken.brussels\/index.php\/communique-de-presse-18-4-2023-10000-pu\/\" \/>\n<meta property=\"og:locale\" content=\"en_GB\" \/>\n<meta property=\"og:type\" content=\"article\" \/>\n<meta property=\"og:title\" content=\"Communiqu\u00e9 de presse - 18\/4\/2023 - (10 000 Signatures +Permis d&#039;Urbanisme octroy\u00e9) - Save Donderberg - Laeken\" \/>\n<meta property=\"og:description\" content=\"10.000 citoyens s\u2019opposent \u00e0 la b\u00e9tonisation du Donderberg Laeken, le 18 avril 2023 La Ville de Bruxelles persiste \u00e0 vouloir construire une \u00e9cole maternelle et primaire de 672 places sur le site naturel du Donderberg \u00e0 Laeken. Ce projet priverait d\u2019un \u00eelot de nature et de fra\u00eecheur un quartier dens\u00e9ment peupl\u00e9, en zone inondable, au &hellip; Read more &quot;Communiqu\u00e9 de presse &#8211; 18\/4\/2023 &#8211; (10 000 Signatures +Permis d&#8217;Urbanisme octroy\u00e9)&quot;\" \/>\n<meta property=\"og:url\" content=\"https:\/\/savedonderberg.laeken.brussels\/index.php\/communique-de-presse-18-4-2023-10000-pu\/\" \/>\n<meta property=\"og:site_name\" content=\"Save Donderberg - Laeken\" \/>\n<meta property=\"article:modified_time\" content=\"2023-04-20T05:02:44+00:00\" \/>\n<meta property=\"og:image\" content=\"http:\/\/savedonderberg.laeken.brussels\/wp-content\/uploads\/2022\/03\/Picture_comm_suppression.jpg\" \/>\n<meta name=\"twitter:card\" content=\"summary_large_image\" \/>\n<meta name=\"twitter:label1\" content=\"Estimated reading time\">\n\t<meta name=\"twitter:data1\" content=\"3 minutes\">\n<script type=\"application\/ld+json\" class=\"yoast-schema-graph\">{\"@context\":\"https:\/\/schema.org\",\"@graph\":[{\"@type\":\"WebSite\",\"@id\":\"https:\/\/savedonderberg.laeken.brussels\/#website\",\"url\":\"https:\/\/savedonderberg.laeken.brussels\/\",\"name\":\"Save Donderberg - Laeken\",\"description\":\"Sauvons l&#039;espace vert du Donderberg \\u00e0 Laeken\",\"potentialAction\":[{\"@type\":\"SearchAction\",\"target\":\"https:\/\/savedonderberg.laeken.brussels\/?s={search_term_string}\",\"query-input\":\"required name=search_term_string\"}],\"inLanguage\":\"en-GB\"},{\"@type\":\"ImageObject\",\"@id\":\"https:\/\/savedonderberg.laeken.brussels\/index.php\/communique-de-presse-18-4-2023-10000-pu\/#primaryimage\",\"inLanguage\":\"en-GB\",\"url\":\"http:\/\/savedonderberg.laeken.brussels\/wp-content\/uploads\/2022\/03\/Picture_comm_suppression.jpg\"},{\"@type\":\"WebPage\",\"@id\":\"https:\/\/savedonderberg.laeken.brussels\/index.php\/communique-de-presse-18-4-2023-10000-pu\/#webpage\",\"url\":\"https:\/\/savedonderberg.laeken.brussels\/index.php\/communique-de-presse-18-4-2023-10000-pu\/\",\"name\":\"Communiqu\\u00e9 de presse - 18\/4\/2023 - (10 000 Signatures +Permis d'Urbanisme octroy\\u00e9) - Save Donderberg - Laeken\",\"isPartOf\":{\"@id\":\"https:\/\/savedonderberg.laeken.brussels\/#website\"},\"primaryImageOfPage\":{\"@id\":\"https:\/\/savedonderberg.laeken.brussels\/index.php\/communique-de-presse-18-4-2023-10000-pu\/#primaryimage\"},\"datePublished\":\"2023-04-19T16:10:20+00:00\",\"dateModified\":\"2023-04-20T05:02:44+00:00\",\"inLanguage\":\"en-GB\",\"potentialAction\":[{\"@type\":\"ReadAction\",\"target\":[\"https:\/\/savedonderberg.laeken.brussels\/index.php\/communique-de-presse-18-4-2023-10000-pu\/\"]}]}]}<\/script>\n<!-- \/ Yoast SEO plugin. -->","_links":{"self":[{"href":"https:\/\/savedonderberg.laeken.brussels\/index.php\/wp-json\/wp\/v2\/pages\/1353"}],"collection":[{"href":"https:\/\/savedonderberg.laeken.brussels\/index.php\/wp-json\/wp\/v2\/pages"}],"about":[{"href":"https:\/\/savedonderberg.laeken.brussels\/index.php\/wp-json\/wp\/v2\/types\/page"}],"author":[{"embeddable":true,"href":"https:\/\/savedonderberg.laeken.brussels\/index.php\/wp-json\/wp\/v2\/users\/1"}],"replies":[{"embeddable":true,"href":"https:\/\/savedonderberg.laeken.brussels\/index.php\/wp-json\/wp\/v2\/comments?post=1353"}],"version-history":[{"count":13,"href":"https:\/\/savedonderberg.laeken.brussels\/index.php\/wp-json\/wp\/v2\/pages\/1353\/revisions"}],"predecessor-version":[{"id":1374,"href":"https:\/\/savedonderberg.laeken.brussels\/index.php\/wp-json\/wp\/v2\/pages\/1353\/revisions\/1374"}],"wp:attachment":[{"href":"https:\/\/savedonderberg.laeken.brussels\/index.php\/wp-json\/wp\/v2\/media?parent=1353"}],"curies":[{"name":"wp","href":"https:\/\/api.w.org\/{rel}","templated":true}]}}