{"id":1215,"date":"2022-03-02T15:58:35","date_gmt":"2022-03-02T15:58:35","guid":{"rendered":"http:\/\/savedonderberg.laeken.brussels\/?page_id=1215"},"modified":"2022-03-02T16:29:42","modified_gmt":"2022-03-02T16:29:42","slug":"communique-de-presse-02-03-2022","status":"publish","type":"page","link":"https:\/\/savedonderberg.laeken.brussels\/index.php\/communique-de-presse-02-03-2022\/","title":{"rendered":"Communiqu\u00e9 de presse \u2013 02\/03\/2022"},"content":{"rendered":"\n<p><strong>HOP5, le Donderberg \u00e0 Laeken toujours sous la menace du b\u00e9ton&nbsp;: les d\u00e9fenseurs du site restent d\u00e9termin\u00e9s et se f\u00e9d\u00e8rent<\/strong><\/p>\n\n\n\n<figure class=\"wp-block-image size-large\"><img fetchpriority=\"high\" decoding=\"async\" width=\"643\" height=\"306\" src=\"http:\/\/savedonderberg.laeken.brussels\/wp-content\/uploads\/2022\/03\/Picture_comm_presse.jpg\" alt=\"\" class=\"wp-image-1220\" srcset=\"https:\/\/savedonderberg.laeken.brussels\/wp-content\/uploads\/2022\/03\/Picture_comm_presse.jpg 643w, https:\/\/savedonderberg.laeken.brussels\/wp-content\/uploads\/2022\/03\/Picture_comm_presse-300x143.jpg 300w\" sizes=\"(max-width: 643px) 100vw, 643px\" \/><\/figure>\n\n\n\n<p><strong>Laeken, le 2 mars 2022. Tandis que l\u2019enqu\u00eate sur HOP5, projet de la R\u00e9gie fonci\u00e8re de la Ville de Bruxelles, court jusqu\u2019au 10 mars, la date de la Commission de Concertation n\u2019est pas encore connue. Les d\u00e9fenseurs du Donderberg restent mobilis\u00e9s pour sauvegarder ce site naturel.<\/strong><\/p>\n\n\n\n<p><strong><em><span class=\"has-inline-color has-vivid-green-cyan-color\">Patrimoine naturel et historique de haute valeur biologique<\/span><\/em><\/strong><\/p>\n\n\n\n<p>Le 7 d\u00e9cembre 2021, Bruxelles-Environnement publiait une mise \u00e0 jour de sa <a href=\"https:\/\/geodata.environnement.brussels\/client\/view\/c61ea1c9-130d-4149-a87e-6a45c3e2b1dd\">carte d\u2019\u00e9valuation biologique<\/a> (CEB), outil permettant de suivre et d\u2019objectiver la valeur biologique sur le territoire r\u00e9gional. Le Donderberg y re\u00e7oit la mention \u00ab&nbsp;haute valeur biologique&nbsp;\u00bb. Ces qualit\u00e9s, \u00e9valu\u00e9es et publi\u00e9es par la R\u00e9gion d\u00e8s <a href=\"https:\/\/environnement.brussels\/sites\/default\/files\/5_genart_reseau_ecologique.pdf\">1998<\/a>, n\u2019avaient cependant pas emp\u00each\u00e9 de l\u2019affecter en <em>zone d\u2019\u00e9quipement d\u2019int\u00e9r\u00eat collectif<\/em> au premier Plan r\u00e9gional d\u2019affectation du sol (PRAS) en 2001. Mais les pr\u00e9occupations et les mentalit\u00e9s changent. Les autorit\u00e9s r\u00e9gionales ont entam\u00e9 l\u2019\u00e9t\u00e9 dernier une refonte totale du PRAS. Dans le cadre de cette mise \u00e0 jour, la carte d\u2019\u00e9valuation biologique sera explicitement &#8220;<a href=\"https:\/\/www.bruzz.be\/stedenbouw\/groene-ruimtes-krijgen-expliciete-plaats-brusselse-grondpolitiek-2022-01-27\">prise en compte<\/a>&#8220;, a indiqu\u00e9 le Ministre r\u00e9gional de l\u2019Environnement. <strong>Le Donderberg, reconnu par la R\u00e9gion comme zone \u00e0 haute valeur biologique, doit \u00eatre \u00e0 pr\u00e9sent prot\u00e9g\u00e9 comme tel dans le nouveau PRAS, pr\u00e9vu pour 2024.<\/strong><\/p>\n\n\n\n<p>Vu l\u2019atteinte qui lui serait port\u00e9e par le projet HOP (171 arbres abattus, imperm\u00e9abilisation, destruction d\u2019habitats \u2026), <strong>les d\u00e9fenseurs du site appellent \u00e0 une suspension des proc\u00e9dures de permis dans l\u2019attente du nouveau PRAS.<\/strong><\/p>\n\n\n\n<p><strong><em><span class=\"has-inline-color has-vivid-green-cyan-color\">Nouvelle donne d\u00e9mographique vs projet d\u2019\u00e9cole vieux de 10 ans<\/span><\/em><\/strong><\/p>\n\n\n\n<p>La <a href=\"https:\/\/www.bruxelles.be\/sites\/default\/files\/public-inquiry\/Rue_des_Horticulteurs_PU-H13892016.pdf\">5<\/a><a href=\"https:\/\/www.bruxelles.be\/sites\/default\/files\/public-inquiry\/Rue_des_Horticulteurs_PU-H13892016.pdf\"><sup>\u00e8me<\/sup><\/a><a href=\"https:\/\/www.bruxelles.be\/sites\/default\/files\/public-inquiry\/Rue_des_Horticulteurs_PU-H13892016.pdf\"> mouture du projet HOP<\/a> pr\u00e9voit toujours la construction d\u2019une \u00e9cole de 672 \u00e9l\u00e8ves, de 8 logements et d\u2019une salle de sport sur cet ancien terrain de la Donation royale. Ce projet, initi\u00e9 en 2011, r\u00e9pondait alors au boom d\u00e9mographique observ\u00e9 en particulier dans le nord-ouest de Bruxelles. Cependant, les nouvelles <a href=\"https:\/\/ibsa.brussels\/sites\/default\/files\/publication\/documents\/Focus-48_FR.pdf\">projections de l\u2019IBSA<\/a> annoncent une diminution de la population scolaire maternelle et primaire bruxelloise de 15 000 t\u00eates d\u2019ici \u00e0 2030. De plus, l\u2019outil mis en ligne par la <a href=\"http:\/\/www.placesecolesmaternellesetprimaires.cfwb.be\/\">F\u00e9d\u00e9ration Wallonie-Bruxelles<\/a> r\u00e9v\u00e8le les nombreuses places vacantes dans les \u00e9coles francophones de Laeken-Nord. Sans compter l\u2019offre dans l\u2019enseignement public n\u00e9erlandophone attirant de nombreux francophones (400 nouvelles places pr\u00e9vues pour la rentr\u00e9e 2024 \u00e0 l\u2019\u00e9cole <em>Droomboom-Wittouck <\/em>toute proche).<\/p>\n\n\n\n<p>Le projet d\u2019\u00e9cole HOP aurait, en outre, un impact n\u00e9gatif sur la fr\u00e9quentation des \u00e9coles communales voisines&nbsp; &#8211; et donc sur leurs subsides &#8211; , alors m\u00eame qu&#8217;elles subissent d\u00e9j\u00e0 la d\u00e9crue d\u00e9mographique.<strong><\/strong><\/p>\n\n\n\n<p class=\"has-text-align-center\"><strong>Sacrifier le Donderberg n\u2019a aucun sens.<\/strong><\/p>\n\n\n\n<p><strong><em><span class=\"has-inline-color has-vivid-green-cyan-color\">Chemins vicinaux<\/span><\/em><\/strong><\/p>\n\n\n\n<p>Lors de l\u2019enqu\u00eate publique HOP4, il y a juste un an, une 2<sup>\u00e8me<\/sup> enqu\u00eate portant sur la suppression des chemins vicinaux (entravant le projet HOP) avait provoqu\u00e9 une lev\u00e9e de boucliers&nbsp;: les habitants veulent conserver les sentier et chemins vicinaux qui sillonnent le Donderberg.La restauration des serres du Stuyvenberg pour les ouvrir prochainement au public donne tout son sens \u00e0 la sauvegarde de ces cheminements historiques, et particuli\u00e8rement le chemin n\u00b0 14, situ\u00e9 dans le prolongement de la rue des Chrysanth\u00e8mes. Leur <strong>suppression d\u00e9finitive par le conseil communal de 14 juin 2021 n\u2019a cependant pas encore \u00e9t\u00e9 confirm\u00e9e par un arr\u00eat\u00e9 du gouvernement.<\/strong> La mobilisation se poursuit donc et les chemins continuent d\u2019accueillir les promeneurs soucieux de pr\u00e9server le site.<\/p>\n\n\n\n<p class=\"has-text-align-center\"><strong>Ces cheminements historiques m\u00e9ritent d\u2019\u00eatre sauvegard\u00e9s et mis en valeur.<\/strong><\/p>\n\n\n\n<p><strong><em><span class=\"has-inline-color has-vivid-green-cyan-color\">R\u00e9pondre \u00e0 l\u2019urgence climatique ici et maintenant<\/span><\/em><\/strong><\/p>\n\n\n\n<p>\u00c0 l\u2019heure de la publication du 2<sup>\u00e8me<\/sup> volet du 6<sup>\u00e8me<\/sup> rapport du GIEC, les collectifs et comit\u00e9s de quartier actifs dans la d\u00e9fense des sites naturels de Bruxelles sont plus d\u00e9termin\u00e9s que jamais et se f\u00e9d\u00e8rent. . Bruxelles doit lutter contre la perte de la biodiversit\u00e9, pour am\u00e9liorer sa r\u00e9silience face aux risques climatiques et pour rendre accessibles des espaces verts, particuli\u00e8rement dans les quartiers populaires. \u00ab&nbsp;<strong><u>Prot\u00e9ger et restaurer les \u00e9cosyst\u00e8mes est sans nul doute l&#8217;investissement qui a le meilleur rapport qualit\u00e9-prix<\/u><\/strong>&nbsp;\u00bb, selon le GIEC. Nous r\u00e9clamons cette prise de conscience et le courage d\u2019agir de la part de nos \u00e9lus&nbsp;!<\/p>\n\n\n\n<p><strong>Une <\/strong><a href=\"https:\/\/www.facebook.com\/events\/4833869170065409\/\"><strong>soir\u00e9e d\u2019information et de mobilisation<\/strong><\/a><strong> est pr\u00e9vue au CC Nekkersdal ce jeudi 3 mars \u00e0 19h<\/strong><\/p>\n\n\n\n<p><strong>Une action de protestation contre le projet HOP et pour la d\u00e9fense du patrimoine naturel bruxellois menac\u00e9 se tiendra le dimanche 3 avril apr\u00e8s-midi, avec le soutien d\u2019associations citoyennes.<\/strong><\/p>\n\n\n\n<p class=\"has-text-align-center\">Pour le Collectif Save Donderberg, Laeken.Brussels et le Comit\u00e9 de quartier Donderberg<\/p>\n\n\n\n<p class=\"has-text-align-center\">Site web&nbsp;:<a href=\"http:\/\/savedonderberg.laeken.brussels\/\">http:\/\/savedonderberg.laeken.brussels<\/a><\/p>\n\n\n\n<p class=\"has-text-align-center\">P\u00e9tition <a href=\"https:\/\/www.change.org\/p\/la-e-ken-save-donderberg-sauvons-le-donderberg-red-donderberg\">Sauvons l&#8217;espace vert du Donderberg <\/a>&nbsp;(+7.700 signatures)<\/p>\n\n\n\n<p class=\"has-text-align-center\"><a href=\"mailto:save.donderberg@laeken.brussels\">save.donderberg@laeken.brussels<\/a><\/p>\n","protected":false},"excerpt":{"rendered":"<p>HOP5, le Donderberg \u00e0 Laeken toujours sous la menace du b\u00e9ton&nbsp;: les d\u00e9fenseurs du site restent d\u00e9termin\u00e9s et se f\u00e9d\u00e8rent Laeken, le 2 mars 2022. Tandis que l\u2019enqu\u00eate sur HOP5, projet de la R\u00e9gie fonci\u00e8re de la Ville de Bruxelles, court jusqu\u2019au 10 mars, la date de la Commission de Concertation n\u2019est pas encore connue. &hellip; <\/p>\n<p class=\"link-more\"><a href=\"https:\/\/savedonderberg.laeken.brussels\/index.php\/communique-de-presse-02-03-2022\/\" class=\"more-link\">Read more<span class=\"screen-reader-text\"> &#8220;Communiqu\u00e9 de presse \u2013 02\/03\/2022&#8221;<\/span><\/a><\/p>\n","protected":false},"author":6,"featured_media":0,"parent":0,"menu_order":0,"comment_status":"closed","ping_status":"closed","template":"","meta":{"footnotes":""},"yoast_head":"<!-- This site is optimized with the Yoast SEO plugin v15.7 - https:\/\/yoast.com\/wordpress\/plugins\/seo\/ -->\n<title>Communiqu\u00e9 de presse \u2013 02\/03\/2022 - Save Donderberg - Laeken<\/title>\n<meta name=\"robots\" content=\"index, follow, max-snippet:-1, max-image-preview:large, max-video-preview:-1\" \/>\n<link rel=\"canonical\" href=\"https:\/\/savedonderberg.laeken.brussels\/index.php\/communique-de-presse-02-03-2022\/\" \/>\n<meta property=\"og:locale\" content=\"en_GB\" \/>\n<meta property=\"og:type\" content=\"article\" \/>\n<meta property=\"og:title\" content=\"Communiqu\u00e9 de presse \u2013 02\/03\/2022 - Save Donderberg - Laeken\" \/>\n<meta property=\"og:description\" content=\"HOP5, le Donderberg \u00e0 Laeken toujours sous la menace du b\u00e9ton&nbsp;: les d\u00e9fenseurs du site restent d\u00e9termin\u00e9s et se f\u00e9d\u00e8rent Laeken, le 2 mars 2022. Tandis que l\u2019enqu\u00eate sur HOP5, projet de la R\u00e9gie fonci\u00e8re de la Ville de Bruxelles, court jusqu\u2019au 10 mars, la date de la Commission de Concertation n\u2019est pas encore connue. &hellip; Read more &quot;Communiqu\u00e9 de presse \u2013 02\/03\/2022&quot;\" \/>\n<meta property=\"og:url\" content=\"https:\/\/savedonderberg.laeken.brussels\/index.php\/communique-de-presse-02-03-2022\/\" \/>\n<meta property=\"og:site_name\" content=\"Save Donderberg - Laeken\" \/>\n<meta property=\"article:modified_time\" content=\"2022-03-02T16:29:42+00:00\" \/>\n<meta property=\"og:image\" content=\"http:\/\/savedonderberg.laeken.brussels\/wp-content\/uploads\/2022\/03\/Picture_comm_presse.jpg\" \/>\n<meta name=\"twitter:card\" content=\"summary_large_image\" \/>\n<meta name=\"twitter:label1\" content=\"Estimated reading time\">\n\t<meta name=\"twitter:data1\" content=\"4 minutes\">\n<script type=\"application\/ld+json\" class=\"yoast-schema-graph\">{\"@context\":\"https:\/\/schema.org\",\"@graph\":[{\"@type\":\"WebSite\",\"@id\":\"https:\/\/savedonderberg.laeken.brussels\/#website\",\"url\":\"https:\/\/savedonderberg.laeken.brussels\/\",\"name\":\"Save Donderberg - Laeken\",\"description\":\"Sauvons l&#039;espace vert du Donderberg \\u00e0 Laeken\",\"potentialAction\":[{\"@type\":\"SearchAction\",\"target\":\"https:\/\/savedonderberg.laeken.brussels\/?s={search_term_string}\",\"query-input\":\"required name=search_term_string\"}],\"inLanguage\":\"en-GB\"},{\"@type\":\"ImageObject\",\"@id\":\"https:\/\/savedonderberg.laeken.brussels\/index.php\/communique-de-presse-02-03-2022\/#primaryimage\",\"inLanguage\":\"en-GB\",\"url\":\"http:\/\/savedonderberg.laeken.brussels\/wp-content\/uploads\/2022\/03\/Picture_comm_presse.jpg\"},{\"@type\":\"WebPage\",\"@id\":\"https:\/\/savedonderberg.laeken.brussels\/index.php\/communique-de-presse-02-03-2022\/#webpage\",\"url\":\"https:\/\/savedonderberg.laeken.brussels\/index.php\/communique-de-presse-02-03-2022\/\",\"name\":\"Communiqu\\u00e9 de presse \\u2013 02\/03\/2022 - Save Donderberg - Laeken\",\"isPartOf\":{\"@id\":\"https:\/\/savedonderberg.laeken.brussels\/#website\"},\"primaryImageOfPage\":{\"@id\":\"https:\/\/savedonderberg.laeken.brussels\/index.php\/communique-de-presse-02-03-2022\/#primaryimage\"},\"datePublished\":\"2022-03-02T15:58:35+00:00\",\"dateModified\":\"2022-03-02T16:29:42+00:00\",\"inLanguage\":\"en-GB\",\"potentialAction\":[{\"@type\":\"ReadAction\",\"target\":[\"https:\/\/savedonderberg.laeken.brussels\/index.php\/communique-de-presse-02-03-2022\/\"]}]}]}<\/script>\n<!-- \/ Yoast SEO plugin. -->","_links":{"self":[{"href":"https:\/\/savedonderberg.laeken.brussels\/index.php\/wp-json\/wp\/v2\/pages\/1215"}],"collection":[{"href":"https:\/\/savedonderberg.laeken.brussels\/index.php\/wp-json\/wp\/v2\/pages"}],"about":[{"href":"https:\/\/savedonderberg.laeken.brussels\/index.php\/wp-json\/wp\/v2\/types\/page"}],"author":[{"embeddable":true,"href":"https:\/\/savedonderberg.laeken.brussels\/index.php\/wp-json\/wp\/v2\/users\/6"}],"replies":[{"embeddable":true,"href":"https:\/\/savedonderberg.laeken.brussels\/index.php\/wp-json\/wp\/v2\/comments?post=1215"}],"version-history":[{"count":4,"href":"https:\/\/savedonderberg.laeken.brussels\/index.php\/wp-json\/wp\/v2\/pages\/1215\/revisions"}],"predecessor-version":[{"id":1232,"href":"https:\/\/savedonderberg.laeken.brussels\/index.php\/wp-json\/wp\/v2\/pages\/1215\/revisions\/1232"}],"wp:attachment":[{"href":"https:\/\/savedonderberg.laeken.brussels\/index.php\/wp-json\/wp\/v2\/media?parent=1215"}],"curies":[{"name":"wp","href":"https:\/\/api.w.org\/{rel}","templated":true}]}}