{"id":1140,"date":"2022-02-21T14:43:28","date_gmt":"2022-02-21T14:43:28","guid":{"rendered":"http:\/\/savedonderberg.laeken.brussels\/?page_id=1140"},"modified":"2022-03-09T08:31:12","modified_gmt":"2022-03-09T08:31:12","slug":"projet-actuel","status":"publish","type":"page","link":"https:\/\/savedonderberg.laeken.brussels\/index.php\/projet-actuel\/","title":{"rendered":"Projet actuel : HOP5 (2022)"},"content":{"rendered":"\n<p>Le mont <strong>Donderberg \u00e0 Laeken<\/strong> est un site magnifique de 2,6 hectares qui n\u2019a jamais vu une construction de son existence. Ancienne p\u00e9pini\u00e8re du Domaine royal, on y retrouve toujours fruitiers anciens et arbres remarquables. Le Donderberg fait partie de l\u2019ensemble constitu\u00e9 par les Jardins du fleuriste et les serres du Stuyvenberg. Laiss\u00e9<strong> \u00e0 l\u2019\u00e9tat sauvage depuis plus de 50 ans<\/strong>, <a href=\"http:\/\/savedonderberg.laeken.brussels\/index.php\/photos\/?_gallery=gg-1-13\" rel=\"noreferrer noopener\" target=\"_blank\">la nature (faune et flore) y a pleinement ses droits<\/a>. Un poumon vert \u00e0 10 minutes de l\u2019agitation de la place Bockstael.<\/p>\n\n\n\n<p>D\u00e9but f\u00e9vrier 2022 la Ville publie son projet HOP5 , la cinqui\u00e8me mouture de son projet sur le site remarquable du Donderberg. Ce projet est similaire au projet <a href=\"http:\/\/savedonderberg.laeken.brussels\/index.php\/dossier-enquete-publique-ecole-hop4-2021\/\" target=\"_blank\" rel=\"noreferrer noopener\">HOP4<\/a><\/p>\n\n\n\n<p>Le projet pr\u00e9voit la construction sur le site  d&#8217;une \u00e9cole  fondamentale de 672 places (sans en d\u00e9montrer la n\u00e9cessit\u00e9), une salle de sport (qui accueillera sur son toit une des cours de r\u00e9cr\u00e9ation) ainsi que 8 logements et un rez commercial  (profession lib\u00e9rale) en lisi\u00e8re de site. <\/p>\n\n\n\n<p>La question du besoin d&#8217;une \u00e9cole fondamentale suppl\u00e9mentaire est de plus en plus difficile \u00e0 d\u00e9fendre : en effet, l&#8217;IBSA pr\u00e9voit une baisse de 15 000 \u00e9l\u00e8ves dans les \u00e9coles fondamentales de la r\u00e9gion d&#8217;ici 2030. Et la Ville planifie, par ailleurs, la r\u00e9novation totale d&#8217;une autre \u00e9cole : l&#8217;\u00e9cole Droomboom, \u00e0 Bockstael, avec la cr\u00e9ation de 400 places suppl\u00e9mentaires ( enseignement fondamental NL). Or il y a d\u00e9j\u00e0 aujourd&#8217;hui des places libres dans les \u00e9coles du quartier Houba ! <a href=\"http:\/\/savedonderberg.laeken.brussels\/index.php\/demographie\/\"><em>Plus d&#8217;informations sur la question des besoins scolaires <\/em><\/a><\/p>\n\n\n\n<p><strong>Le projet pr\u00e9voit toujours l&#8217;abattage de 171 arbres<\/strong> \u00e0 haute tige, l&#8217;imperm\u00e9abilisation de 9300m\u00b2 de sol (de grande qualit\u00e9 car jamais b\u00e2ti). Malgr\u00e9 une r\u00e9duction de 30 % de la surface imperm\u00e9abilis\u00e9e par rapport au projet  (HOP3) l&#8217;impact pr\u00e9visible sur le site et la biodiversit\u00e9 de la zone verte alentour reste tr\u00e8s important. Un projet bien trop dense et aux cons\u00e9quences dramatiques pour le Donderberg comme pour ses abords.<\/p>\n\n\n\n<p>Le plan d&#8217;implantation ci dessous montre l&#8217;impact majeur du projet sur le site.<\/p>\n\n\n\n<figure class=\"wp-block-image size-large\"><img fetchpriority=\"high\" decoding=\"async\" width=\"1024\" height=\"614\" src=\"http:\/\/savedonderberg.laeken.brussels\/wp-content\/uploads\/2021\/02\/cropped-plan_implantation_hop4-1024x614.png\" alt=\"\" class=\"wp-image-436\" srcset=\"https:\/\/savedonderberg.laeken.brussels\/wp-content\/uploads\/2021\/02\/cropped-plan_implantation_hop4-1024x614.png 1024w, https:\/\/savedonderberg.laeken.brussels\/wp-content\/uploads\/2021\/02\/cropped-plan_implantation_hop4-300x180.png 300w, https:\/\/savedonderberg.laeken.brussels\/wp-content\/uploads\/2021\/02\/cropped-plan_implantation_hop4-768x461.png 768w, https:\/\/savedonderberg.laeken.brussels\/wp-content\/uploads\/2021\/02\/cropped-plan_implantation_hop4-1536x922.png 1536w, https:\/\/savedonderberg.laeken.brussels\/wp-content\/uploads\/2021\/02\/cropped-plan_implantation_hop4.png 2000w\" sizes=\"(max-width: 1024px) 100vw, 1024px\" \/><\/figure>\n\n\n\n<p>Le projet pr\u00e9voit \u00e9galement un hall sportif &#8220;semi-enterr\u00e9&#8221; (voir ci-dessous)<\/p>\n\n\n\n<figure class=\"wp-block-image size-large\"><img decoding=\"async\" width=\"1024\" height=\"452\" src=\"http:\/\/savedonderberg.laeken.brussels\/wp-content\/uploads\/2021\/03\/HOP4_sport_-2021-03-12--1024x452.png\" alt=\"\" class=\"wp-image-768\" srcset=\"https:\/\/savedonderberg.laeken.brussels\/wp-content\/uploads\/2021\/03\/HOP4_sport_-2021-03-12--1024x452.png 1024w, https:\/\/savedonderberg.laeken.brussels\/wp-content\/uploads\/2021\/03\/HOP4_sport_-2021-03-12--300x133.png 300w, https:\/\/savedonderberg.laeken.brussels\/wp-content\/uploads\/2021\/03\/HOP4_sport_-2021-03-12--768x339.png 768w, https:\/\/savedonderberg.laeken.brussels\/wp-content\/uploads\/2021\/03\/HOP4_sport_-2021-03-12-.png 1281w\" sizes=\"(max-width: 1024px) 100vw, 1024px\" \/><\/figure>\n","protected":false},"excerpt":{"rendered":"<p>Le mont Donderberg \u00e0 Laeken est un site magnifique de 2,6 hectares qui n\u2019a jamais vu une construction de son existence. Ancienne p\u00e9pini\u00e8re du Domaine royal, on y retrouve toujours fruitiers anciens et arbres remarquables. Le Donderberg fait partie de l\u2019ensemble constitu\u00e9 par les Jardins du fleuriste et les serres du Stuyvenberg. Laiss\u00e9 \u00e0 l\u2019\u00e9tat &hellip; <\/p>\n<p class=\"link-more\"><a href=\"https:\/\/savedonderberg.laeken.brussels\/index.php\/projet-actuel\/\" class=\"more-link\">Read more<span class=\"screen-reader-text\"> &#8220;Projet actuel : HOP5 (2022)&#8221;<\/span><\/a><\/p>\n","protected":false},"author":2,"featured_media":0,"parent":0,"menu_order":0,"comment_status":"closed","ping_status":"closed","template":"","meta":{"footnotes":""},"yoast_head":"<!-- This site is optimized with the Yoast SEO plugin v15.7 - https:\/\/yoast.com\/wordpress\/plugins\/seo\/ -->\n<title>Projet actuel : HOP5 (2022) - Save Donderberg - Laeken<\/title>\n<meta name=\"robots\" content=\"index, follow, max-snippet:-1, max-image-preview:large, max-video-preview:-1\" \/>\n<link rel=\"canonical\" href=\"https:\/\/savedonderberg.laeken.brussels\/index.php\/projet-actuel\/\" \/>\n<meta property=\"og:locale\" content=\"en_GB\" \/>\n<meta property=\"og:type\" content=\"article\" \/>\n<meta property=\"og:title\" content=\"Projet actuel : HOP5 (2022) - Save Donderberg - Laeken\" \/>\n<meta property=\"og:description\" content=\"Le mont Donderberg \u00e0 Laeken est un site magnifique de 2,6 hectares qui n\u2019a jamais vu une construction de son existence. Ancienne p\u00e9pini\u00e8re du Domaine royal, on y retrouve toujours fruitiers anciens et arbres remarquables. Le Donderberg fait partie de l\u2019ensemble constitu\u00e9 par les Jardins du fleuriste et les serres du Stuyvenberg. Laiss\u00e9 \u00e0 l\u2019\u00e9tat &hellip; Read more &quot;Projet actuel : HOP5 (2022)&quot;\" \/>\n<meta property=\"og:url\" content=\"https:\/\/savedonderberg.laeken.brussels\/index.php\/projet-actuel\/\" \/>\n<meta property=\"og:site_name\" content=\"Save Donderberg - Laeken\" \/>\n<meta property=\"article:modified_time\" content=\"2022-03-09T08:31:12+00:00\" \/>\n<meta property=\"og:image\" content=\"http:\/\/savedonderberg.laeken.brussels\/wp-content\/uploads\/2021\/02\/cropped-plan_implantation_hop4-1024x614.png\" \/>\n<meta name=\"twitter:card\" content=\"summary_large_image\" \/>\n<meta name=\"twitter:label1\" content=\"Estimated reading time\">\n\t<meta name=\"twitter:data1\" content=\"2 minutes\">\n<script type=\"application\/ld+json\" class=\"yoast-schema-graph\">{\"@context\":\"https:\/\/schema.org\",\"@graph\":[{\"@type\":\"WebSite\",\"@id\":\"https:\/\/savedonderberg.laeken.brussels\/#website\",\"url\":\"https:\/\/savedonderberg.laeken.brussels\/\",\"name\":\"Save Donderberg - Laeken\",\"description\":\"Sauvons l&#039;espace vert du Donderberg \\u00e0 Laeken\",\"potentialAction\":[{\"@type\":\"SearchAction\",\"target\":\"https:\/\/savedonderberg.laeken.brussels\/?s={search_term_string}\",\"query-input\":\"required name=search_term_string\"}],\"inLanguage\":\"en-GB\"},{\"@type\":\"ImageObject\",\"@id\":\"https:\/\/savedonderberg.laeken.brussels\/index.php\/projet-actuel\/#primaryimage\",\"inLanguage\":\"en-GB\",\"url\":\"http:\/\/savedonderberg.laeken.brussels\/wp-content\/uploads\/2021\/02\/cropped-plan_implantation_hop4-1024x614.png\"},{\"@type\":\"WebPage\",\"@id\":\"https:\/\/savedonderberg.laeken.brussels\/index.php\/projet-actuel\/#webpage\",\"url\":\"https:\/\/savedonderberg.laeken.brussels\/index.php\/projet-actuel\/\",\"name\":\"Projet actuel : HOP5 (2022) - Save Donderberg - Laeken\",\"isPartOf\":{\"@id\":\"https:\/\/savedonderberg.laeken.brussels\/#website\"},\"primaryImageOfPage\":{\"@id\":\"https:\/\/savedonderberg.laeken.brussels\/index.php\/projet-actuel\/#primaryimage\"},\"datePublished\":\"2022-02-21T14:43:28+00:00\",\"dateModified\":\"2022-03-09T08:31:12+00:00\",\"inLanguage\":\"en-GB\",\"potentialAction\":[{\"@type\":\"ReadAction\",\"target\":[\"https:\/\/savedonderberg.laeken.brussels\/index.php\/projet-actuel\/\"]}]}]}<\/script>\n<!-- \/ Yoast SEO plugin. -->","_links":{"self":[{"href":"https:\/\/savedonderberg.laeken.brussels\/index.php\/wp-json\/wp\/v2\/pages\/1140"}],"collection":[{"href":"https:\/\/savedonderberg.laeken.brussels\/index.php\/wp-json\/wp\/v2\/pages"}],"about":[{"href":"https:\/\/savedonderberg.laeken.brussels\/index.php\/wp-json\/wp\/v2\/types\/page"}],"author":[{"embeddable":true,"href":"https:\/\/savedonderberg.laeken.brussels\/index.php\/wp-json\/wp\/v2\/users\/2"}],"replies":[{"embeddable":true,"href":"https:\/\/savedonderberg.laeken.brussels\/index.php\/wp-json\/wp\/v2\/comments?post=1140"}],"version-history":[{"count":7,"href":"https:\/\/savedonderberg.laeken.brussels\/index.php\/wp-json\/wp\/v2\/pages\/1140\/revisions"}],"predecessor-version":[{"id":1233,"href":"https:\/\/savedonderberg.laeken.brussels\/index.php\/wp-json\/wp\/v2\/pages\/1140\/revisions\/1233"}],"wp:attachment":[{"href":"https:\/\/savedonderberg.laeken.brussels\/index.php\/wp-json\/wp\/v2\/media?parent=1140"}],"curies":[{"name":"wp","href":"https:\/\/api.w.org\/{rel}","templated":true}]}}