{"id":111,"date":"2019-12-13T15:26:29","date_gmt":"2019-12-13T15:26:29","guid":{"rendered":"http:\/\/savedonderberg.laeken.brussels\/?page_id=111"},"modified":"2021-03-15T07:35:10","modified_gmt":"2021-03-15T07:35:10","slug":"risque-dinondation","status":"publish","type":"page","link":"https:\/\/savedonderberg.laeken.brussels\/index.php\/risque-dinondation\/","title":{"rendered":"Des inondations plus fr\u00e9quentes et plus intenses"},"content":{"rendered":"\n<p>Lors de la r\u00e9union de la Commission de concertation, les riverains ont mis en avant un \u00e9l\u00e9ment critique, non suffisamment pris en compte par les autorit\u00e9s :&nbsp; le risque accru d\u2019inondations pour le quartier.<\/p>\n\n\n\n<p>Le quartier, et notamment la rue des Horticulteurs, rue de Vri\u00e8re et rue des Chrysanth\u00e8mes est situ\u00e9 dans une zone au risque d\u2019inondation \u00e9lev\u00e9. Ce risque est li\u00e9 au fait que nous nous trouvons en fond de vall\u00e9e.  <\/p>\n\n\n\n<p>En cas de trop fortes pr\u00e9cipitations, les \u00e9gouts ne peuvent absorber les volumes d\u2019eau tomb\u00e9s, l\u2019eau d\u00e9borde et inonde rues, caves, garages et certains rez-de-chauss\u00e9e d&#8217;habitation ou de l&#8217;\u00e9cole primaire n\u00e9erlandophone. Ce qui arrivait exceptionnellement jusqu\u2019ici, s\u2019est produit 3 fois au courant de ces 10 derni\u00e8res ann\u00e9es. (Certains des riverains n&#8217;arrivent d&#8217;ailleurs plus \u00e0 se faire assurer contre les d\u00e9g\u00e2ts des eaux !)<\/p>\n\n\n\n<figure class=\"wp-block-image size-large\"><a href=\"https:\/\/www.rtl.be\/info\/video\/586717.aspx\" target=\"_blank\" rel=\"noreferrer noopener\"><img fetchpriority=\"high\" decoding=\"async\" width=\"1015\" height=\"576\" src=\"http:\/\/savedonderberg.laeken.brussels\/wp-content\/uploads\/2019\/12\/Screenshot_2019-12-13-Bruxelles-touch\u00e9e-par-les-inondations-Voici-la-rivi\u00e8re-Bockstael-.png\" alt=\"\" class=\"wp-image-119\" srcset=\"https:\/\/savedonderberg.laeken.brussels\/wp-content\/uploads\/2019\/12\/Screenshot_2019-12-13-Bruxelles-touch\u00e9e-par-les-inondations-Voici-la-rivi\u00e8re-Bockstael-.png 1015w, https:\/\/savedonderberg.laeken.brussels\/wp-content\/uploads\/2019\/12\/Screenshot_2019-12-13-Bruxelles-touch\u00e9e-par-les-inondations-Voici-la-rivi\u00e8re-Bockstael--300x170.png 300w, https:\/\/savedonderberg.laeken.brussels\/wp-content\/uploads\/2019\/12\/Screenshot_2019-12-13-Bruxelles-touch\u00e9e-par-les-inondations-Voici-la-rivi\u00e8re-Bockstael--768x436.png 768w\" sizes=\"(max-width: 1015px) 100vw, 1015px\" \/><\/a><figcaption>Inondations de l&#8217;\u00e9t\u00e9 2016<\/figcaption><\/figure>\n\n\n\n<p>Dans sa malchance, le quartier peut cependant compter sur le fait que le versant le plus proche, le mont Donderberg, en surplomb et d\u00e9clivit\u00e9, retient de par sa perm\u00e9abilit\u00e9 une partie des eaux pluviales. <\/p>\n\n\n\n<p>Il ne pourra cependant plus jouer ce r\u00f4le si le projet HOP venait \u00e0 \u00eatre construit.<\/p>\n\n\n\n<figure class=\"wp-block-image size-large\"><img decoding=\"async\" width=\"1024\" height=\"614\" src=\"http:\/\/savedonderberg.laeken.brussels\/wp-content\/uploads\/2021\/02\/cropped-plan_implantation_hop4-1024x614.png\" alt=\"\" class=\"wp-image-436\" srcset=\"https:\/\/savedonderberg.laeken.brussels\/wp-content\/uploads\/2021\/02\/cropped-plan_implantation_hop4-1024x614.png 1024w, https:\/\/savedonderberg.laeken.brussels\/wp-content\/uploads\/2021\/02\/cropped-plan_implantation_hop4-300x180.png 300w, https:\/\/savedonderberg.laeken.brussels\/wp-content\/uploads\/2021\/02\/cropped-plan_implantation_hop4-768x461.png 768w, https:\/\/savedonderberg.laeken.brussels\/wp-content\/uploads\/2021\/02\/cropped-plan_implantation_hop4-1536x922.png 1536w, https:\/\/savedonderberg.laeken.brussels\/wp-content\/uploads\/2021\/02\/cropped-plan_implantation_hop4.png 2000w\" sizes=\"(max-width: 1024px) 100vw, 1024px\" \/><\/figure>\n\n\n\n<p>En b\u00e9tonnant le mont Donderberg, l\u2019eau qui jusqu\u2019ici \u00e9tait retenue par le site, d\u00e9gringolera les surfaces imperm\u00e9ables. Le syst\u00e8me d&#8217;\u00e9vacuation de ces eaux pr\u00e9vu, ne fera que concentrer les eaux de pluies de l\u2019ensemble du terrain qui convergeront dans le r\u00e9seau d\u2019\u00e9gouttage de la rue des horticulteurs, d\u00e9j\u00e0 sursatur\u00e9.<\/p>\n\n\n\n<p>Les mesures compensatoires (toitures vertes, bassin de r\u00e9tention ou noues) ne seront d\u2019aucune utilit\u00e9 aux moments des pr\u00e9cipitations intenses ou justement les volumes surpassent de toute mani\u00e8re la capacit\u00e9 d\u2019absorption du r\u00e9seau d\u2019\u00e9gouttage.<\/p>\n\n\n\n<p>Tant qu\u2019il n\u2019y aura pas de solution structurelle, un projet de cette  ampleur ne fera qu\u2019empirer la situation. Selon le principe de pr\u00e9caution  une b\u00e9tonnisation additionnelle du quartier doit \u00eatre exclue.  <\/p>\n\n\n\n<p>Alors que le changement climatique nous annonce des pr\u00e9cipitations plus intenses et plus fr\u00e9quentes, il serait insens\u00e9 d\u2019augmenter le risque d\u2019inondation et d\u2019aggraver ses cons\u00e9quences. Au contraire, nos \u00e9lus devraient travailler \u00e0 rendre notre ville plus r\u00e9siliente.<\/p>\n\n\n\n<p><\/p>\n\n\n\n<p><em>Source cartographique: <a href=\"https:\/\/environnement.brussels\/thematiques\/eau\/leau-bruxelles\/eau-de-pluie-et-inondation\/cartes-inondations-pour-la-region\" target=\"_blank\" rel=\"noreferrer noopener\" aria-label=\"Bruxelles-Environnement (opens in a new tab)\">Bruxelles-Environnement<\/a><\/em><\/p>\n","protected":false},"excerpt":{"rendered":"<p>Lors de la r\u00e9union de la Commission de concertation, les riverains ont mis en avant un \u00e9l\u00e9ment critique, non suffisamment pris en compte par les autorit\u00e9s :&nbsp; le risque accru d\u2019inondations pour le quartier. Le quartier, et notamment la rue des Horticulteurs, rue de Vri\u00e8re et rue des Chrysanth\u00e8mes est situ\u00e9 dans une zone au &hellip; <\/p>\n<p class=\"link-more\"><a href=\"https:\/\/savedonderberg.laeken.brussels\/index.php\/risque-dinondation\/\" class=\"more-link\">Read more<span class=\"screen-reader-text\"> &#8220;Des inondations plus fr\u00e9quentes et plus intenses&#8221;<\/span><\/a><\/p>\n","protected":false},"author":4,"featured_media":123,"parent":0,"menu_order":0,"comment_status":"closed","ping_status":"closed","template":"","meta":{"footnotes":""},"yoast_head":"<!-- This site is optimized with the Yoast SEO plugin v15.7 - https:\/\/yoast.com\/wordpress\/plugins\/seo\/ -->\n<title>Des inondations plus fr\u00e9quentes et plus intenses - Save Donderberg - Laeken<\/title>\n<meta name=\"robots\" content=\"index, follow, max-snippet:-1, max-image-preview:large, max-video-preview:-1\" \/>\n<link rel=\"canonical\" href=\"https:\/\/savedonderberg.laeken.brussels\/index.php\/risque-dinondation\/\" \/>\n<meta property=\"og:locale\" content=\"en_GB\" \/>\n<meta property=\"og:type\" content=\"article\" \/>\n<meta property=\"og:title\" content=\"Des inondations plus fr\u00e9quentes et plus intenses - Save Donderberg - Laeken\" \/>\n<meta property=\"og:description\" content=\"Lors de la r\u00e9union de la Commission de concertation, les riverains ont mis en avant un \u00e9l\u00e9ment critique, non suffisamment pris en compte par les autorit\u00e9s :&nbsp; le risque accru d\u2019inondations pour le quartier. Le quartier, et notamment la rue des Horticulteurs, rue de Vri\u00e8re et rue des Chrysanth\u00e8mes est situ\u00e9 dans une zone au &hellip; Read more &quot;Des inondations plus fr\u00e9quentes et plus intenses&quot;\" \/>\n<meta property=\"og:url\" content=\"https:\/\/savedonderberg.laeken.brussels\/index.php\/risque-dinondation\/\" \/>\n<meta property=\"og:site_name\" content=\"Save Donderberg - Laeken\" \/>\n<meta property=\"article:modified_time\" content=\"2021-03-15T07:35:10+00:00\" \/>\n<meta property=\"og:image\" content=\"https:\/\/savedonderberg.laeken.brussels\/wp-content\/uploads\/2019\/12\/inondations169.png\" \/>\n\t<meta property=\"og:image:width\" content=\"1187\" \/>\n\t<meta property=\"og:image:height\" content=\"479\" \/>\n<meta name=\"twitter:card\" content=\"summary_large_image\" \/>\n<meta name=\"twitter:label1\" content=\"Estimated reading time\">\n\t<meta name=\"twitter:data1\" content=\"2 minutes\">\n<script type=\"application\/ld+json\" class=\"yoast-schema-graph\">{\"@context\":\"https:\/\/schema.org\",\"@graph\":[{\"@type\":\"WebSite\",\"@id\":\"https:\/\/savedonderberg.laeken.brussels\/#website\",\"url\":\"https:\/\/savedonderberg.laeken.brussels\/\",\"name\":\"Save Donderberg - Laeken\",\"description\":\"Sauvons l&#039;espace vert du Donderberg \\u00e0 Laeken\",\"potentialAction\":[{\"@type\":\"SearchAction\",\"target\":\"https:\/\/savedonderberg.laeken.brussels\/?s={search_term_string}\",\"query-input\":\"required name=search_term_string\"}],\"inLanguage\":\"en-GB\"},{\"@type\":\"ImageObject\",\"@id\":\"https:\/\/savedonderberg.laeken.brussels\/index.php\/risque-dinondation\/#primaryimage\",\"inLanguage\":\"en-GB\",\"url\":\"https:\/\/savedonderberg.laeken.brussels\/wp-content\/uploads\/2019\/12\/inondations169.png\",\"width\":1187,\"height\":479,\"caption\":\"Zones inondables (source: Bruxelles-Environnement)\"},{\"@type\":\"WebPage\",\"@id\":\"https:\/\/savedonderberg.laeken.brussels\/index.php\/risque-dinondation\/#webpage\",\"url\":\"https:\/\/savedonderberg.laeken.brussels\/index.php\/risque-dinondation\/\",\"name\":\"Des inondations plus fr\\u00e9quentes et plus intenses - Save Donderberg - Laeken\",\"isPartOf\":{\"@id\":\"https:\/\/savedonderberg.laeken.brussels\/#website\"},\"primaryImageOfPage\":{\"@id\":\"https:\/\/savedonderberg.laeken.brussels\/index.php\/risque-dinondation\/#primaryimage\"},\"datePublished\":\"2019-12-13T15:26:29+00:00\",\"dateModified\":\"2021-03-15T07:35:10+00:00\",\"inLanguage\":\"en-GB\",\"potentialAction\":[{\"@type\":\"ReadAction\",\"target\":[\"https:\/\/savedonderberg.laeken.brussels\/index.php\/risque-dinondation\/\"]}]}]}<\/script>\n<!-- \/ Yoast SEO plugin. -->","_links":{"self":[{"href":"https:\/\/savedonderberg.laeken.brussels\/index.php\/wp-json\/wp\/v2\/pages\/111"}],"collection":[{"href":"https:\/\/savedonderberg.laeken.brussels\/index.php\/wp-json\/wp\/v2\/pages"}],"about":[{"href":"https:\/\/savedonderberg.laeken.brussels\/index.php\/wp-json\/wp\/v2\/types\/page"}],"author":[{"embeddable":true,"href":"https:\/\/savedonderberg.laeken.brussels\/index.php\/wp-json\/wp\/v2\/users\/4"}],"replies":[{"embeddable":true,"href":"https:\/\/savedonderberg.laeken.brussels\/index.php\/wp-json\/wp\/v2\/comments?post=111"}],"version-history":[{"count":16,"href":"https:\/\/savedonderberg.laeken.brussels\/index.php\/wp-json\/wp\/v2\/pages\/111\/revisions"}],"predecessor-version":[{"id":811,"href":"https:\/\/savedonderberg.laeken.brussels\/index.php\/wp-json\/wp\/v2\/pages\/111\/revisions\/811"}],"wp:featuredmedia":[{"embeddable":true,"href":"https:\/\/savedonderberg.laeken.brussels\/index.php\/wp-json\/wp\/v2\/media\/123"}],"wp:attachment":[{"href":"https:\/\/savedonderberg.laeken.brussels\/index.php\/wp-json\/wp\/v2\/media?parent=111"}],"curies":[{"name":"wp","href":"https:\/\/api.w.org\/{rel}","templated":true}]}}