{"id":10,"date":"2019-12-06T21:51:10","date_gmt":"2019-12-06T21:51:10","guid":{"rendered":"http:\/\/savedonderberg.laeken.brussels\/?page_id=10"},"modified":"2021-02-06T15:20:26","modified_gmt":"2021-02-06T15:20:26","slug":"le-projet-immobilier","status":"publish","type":"page","link":"https:\/\/savedonderberg.laeken.brussels\/index.php\/le-projet-immobilier\/","title":{"rendered":"Le projet immobilier HOP3 (2019)"},"content":{"rendered":"\n<p><strong><em>Update 2020 : c<\/em><\/strong><em><strong>ette page d\u00e9crit une version ancienne du projet. Les logements ne seront plus au milieu du site mais le long de la rue des Horticulteurs. Nous pr\u00e9senterons le nouveau projet (HOP4)  lorsque nous en aurons pris connaissance.<\/strong><\/em><\/p>\n\n\n\n<p><\/p>\n\n\n\n<figure class=\"wp-block-image size-large\"><img fetchpriority=\"high\" decoding=\"async\" width=\"1024\" height=\"648\" src=\"http:\/\/savedonderberg.laeken.brussels\/wp-content\/uploads\/2019\/12\/75279162_10162521421395156_1118928268683116544_o-1024x648.jpg\" alt=\"\" class=\"wp-image-48\" srcset=\"https:\/\/savedonderberg.laeken.brussels\/wp-content\/uploads\/2019\/12\/75279162_10162521421395156_1118928268683116544_o-1024x648.jpg 1024w, https:\/\/savedonderberg.laeken.brussels\/wp-content\/uploads\/2019\/12\/75279162_10162521421395156_1118928268683116544_o-300x190.jpg 300w, https:\/\/savedonderberg.laeken.brussels\/wp-content\/uploads\/2019\/12\/75279162_10162521421395156_1118928268683116544_o-768x486.jpg 768w, https:\/\/savedonderberg.laeken.brussels\/wp-content\/uploads\/2019\/12\/75279162_10162521421395156_1118928268683116544_o.jpg 1347w\" sizes=\"(max-width: 1024px) 100vw, 1024px\" \/><\/figure>\n\n\n\n<p>Depuis 2013, la R\u00e9gie Fonci\u00e8re de la Ville de Bruxelles, pouss\u00e9e dans le dos par le promoteur Delens, veut y \u00e9riger un projet hors-norme: des immeubles \u00e0 appartements (50 logements), un \u00e9tablissement scolaire mammouth pour 670 \u00e9l\u00e8ves, un hall sportif semi-enterr\u00e9 (qui accueillera sur son toit une des cours de r\u00e9cr\u00e9ation (sic)) et 130 places de parking. 14.000 m\u00b2 de surface b\u00e9tonn\u00e9e sur un site naturel et \u00e0 valeur historique.<\/p>\n\n\n\n<p>Un projet \u00e0 l'&#8221;ancienne&#8221;.  Un projet qui pr\u00e9voir de faire rentrer le trafic en int\u00e9rieur d\u2019\u00eelot et ne pr\u00e9voit pas de piste cyclable s\u00e9par\u00e9e.  Un projet tr\u00e8s dense  (ci-dessous la partie construite, et la partie imperm\u00e9abilis\u00e9e  soit 80%)<\/p>\n\n\n\n<figure class=\"wp-block-image size-large\"><img decoding=\"async\" width=\"1024\" height=\"454\" src=\"http:\/\/savedonderberg.laeken.brussels\/wp-content\/uploads\/2019\/12\/74607748_10162519121525156_9062100756533870592_o-1024x454.jpg\" alt=\"\" class=\"wp-image-23\" srcset=\"https:\/\/savedonderberg.laeken.brussels\/wp-content\/uploads\/2019\/12\/74607748_10162519121525156_9062100756533870592_o-1024x454.jpg 1024w, https:\/\/savedonderberg.laeken.brussels\/wp-content\/uploads\/2019\/12\/74607748_10162519121525156_9062100756533870592_o-300x133.jpg 300w, https:\/\/savedonderberg.laeken.brussels\/wp-content\/uploads\/2019\/12\/74607748_10162519121525156_9062100756533870592_o-768x340.jpg 768w, https:\/\/savedonderberg.laeken.brussels\/wp-content\/uploads\/2019\/12\/74607748_10162519121525156_9062100756533870592_o.jpg 1128w\" sizes=\"(max-width: 1024px) 100vw, 1024px\" \/><\/figure>\n\n\n\n<p>Tr\u00e8s peu d&#8217;arbres subsisteront (en vert et bleu les arbres conserv\u00e9s, en gris les arbres \u00e0 planter).<\/p>\n\n\n\n<figure class=\"wp-block-image size-large\"><img decoding=\"async\" width=\"1024\" height=\"768\" src=\"http:\/\/savedonderberg.laeken.brussels\/wp-content\/uploads\/2019\/12\/Capture-du-2019-12-08-08-21-23-1024x768.png\" alt=\"\" class=\"wp-image-60\" srcset=\"https:\/\/savedonderberg.laeken.brussels\/wp-content\/uploads\/2019\/12\/Capture-du-2019-12-08-08-21-23-1024x768.png 1024w, https:\/\/savedonderberg.laeken.brussels\/wp-content\/uploads\/2019\/12\/Capture-du-2019-12-08-08-21-23-300x225.png 300w, https:\/\/savedonderberg.laeken.brussels\/wp-content\/uploads\/2019\/12\/Capture-du-2019-12-08-08-21-23-768x576.png 768w, https:\/\/savedonderberg.laeken.brussels\/wp-content\/uploads\/2019\/12\/Capture-du-2019-12-08-08-21-23.png 1133w\" sizes=\"(max-width: 1024px) 100vw, 1024px\" \/><\/figure>\n","protected":false},"excerpt":{"rendered":"<p>Update 2020 : cette page d\u00e9crit une version ancienne du projet. Les logements ne seront plus au milieu du site mais le long de la rue des Horticulteurs. Nous pr\u00e9senterons le nouveau projet (HOP4) lorsque nous en aurons pris connaissance. Depuis 2013, la R\u00e9gie Fonci\u00e8re de la Ville de Bruxelles, pouss\u00e9e dans le dos par &hellip; <\/p>\n<p class=\"link-more\"><a href=\"https:\/\/savedonderberg.laeken.brussels\/index.php\/le-projet-immobilier\/\" class=\"more-link\">Read more<span class=\"screen-reader-text\"> &#8220;Le projet immobilier HOP3 (2019)&#8221;<\/span><\/a><\/p>\n","protected":false},"author":1,"featured_media":23,"parent":0,"menu_order":0,"comment_status":"closed","ping_status":"closed","template":"","meta":{"footnotes":""},"yoast_head":"<!-- This site is optimized with the Yoast SEO plugin v15.7 - https:\/\/yoast.com\/wordpress\/plugins\/seo\/ -->\n<title>Le projet immobilier HOP3 (2019) - Save Donderberg - Laeken<\/title>\n<meta name=\"robots\" content=\"index, follow, max-snippet:-1, max-image-preview:large, max-video-preview:-1\" \/>\n<link rel=\"canonical\" href=\"https:\/\/savedonderberg.laeken.brussels\/index.php\/le-projet-immobilier\/\" \/>\n<meta property=\"og:locale\" content=\"en_GB\" \/>\n<meta property=\"og:type\" content=\"article\" \/>\n<meta property=\"og:title\" content=\"Le projet immobilier HOP3 (2019) - Save Donderberg - Laeken\" \/>\n<meta property=\"og:description\" content=\"Update 2020 : cette page d\u00e9crit une version ancienne du projet. Les logements ne seront plus au milieu du site mais le long de la rue des Horticulteurs. Nous pr\u00e9senterons le nouveau projet (HOP4) lorsque nous en aurons pris connaissance. Depuis 2013, la R\u00e9gie Fonci\u00e8re de la Ville de Bruxelles, pouss\u00e9e dans le dos par &hellip; Read more &quot;Le projet immobilier HOP3 (2019)&quot;\" \/>\n<meta property=\"og:url\" content=\"https:\/\/savedonderberg.laeken.brussels\/index.php\/le-projet-immobilier\/\" \/>\n<meta property=\"og:site_name\" content=\"Save Donderberg - Laeken\" \/>\n<meta property=\"article:modified_time\" content=\"2021-02-06T15:20:26+00:00\" \/>\n<meta property=\"og:image\" content=\"https:\/\/savedonderberg.laeken.brussels\/wp-content\/uploads\/2019\/12\/74607748_10162519121525156_9062100756533870592_o.jpg\" \/>\n\t<meta property=\"og:image:width\" content=\"1128\" \/>\n\t<meta property=\"og:image:height\" content=\"500\" \/>\n<meta name=\"twitter:card\" content=\"summary_large_image\" \/>\n<meta name=\"twitter:label1\" content=\"Estimated reading time\">\n\t<meta name=\"twitter:data1\" content=\"2 minutes\">\n<script type=\"application\/ld+json\" class=\"yoast-schema-graph\">{\"@context\":\"https:\/\/schema.org\",\"@graph\":[{\"@type\":\"WebSite\",\"@id\":\"https:\/\/savedonderberg.laeken.brussels\/#website\",\"url\":\"https:\/\/savedonderberg.laeken.brussels\/\",\"name\":\"Save Donderberg - Laeken\",\"description\":\"Sauvons l&#039;espace vert du Donderberg \\u00e0 Laeken\",\"potentialAction\":[{\"@type\":\"SearchAction\",\"target\":\"https:\/\/savedonderberg.laeken.brussels\/?s={search_term_string}\",\"query-input\":\"required name=search_term_string\"}],\"inLanguage\":\"en-GB\"},{\"@type\":\"ImageObject\",\"@id\":\"https:\/\/savedonderberg.laeken.brussels\/index.php\/le-projet-immobilier\/#primaryimage\",\"inLanguage\":\"en-GB\",\"url\":\"https:\/\/savedonderberg.laeken.brussels\/wp-content\/uploads\/2019\/12\/74607748_10162519121525156_9062100756533870592_o.jpg\",\"width\":1128,\"height\":500},{\"@type\":\"WebPage\",\"@id\":\"https:\/\/savedonderberg.laeken.brussels\/index.php\/le-projet-immobilier\/#webpage\",\"url\":\"https:\/\/savedonderberg.laeken.brussels\/index.php\/le-projet-immobilier\/\",\"name\":\"Le projet immobilier HOP3 (2019) - Save Donderberg - Laeken\",\"isPartOf\":{\"@id\":\"https:\/\/savedonderberg.laeken.brussels\/#website\"},\"primaryImageOfPage\":{\"@id\":\"https:\/\/savedonderberg.laeken.brussels\/index.php\/le-projet-immobilier\/#primaryimage\"},\"datePublished\":\"2019-12-06T21:51:10+00:00\",\"dateModified\":\"2021-02-06T15:20:26+00:00\",\"inLanguage\":\"en-GB\",\"potentialAction\":[{\"@type\":\"ReadAction\",\"target\":[\"https:\/\/savedonderberg.laeken.brussels\/index.php\/le-projet-immobilier\/\"]}]}]}<\/script>\n<!-- \/ Yoast SEO plugin. -->","_links":{"self":[{"href":"https:\/\/savedonderberg.laeken.brussels\/index.php\/wp-json\/wp\/v2\/pages\/10"}],"collection":[{"href":"https:\/\/savedonderberg.laeken.brussels\/index.php\/wp-json\/wp\/v2\/pages"}],"about":[{"href":"https:\/\/savedonderberg.laeken.brussels\/index.php\/wp-json\/wp\/v2\/types\/page"}],"author":[{"embeddable":true,"href":"https:\/\/savedonderberg.laeken.brussels\/index.php\/wp-json\/wp\/v2\/users\/1"}],"replies":[{"embeddable":true,"href":"https:\/\/savedonderberg.laeken.brussels\/index.php\/wp-json\/wp\/v2\/comments?post=10"}],"version-history":[{"count":14,"href":"https:\/\/savedonderberg.laeken.brussels\/index.php\/wp-json\/wp\/v2\/pages\/10\/revisions"}],"predecessor-version":[{"id":448,"href":"https:\/\/savedonderberg.laeken.brussels\/index.php\/wp-json\/wp\/v2\/pages\/10\/revisions\/448"}],"wp:featuredmedia":[{"embeddable":true,"href":"https:\/\/savedonderberg.laeken.brussels\/index.php\/wp-json\/wp\/v2\/media\/23"}],"wp:attachment":[{"href":"https:\/\/savedonderberg.laeken.brussels\/index.php\/wp-json\/wp\/v2\/media?parent=10"}],"curies":[{"name":"wp","href":"https:\/\/api.w.org\/{rel}","templated":true}]}}